{"id":702235,"date":"2025-08-27T15:14:43","date_gmt":"2025-08-27T12:14:43","guid":{"rendered":"https:\/\/roveyayinevi.com.tr\/index.php\/urun\/fourier-analizi\/"},"modified":"2026-04-16T02:11:25","modified_gmt":"2026-04-15T23:11:25","slug":"fourier-analizi","status":"publish","type":"product","link":"https:\/\/roveyayinevi.com.tr\/index.php\/urun\/fourier-analizi\/","title":{"rendered":"Fourier Analizi"},"content":{"rendered":"<p>Fourier Analizi, ba\u015fta Matematik olmak \u00fczere Fizik, Kimya, Astronomi ve M\u00fchendislik Bilimlerinde olduk\u00e7a geni\u015f bir kullan\u0131m alan\u0131na sahiptir. Sal\u0131n\u0131m ve titre\u015fim hareketleri gibi periyodik olaylar\u0131 incelemek i\u00e7in kullan\u0131lan periyodik fonksiyonlar Fourier serileri ile ifade edilmektedir.Bu kitapta \u00f6nce bir ve iki de\u011fi\u015fkenli periyodik fonksiyonlar ve onlar\u0131n Fourier serileri matematiksel olarak de\u011fi\u015fik y\u00f6nleriyle incelenmektedir. Bu inceleme esnas\u0131nda, \u00e7\u00f6z\u00fclm\u00fc\u015f olan \u00f6rnek problemler yard\u0131m\u0131yla da periyodik e\u011friler ve periyodik y\u00fczeyler tan\u0131t\u0131lmaktad\u0131r. Ayr\u0131ca fonksiyon serilerinin serisel \u00f6zellikleri dikkate al\u0131narak Fourier serilerinin t\u00fcrevi ve integrali gibi de\u011fi\u015fik baz\u0131 \u00f6zellikleri de incelenmektedir. <\/p>\n","protected":false},"excerpt":{"rendered":"<p>Fourier Analizi, ba\u015fta Matematik olmak \u00fczere Fizik, Kimya, Astronomi ve M\u00fchendislik Bilimlerinde olduk\u00e7a geni\u015f bir kullan\u0131m alan\u0131na sahiptir. Sal\u0131n\u0131m ve titre\u015fim hareketleri gibi periyodik olaylar\u0131 incelemek<span class=\"excerpt-hellip\"> [\u2026]<\/span><\/p>\n","protected":false},"featured_media":0,"template":"","meta":{"_monsterinsights_skip_tracking":false,"_monsterinsights_sitenote_active":false,"_monsterinsights_sitenote_note":"","_monsterinsights_sitenote_category":0},"product_brand":[],"product_cat":[12573,12566],"product_tag":[],"class_list":{"0":"post-702235","1":"product","2":"type-product","3":"status-publish","5":"product_cat-akademik-kitaplar","6":"product_cat-egitim","7":"pa_cilt-ciltsiz","8":"pa_tur-kitap","9":"pa_yayinevi-gazi-kitabevi","10":"pa_yazar-abdullah-altin","12":"first","13":"instock","14":"sale","15":"shipping-taxable","16":"purchasable","17":"product-type-simple"},"_links":{"self":[{"href":"https:\/\/roveyayinevi.com.tr\/index.php\/wp-json\/wp\/v2\/product\/702235","targetHints":{"allow":["GET"]}}],"collection":[{"href":"https:\/\/roveyayinevi.com.tr\/index.php\/wp-json\/wp\/v2\/product"}],"about":[{"href":"https:\/\/roveyayinevi.com.tr\/index.php\/wp-json\/wp\/v2\/types\/product"}],"wp:attachment":[{"href":"https:\/\/roveyayinevi.com.tr\/index.php\/wp-json\/wp\/v2\/media?parent=702235"}],"wp:term":[{"taxonomy":"product_brand","embeddable":true,"href":"https:\/\/roveyayinevi.com.tr\/index.php\/wp-json\/wp\/v2\/product_brand?post=702235"},{"taxonomy":"product_cat","embeddable":true,"href":"https:\/\/roveyayinevi.com.tr\/index.php\/wp-json\/wp\/v2\/product_cat?post=702235"},{"taxonomy":"product_tag","embeddable":true,"href":"https:\/\/roveyayinevi.com.tr\/index.php\/wp-json\/wp\/v2\/product_tag?post=702235"}],"curies":[{"name":"wp","href":"https:\/\/api.w.org\/{rel}","templated":true}]}}