{"id":702230,"date":"2025-08-27T15:14:42","date_gmt":"2025-08-27T12:14:42","guid":{"rendered":"https:\/\/roveyayinevi.com.tr\/index.php\/urun\/almanyada-tip-ve-uzmanlik-egitimi\/"},"modified":"2026-04-16T02:11:25","modified_gmt":"2026-04-15T23:11:25","slug":"almanyada-tip-ve-uzmanlik-egitimi","status":"publish","type":"product","link":"https:\/\/roveyayinevi.com.tr\/index.php\/urun\/almanyada-tip-ve-uzmanlik-egitimi\/","title":{"rendered":"Almanya\u2019da T\u0131p ve Uzmanl\u0131k E\u011fitimi"},"content":{"rendered":"<p>Bu kitapta Almanya&#8217;da t\u0131p doktoru olarak \u00e7al\u0131\u015fabilmek i\u00e7in hangi yasalara uyulmas\u0131 gerekti\u011fini, t\u0131pta uzmanl\u0131k e\u011fitimi veren hastanelere nas\u0131l ba\u015fvurulaca\u011f\u0131n\u0131, \u00e7al\u0131\u015fma izninin nas\u0131l al\u0131naca\u011f\u0131n\u0131, denklik s\u0131nav\u0131nda nas\u0131l ba\u015far\u0131l\u0131 olunaca\u011f\u0131n\u0131 da i\u00e7eren bir\u00e7ok soruya cevap bulacaks\u0131n\u0131z. <\/p>\n","protected":false},"excerpt":{"rendered":"<p>Bu kitapta Almanya&#8217;da t\u0131p doktoru olarak \u00e7al\u0131\u015fabilmek i\u00e7in hangi yasalara uyulmas\u0131 gerekti\u011fini, t\u0131pta uzmanl\u0131k e\u011fitimi veren hastanelere nas\u0131l ba\u015fvurulaca\u011f\u0131n\u0131, \u00e7al\u0131\u015fma izninin nas\u0131l al\u0131naca\u011f\u0131n\u0131, denklik s\u0131nav\u0131nda nas\u0131l<span class=\"excerpt-hellip\"> [\u2026]<\/span><\/p>\n","protected":false},"featured_media":0,"template":"","meta":{"_monsterinsights_skip_tracking":false,"_monsterinsights_sitenote_active":false,"_monsterinsights_sitenote_note":"","_monsterinsights_sitenote_category":0},"product_brand":[],"product_cat":[12573,12566],"product_tag":[],"class_list":{"0":"post-702230","1":"product","2":"type-product","3":"status-publish","5":"product_cat-akademik-kitaplar","6":"product_cat-egitim","7":"pa_cilt-ciltsiz","8":"pa_tur-kitap","9":"pa_yayinevi-gazi-kitabevi","10":"pa_yazar-mehmet-eren-yuksel","12":"first","13":"instock","14":"sale","15":"shipping-taxable","16":"purchasable","17":"product-type-simple"},"_links":{"self":[{"href":"https:\/\/roveyayinevi.com.tr\/index.php\/wp-json\/wp\/v2\/product\/702230","targetHints":{"allow":["GET"]}}],"collection":[{"href":"https:\/\/roveyayinevi.com.tr\/index.php\/wp-json\/wp\/v2\/product"}],"about":[{"href":"https:\/\/roveyayinevi.com.tr\/index.php\/wp-json\/wp\/v2\/types\/product"}],"wp:attachment":[{"href":"https:\/\/roveyayinevi.com.tr\/index.php\/wp-json\/wp\/v2\/media?parent=702230"}],"wp:term":[{"taxonomy":"product_brand","embeddable":true,"href":"https:\/\/roveyayinevi.com.tr\/index.php\/wp-json\/wp\/v2\/product_brand?post=702230"},{"taxonomy":"product_cat","embeddable":true,"href":"https:\/\/roveyayinevi.com.tr\/index.php\/wp-json\/wp\/v2\/product_cat?post=702230"},{"taxonomy":"product_tag","embeddable":true,"href":"https:\/\/roveyayinevi.com.tr\/index.php\/wp-json\/wp\/v2\/product_tag?post=702230"}],"curies":[{"name":"wp","href":"https:\/\/api.w.org\/{rel}","templated":true}]}}