{"id":702228,"date":"2025-08-27T15:14:41","date_gmt":"2025-08-27T12:14:41","guid":{"rendered":"https:\/\/roveyayinevi.com.tr\/index.php\/urun\/anlamdan-gelenege-kimlikten-ozgurluge\/"},"modified":"2026-04-13T02:13:53","modified_gmt":"2026-04-12T23:13:53","slug":"anlamdan-gelenege-kimlikten-ozgurluge","status":"publish","type":"product","link":"https:\/\/roveyayinevi.com.tr\/index.php\/urun\/anlamdan-gelenege-kimlikten-ozgurluge\/","title":{"rendered":"Anlamdan Gelene\u011fe, Kimlikten \u00d6zg\u00fcrl\u00fc\u011fe"},"content":{"rendered":"<p>Bu kitapta yazar\u0131n son y\u0131llarda Bayku\u015f Felsefe Yaz\u0131lar\u0131 Dergisi, Yeditepe Felsefe, Evrensel K\u00fclt\u00fcr dergilerinde yay\u0131mlanm\u0131\u015f yaz\u0131lar\u0131 ile sempozyumlarda, kongrelerde sunmu\u015f oldu\u011fu bildiriler, vermi\u015f oldu\u011fu konferanslar\u0131n metinleri, birka\u00e7 ba\u011f\u0131ms\u0131z yaz\u0131s\u0131 ve bir ansiklopedide yay\u0131mlanm\u0131\u015f olan filozof portreleri yer almaktad\u0131r. Kitap, yazar\u0131n Kavramlar ve Tarihleri ad\u0131yla yay\u0131mlanmakta olan kitap dizisinin \u00fc\u00e7\u00fcnc\u00fcs\u00fc olarak sunuluyor. <\/p>\n","protected":false},"excerpt":{"rendered":"<p>Bu kitapta yazar\u0131n son y\u0131llarda Bayku\u015f Felsefe Yaz\u0131lar\u0131 Dergisi, Yeditepe Felsefe, Evrensel K\u00fclt\u00fcr dergilerinde yay\u0131mlanm\u0131\u015f yaz\u0131lar\u0131 ile sempozyumlarda, kongrelerde sunmu\u015f oldu\u011fu bildiriler, vermi\u015f oldu\u011fu konferanslar\u0131n metinleri,<span class=\"excerpt-hellip\"> [\u2026]<\/span><\/p>\n","protected":false},"featured_media":0,"template":"","meta":{"_monsterinsights_skip_tracking":false,"_monsterinsights_sitenote_active":false,"_monsterinsights_sitenote_note":"","_monsterinsights_sitenote_category":0},"product_brand":[],"product_cat":[12389,12388],"product_tag":[],"class_list":{"0":"post-702228","1":"product","2":"type-product","3":"status-publish","5":"product_cat-diger-felsefe","6":"product_cat-felsefe","7":"pa_cilt-ciltsiz","8":"pa_tur-kitap","9":"pa_yayinevi-inkilap-kitabevi","10":"pa_yazar-dogan-ozlem","12":"first","13":"instock","14":"sale","15":"shipping-taxable","16":"purchasable","17":"product-type-simple"},"_links":{"self":[{"href":"https:\/\/roveyayinevi.com.tr\/index.php\/wp-json\/wp\/v2\/product\/702228","targetHints":{"allow":["GET"]}}],"collection":[{"href":"https:\/\/roveyayinevi.com.tr\/index.php\/wp-json\/wp\/v2\/product"}],"about":[{"href":"https:\/\/roveyayinevi.com.tr\/index.php\/wp-json\/wp\/v2\/types\/product"}],"wp:attachment":[{"href":"https:\/\/roveyayinevi.com.tr\/index.php\/wp-json\/wp\/v2\/media?parent=702228"}],"wp:term":[{"taxonomy":"product_brand","embeddable":true,"href":"https:\/\/roveyayinevi.com.tr\/index.php\/wp-json\/wp\/v2\/product_brand?post=702228"},{"taxonomy":"product_cat","embeddable":true,"href":"https:\/\/roveyayinevi.com.tr\/index.php\/wp-json\/wp\/v2\/product_cat?post=702228"},{"taxonomy":"product_tag","embeddable":true,"href":"https:\/\/roveyayinevi.com.tr\/index.php\/wp-json\/wp\/v2\/product_tag?post=702228"}],"curies":[{"name":"wp","href":"https:\/\/api.w.org\/{rel}","templated":true}]}}