{"id":702223,"date":"2025-08-27T15:14:39","date_gmt":"2025-08-27T12:14:39","guid":{"rendered":"https:\/\/roveyayinevi.com.tr\/index.php\/urun\/gen-genetik-degisim-ve-hastaliklar\/"},"modified":"2026-04-16T02:11:24","modified_gmt":"2026-04-15T23:11:24","slug":"gen-genetik-degisim-ve-hastaliklar","status":"publish","type":"product","link":"https:\/\/roveyayinevi.com.tr\/index.php\/urun\/gen-genetik-degisim-ve-hastaliklar\/","title":{"rendered":"Gen &#8211; Genetik De\u011fi\u015fim ve Hastal\u0131klar"},"content":{"rendered":"<p>Genetik nedenli hastal\u0131klar\u0131n \u00e7o\u011fu, g\u00fcn\u00fcm\u00fczde hen\u00fcz tedavi olanaklar\u0131 fazla olmad\u0131\u011f\u0131 i\u00e7in genomdaki genetik kusuru ve organizmadaki fenotipik yans\u0131mas\u0131yla birlikte ya\u015fanmas\u0131 gereken, ancak erken tan\u0131s\u0131 ve yak\u0131n gelecekte tedavisi yap\u0131labilecek hastal\u0131klardand\u0131r. Bu kitab\u0131 sizlere sunma amac\u0131m,uzun s\u00fcreli bir e\u011fitim d\u00f6neminde edinmi\u015f oldu\u011fum ve halen edinmeye devam etti\u011fim Molek\u00fcler Biyoloji ve Genetik konular\u0131 ve olaylar\u0131yla ilgili g\u00fcncel bilgileri, sorunlar\u0131 sizlere sunmak,sizlerle payla\u015fmak ve tart\u0131\u015fmakt\u0131r. \ufffcTan\u0131t\u0131m Metni<\/p>\n","protected":false},"excerpt":{"rendered":"<p>Genetik nedenli hastal\u0131klar\u0131n \u00e7o\u011fu, g\u00fcn\u00fcm\u00fczde hen\u00fcz tedavi olanaklar\u0131 fazla olmad\u0131\u011f\u0131 i\u00e7in genomdaki genetik kusuru ve organizmadaki fenotipik yans\u0131mas\u0131yla birlikte ya\u015fanmas\u0131 gereken, ancak erken tan\u0131s\u0131 ve yak\u0131n<span class=\"excerpt-hellip\"> [\u2026]<\/span><\/p>\n","protected":false},"featured_media":0,"template":"","meta":{"_monsterinsights_skip_tracking":false,"_monsterinsights_sitenote_active":false,"_monsterinsights_sitenote_note":"","_monsterinsights_sitenote_category":0},"product_brand":[],"product_cat":[12573,12566],"product_tag":[],"class_list":{"0":"post-702223","1":"product","2":"type-product","3":"status-publish","5":"product_cat-akademik-kitaplar","6":"product_cat-egitim","7":"pa_cilt-ciltsiz","8":"pa_tur-kitap","9":"pa_yayinevi-gazi-kitabevi","10":"pa_yazar-abdullah-ekmekci","12":"first","13":"instock","14":"sale","15":"shipping-taxable","16":"purchasable","17":"product-type-simple"},"_links":{"self":[{"href":"https:\/\/roveyayinevi.com.tr\/index.php\/wp-json\/wp\/v2\/product\/702223","targetHints":{"allow":["GET"]}}],"collection":[{"href":"https:\/\/roveyayinevi.com.tr\/index.php\/wp-json\/wp\/v2\/product"}],"about":[{"href":"https:\/\/roveyayinevi.com.tr\/index.php\/wp-json\/wp\/v2\/types\/product"}],"wp:attachment":[{"href":"https:\/\/roveyayinevi.com.tr\/index.php\/wp-json\/wp\/v2\/media?parent=702223"}],"wp:term":[{"taxonomy":"product_brand","embeddable":true,"href":"https:\/\/roveyayinevi.com.tr\/index.php\/wp-json\/wp\/v2\/product_brand?post=702223"},{"taxonomy":"product_cat","embeddable":true,"href":"https:\/\/roveyayinevi.com.tr\/index.php\/wp-json\/wp\/v2\/product_cat?post=702223"},{"taxonomy":"product_tag","embeddable":true,"href":"https:\/\/roveyayinevi.com.tr\/index.php\/wp-json\/wp\/v2\/product_tag?post=702223"}],"curies":[{"name":"wp","href":"https:\/\/api.w.org\/{rel}","templated":true}]}}