{"id":702220,"date":"2025-08-27T15:14:38","date_gmt":"2025-08-27T12:14:38","guid":{"rendered":"https:\/\/roveyayinevi.com.tr\/index.php\/urun\/anayasa-hukuku-sorulari\/"},"modified":"2026-04-16T02:11:24","modified_gmt":"2026-04-15T23:11:24","slug":"anayasa-hukuku-sorulari","status":"publish","type":"product","link":"https:\/\/roveyayinevi.com.tr\/index.php\/urun\/anayasa-hukuku-sorulari\/","title":{"rendered":"Anayasa Hukuku Sorular\u0131"},"content":{"rendered":"<p>Anayasa hukuku bilgilerimin test edildi\u011fi her t\u00fcr s\u0131nava y\u00f6nelik (KPSS, Kaymakaml\u0131k, \u0130dari ve Adli yarg\u0131 h\u00e2kimli\u011fi, Say\u0131\u015ftay, Ziraat Bankas\u0131, Halk Bankas\u0131, Merkez Bankas\u0131 uzman yard\u0131mc\u0131l\u0131klar\u0131, Vergi denetmenli\u011fi, Ba\u015fbakanl\u0131k uzman yard\u0131mc\u0131l\u0131\u011f\u0131, m\u00fcfetti\u015f yard\u0131mc\u0131l\u0131\u011f\u0131, vize, final gibi) daha \u00f6nce \u00e7\u0131km\u0131\u015f sorulan da g\u00f6z \u00f6n\u00fcnde bulundurarak, \u00f6rnek sorular \u015feklinde haz\u0131rlanan bu soru kitab\u0131yla, \u00f6\u011frencilere ve kariyer s\u0131navlar\u0131na haz\u0131rlanmakta olan mezunlara katk\u0131da bulunmak ama\u00e7lanmaktad\u0131r. <\/p>\n","protected":false},"excerpt":{"rendered":"<p>Anayasa hukuku bilgilerimin test edildi\u011fi her t\u00fcr s\u0131nava y\u00f6nelik (KPSS, Kaymakaml\u0131k, \u0130dari ve Adli yarg\u0131 h\u00e2kimli\u011fi, Say\u0131\u015ftay, Ziraat Bankas\u0131, Halk Bankas\u0131, Merkez Bankas\u0131 uzman yard\u0131mc\u0131l\u0131klar\u0131, Vergi<span class=\"excerpt-hellip\"> [\u2026]<\/span><\/p>\n","protected":false},"featured_media":0,"template":"","meta":{"_monsterinsights_skip_tracking":false,"_monsterinsights_sitenote_active":false,"_monsterinsights_sitenote_note":"","_monsterinsights_sitenote_category":0},"product_brand":[],"product_cat":[15350,17602],"product_tag":[],"class_list":{"0":"post-702220","1":"product","2":"type-product","3":"status-publish","5":"product_cat-hukuk","6":"product_cat-hukuk-uzerine","7":"pa_cilt-ciltsiz","8":"pa_tur-kitap","9":"pa_yayinevi-gazi-kitabevi","10":"pa_yazar-omer-keskinsoy","12":"first","13":"instock","14":"sale","15":"shipping-taxable","16":"purchasable","17":"product-type-simple"},"_links":{"self":[{"href":"https:\/\/roveyayinevi.com.tr\/index.php\/wp-json\/wp\/v2\/product\/702220","targetHints":{"allow":["GET"]}}],"collection":[{"href":"https:\/\/roveyayinevi.com.tr\/index.php\/wp-json\/wp\/v2\/product"}],"about":[{"href":"https:\/\/roveyayinevi.com.tr\/index.php\/wp-json\/wp\/v2\/types\/product"}],"wp:attachment":[{"href":"https:\/\/roveyayinevi.com.tr\/index.php\/wp-json\/wp\/v2\/media?parent=702220"}],"wp:term":[{"taxonomy":"product_brand","embeddable":true,"href":"https:\/\/roveyayinevi.com.tr\/index.php\/wp-json\/wp\/v2\/product_brand?post=702220"},{"taxonomy":"product_cat","embeddable":true,"href":"https:\/\/roveyayinevi.com.tr\/index.php\/wp-json\/wp\/v2\/product_cat?post=702220"},{"taxonomy":"product_tag","embeddable":true,"href":"https:\/\/roveyayinevi.com.tr\/index.php\/wp-json\/wp\/v2\/product_tag?post=702220"}],"curies":[{"name":"wp","href":"https:\/\/api.w.org\/{rel}","templated":true}]}}