{"id":702219,"date":"2025-08-27T15:14:38","date_gmt":"2025-08-27T12:14:38","guid":{"rendered":"https:\/\/roveyayinevi.com.tr\/index.php\/urun\/anadoluda-turizm-rehberligi\/"},"modified":"2025-11-13T03:23:26","modified_gmt":"2025-11-13T00:23:26","slug":"anadoluda-turizm-rehberligi","status":"publish","type":"product","link":"https:\/\/roveyayinevi.com.tr\/index.php\/urun\/anadoluda-turizm-rehberligi\/","title":{"rendered":"Anadolu\u2019da Turizm Rehberli\u011fi"},"content":{"rendered":"<p>T\u00fcrkiye&#8217;ye gelen turist gruplar\u0131n\u0131n \u00d6nemli bir b\u00f6l\u00fcm\u00fc, \u00fclkemize k\u00fclt\u00fcr turlar\u0131 \u00e7er\u00e7evesinde, tarihi yerlerimizi g\u00f6rmeye gelmektedirler. Bu gruplara gezileri boyunca e\u015flik eden, yol g\u00f6steren rehberler de Anadolu&#8217;nun tarihi yap\u0131s\u0131na paralel olarak onlara bir\u00e7ok farkl\u0131 uygarl\u0131klar hakk\u0131nda bilgiler aktarmaktad\u0131rlar.Otuza yak\u0131n \u00fcniversitenin, turizm e\u011fitimi veren 2 veya 4 y\u0131ll\u0131k b\u00f6l\u00fcmlerinde de &#8220;Anadolu Uygarl\u0131klar\u0131&#8221;. &#8220;Anadolu Tarihi&#8221;, &#8220;Uygarl\u0131klar Tarihi&#8221;, &#8220;Turizm Rehberli\u011fi&#8221; ve benzeri adlar alt\u0131nda bu bilgiler \u00f6\u011frencilere aktar\u0131lmaktad\u0131r.Kitap hem rehberlik kursu \u00f6\u011frencilerine, hem yanlar\u0131nda genel bir referans kitab\u0131 bulundurmak isteyen rehber arkada\u015flar\u0131m\u0131za ve hem de \u00fcniversitelerin turizm b\u00f6l\u00fcmleri \u00f6\u011frencilerine yararl\u0131 bir kaynakt\u0131r. <\/p>\n","protected":false},"excerpt":{"rendered":"<p>T\u00fcrkiye&#8217;ye gelen turist gruplar\u0131n\u0131n \u00d6nemli bir b\u00f6l\u00fcm\u00fc, \u00fclkemize k\u00fclt\u00fcr turlar\u0131 \u00e7er\u00e7evesinde, tarihi yerlerimizi g\u00f6rmeye gelmektedirler. Bu gruplara gezileri boyunca e\u015flik eden, yol g\u00f6steren rehberler de Anadolu&#8217;nun<span class=\"excerpt-hellip\"> [\u2026]<\/span><\/p>\n","protected":false},"featured_media":0,"template":"","meta":{"_monsterinsights_skip_tracking":false,"_monsterinsights_sitenote_active":false,"_monsterinsights_sitenote_note":"","_monsterinsights_sitenote_category":0},"product_brand":[],"product_cat":[12573,12566],"product_tag":[],"class_list":{"0":"post-702219","1":"product","2":"type-product","3":"status-publish","5":"product_cat-akademik-kitaplar","6":"product_cat-egitim","7":"pa_cilt-ciltsiz","8":"pa_tur-kitap","9":"pa_yayinevi-gazi-kitabevi","10":"pa_yazar-a-ozdal-degirmencioglu","12":"first","13":"instock","14":"sale","15":"shipping-taxable","16":"purchasable","17":"product-type-simple"},"_links":{"self":[{"href":"https:\/\/roveyayinevi.com.tr\/index.php\/wp-json\/wp\/v2\/product\/702219","targetHints":{"allow":["GET"]}}],"collection":[{"href":"https:\/\/roveyayinevi.com.tr\/index.php\/wp-json\/wp\/v2\/product"}],"about":[{"href":"https:\/\/roveyayinevi.com.tr\/index.php\/wp-json\/wp\/v2\/types\/product"}],"wp:attachment":[{"href":"https:\/\/roveyayinevi.com.tr\/index.php\/wp-json\/wp\/v2\/media?parent=702219"}],"wp:term":[{"taxonomy":"product_brand","embeddable":true,"href":"https:\/\/roveyayinevi.com.tr\/index.php\/wp-json\/wp\/v2\/product_brand?post=702219"},{"taxonomy":"product_cat","embeddable":true,"href":"https:\/\/roveyayinevi.com.tr\/index.php\/wp-json\/wp\/v2\/product_cat?post=702219"},{"taxonomy":"product_tag","embeddable":true,"href":"https:\/\/roveyayinevi.com.tr\/index.php\/wp-json\/wp\/v2\/product_tag?post=702219"}],"curies":[{"name":"wp","href":"https:\/\/api.w.org\/{rel}","templated":true}]}}