{"id":702218,"date":"2025-08-27T15:14:38","date_gmt":"2025-08-27T12:14:38","guid":{"rendered":"https:\/\/roveyayinevi.com.tr\/index.php\/urun\/futbol-antrenmaninin-bilimsel-temelleri\/"},"modified":"2026-04-16T02:11:24","modified_gmt":"2026-04-15T23:11:24","slug":"futbol-antrenmaninin-bilimsel-temelleri","status":"publish","type":"product","link":"https:\/\/roveyayinevi.com.tr\/index.php\/urun\/futbol-antrenmaninin-bilimsel-temelleri\/","title":{"rendered":"Futbol Antrenman\u0131n\u0131n Bilimsel Temelleri"},"content":{"rendered":"<p>geni\u015f kitlelere mal olmu\u015f, milyonlarca insan\u0131n ilgi oda\u011f\u0131 haline gelmi\u015ftir.Futbolda, bilim ve spor bilimi etkile\u015fimiyle gerek futbolcular\u0131n \u00e7al\u0131\u015fma \u015fartlar\u0131n\u0131 iyile\u015ftirmek ve gerekse de seyircilere daha iyi izleme, zevk ve haz duyma imkan\u0131 verebilecek geli\u015fmeler sa\u011flanmakta olup, futbolun geli\u015fmesine ve daha geni\u015f kitlelere yay\u0131lmas\u0131na h\u0131z kazand\u0131r\u0131lmaktad\u0131r. <\/p>\n","protected":false},"excerpt":{"rendered":"<p>geni\u015f kitlelere mal olmu\u015f, milyonlarca insan\u0131n ilgi oda\u011f\u0131 haline gelmi\u015ftir.Futbolda, bilim ve spor bilimi etkile\u015fimiyle gerek futbolcular\u0131n \u00e7al\u0131\u015fma \u015fartlar\u0131n\u0131 iyile\u015ftirmek ve gerekse de seyircilere daha iyi<span class=\"excerpt-hellip\"> [\u2026]<\/span><\/p>\n","protected":false},"featured_media":0,"template":"","meta":{"_monsterinsights_skip_tracking":false,"_monsterinsights_sitenote_active":false,"_monsterinsights_sitenote_note":"","_monsterinsights_sitenote_category":0},"product_brand":[],"product_cat":[12573,12566],"product_tag":[],"class_list":{"0":"post-702218","1":"product","2":"type-product","3":"status-publish","5":"product_cat-akademik-kitaplar","6":"product_cat-egitim","7":"pa_cilt-ciltsiz","8":"pa_tur-kitap","9":"pa_yayinevi-gazi-kitabevi","10":"pa_yazar-mehmet-gunay","12":"first","13":"instock","14":"sale","15":"shipping-taxable","16":"purchasable","17":"product-type-simple"},"_links":{"self":[{"href":"https:\/\/roveyayinevi.com.tr\/index.php\/wp-json\/wp\/v2\/product\/702218","targetHints":{"allow":["GET"]}}],"collection":[{"href":"https:\/\/roveyayinevi.com.tr\/index.php\/wp-json\/wp\/v2\/product"}],"about":[{"href":"https:\/\/roveyayinevi.com.tr\/index.php\/wp-json\/wp\/v2\/types\/product"}],"wp:attachment":[{"href":"https:\/\/roveyayinevi.com.tr\/index.php\/wp-json\/wp\/v2\/media?parent=702218"}],"wp:term":[{"taxonomy":"product_brand","embeddable":true,"href":"https:\/\/roveyayinevi.com.tr\/index.php\/wp-json\/wp\/v2\/product_brand?post=702218"},{"taxonomy":"product_cat","embeddable":true,"href":"https:\/\/roveyayinevi.com.tr\/index.php\/wp-json\/wp\/v2\/product_cat?post=702218"},{"taxonomy":"product_tag","embeddable":true,"href":"https:\/\/roveyayinevi.com.tr\/index.php\/wp-json\/wp\/v2\/product_tag?post=702218"}],"curies":[{"name":"wp","href":"https:\/\/api.w.org\/{rel}","templated":true}]}}