{"id":702214,"date":"2025-08-27T15:14:37","date_gmt":"2025-08-27T12:14:37","guid":{"rendered":"https:\/\/roveyayinevi.com.tr\/index.php\/urun\/col-cicegi\/"},"modified":"2026-04-16T02:11:24","modified_gmt":"2026-04-15T23:11:24","slug":"col-cicegi","status":"publish","type":"product","link":"https:\/\/roveyayinevi.com.tr\/index.php\/urun\/col-cicegi\/","title":{"rendered":"\u00c7\u00f6l \u00c7i\u00e7e\u011fi"},"content":{"rendered":"<p>WARIS DIRIE, \u00e7ilde g\u00f6\u00e7ebe bir ya\u015fam s\u00fcren ve k\u0131zlar\u0131n s\u00fcnnet edilmesi gibi gelenekleri hala uygulamakta olan Somalili bir ailenin k\u0131z\u0131 olarak d\u00fcnyaya geldi. On iki ya\u015f\u0131na geldi\u011finde, ya\u015fl\u0131 bir adamla evlendirilece\u011fini \u00f6\u011frenince, \u00e7\u00f6ldeki ailesini terk ederek ka\u00e7ar ve onu \u00f6nce Afrika\u2019daki akrabalar\u0131na, oradan Londra\u2019ya ve sonra da \u00fcnl\u00fc bir model olaca\u011f\u0131 Amerika\u2019ya g\u00f6t\u00fcren ilgin\u00e7 ya\u015fam yolculu\u011funda ba\u015flam\u0131\u015f olur.     G\u00fcnd\u00fczleri Naomi Campbell gibi \u00fcnl\u00fc modellerle \u00e7al\u0131\u015fan Waris Dirie, ayn\u0131 zamanda Birle\u015fmi\u015f Milletler\u2019in bir insan haklar\u0131 el\u00e7isi olarak g\u00f6rev yapmaktad\u0131r. Fakat o yine de, geceleri, terk etmek zorunda kald\u0131\u011f\u0131 vatan\u0131 Somali\u2019deki basit ya\u015fam\u0131n \u00f6zlemini \u00e7ekiyor. Kad\u0131nlar\u0131n genel olarak, kendi ayaklar\u0131 \u00fczerinde duran \u00f6zg\u00fcr bir birey olma \u00e7abas\u0131 kar\u015f\u0131s\u0131nda kar\u015f\u0131la\u015ft\u0131klar\u0131 sorunlar, yokluklar \u00fclkesi olan Afrika\u2019n\u0131n \u00e7\u00f6llerinde ya\u015fand\u0131\u011f\u0131nda, \u00e7ok daha \u00e7arp\u0131c\u0131 ve \u00f6\u011fretici bir deneyim haline geliyor. Waris Dirie, bu sorunlarla nas\u0131l ba\u015f etti\u011fini anlatarak, ister Afrika\u2019da olsun, ister geli\u015fmi\u015f \u00fclkelerde, benzer sorunlarla kar\u015f\u0131la\u015fan t\u00fcm kad\u0131nlara \u0131\u015f\u0131k tutuyor. Dirie\u2019nin \u00f6yk\u00fcs\u00fc ayn\u0131 zamanda, y\u0131lmadan \u00e7al\u0131\u015f\u0131ld\u0131\u011f\u0131nda, insan\u0131n her istedi\u011fini elde edebilece\u011fini de g\u00f6ler \u00f6n\u00fcne seriyor ve herkese, diren\u00e7li ve \u00e7al\u0131\u015fkan olma konusunda bir ders veriyor. Waris Dirie\u2019nin \u00e7arp\u0131c\u0131 ya\u015fam \u00f6yk\u00fcs\u00fcn\u00fc anlatan bu kitap, on bir \u00fclkede ayn\u0131 anda yay\u0131nland\u0131 ve hemen beyaz perdeye uyarlama \u00e7al\u0131\u015fmalar\u0131 ba\u015flat\u0131ld\u0131.    \u2018\u2018Waris\u2019in \u00f6yk\u00fcs\u00fc, ger\u00e7ek bir kad\u0131n kahraman\u0131n \u00f6yk\u00fcs\u00fc. Herkese esin kayna\u011f\u0131 olacak!\u2019\u2019 -ELTON JOHN       \u2018\u2018Waris Dirie, \u00e7ok \u00f6zel ve y\u00fcrekli bir insan. \u00d6yk\u00fcs\u00fc herkese esin kayna\u011f\u0131 olmal\u0131. D\u00fc\u015flerini ger\u00e7ekle\u015ftirmek i\u00e7in kar\u015f\u0131s\u0131na \u00e7\u0131kan t\u00fcm engelleri a\u015fmakla kalmam\u0131\u015f, ayn\u0131 zamanda kad\u0131nlar\u0131n \u00f6zg\u00fcrl\u00fc\u011f\u00fc ad\u0131na, \u00e7ok soylu bir sava\u015fa \u00e7a\u011f\u0131rm\u0131\u015ft\u0131r.                                                                                                -Dr. NAF\u0130S SADIK <\/p>\n","protected":false},"excerpt":{"rendered":"<p>WARIS DIRIE, \u00e7ilde g\u00f6\u00e7ebe bir ya\u015fam s\u00fcren ve k\u0131zlar\u0131n s\u00fcnnet edilmesi gibi gelenekleri hala uygulamakta olan Somalili bir ailenin k\u0131z\u0131 olarak d\u00fcnyaya geldi. On iki ya\u015f\u0131na<span class=\"excerpt-hellip\"> [\u2026]<\/span><\/p>\n","protected":false},"featured_media":0,"template":"","meta":{"_monsterinsights_skip_tracking":false,"_monsterinsights_sitenote_active":false,"_monsterinsights_sitenote_note":"","_monsterinsights_sitenote_category":0},"product_brand":[],"product_cat":[13835],"product_tag":[],"class_list":{"0":"post-702214","1":"product","2":"type-product","3":"status-publish","5":"product_cat-cok-satanlar","6":"pa_cilt-ciltsiz","7":"pa_tur-kitap","8":"pa_yayinevi-bilge-kultur-sanat","9":"pa_yazar-waris-dirie","11":"first","12":"instock","13":"sale","14":"shipping-taxable","15":"purchasable","16":"product-type-simple"},"_links":{"self":[{"href":"https:\/\/roveyayinevi.com.tr\/index.php\/wp-json\/wp\/v2\/product\/702214","targetHints":{"allow":["GET"]}}],"collection":[{"href":"https:\/\/roveyayinevi.com.tr\/index.php\/wp-json\/wp\/v2\/product"}],"about":[{"href":"https:\/\/roveyayinevi.com.tr\/index.php\/wp-json\/wp\/v2\/types\/product"}],"wp:attachment":[{"href":"https:\/\/roveyayinevi.com.tr\/index.php\/wp-json\/wp\/v2\/media?parent=702214"}],"wp:term":[{"taxonomy":"product_brand","embeddable":true,"href":"https:\/\/roveyayinevi.com.tr\/index.php\/wp-json\/wp\/v2\/product_brand?post=702214"},{"taxonomy":"product_cat","embeddable":true,"href":"https:\/\/roveyayinevi.com.tr\/index.php\/wp-json\/wp\/v2\/product_cat?post=702214"},{"taxonomy":"product_tag","embeddable":true,"href":"https:\/\/roveyayinevi.com.tr\/index.php\/wp-json\/wp\/v2\/product_tag?post=702214"}],"curies":[{"name":"wp","href":"https:\/\/api.w.org\/{rel}","templated":true}]}}