{"id":702212,"date":"2025-08-27T15:14:36","date_gmt":"2025-08-27T12:14:36","guid":{"rendered":"https:\/\/roveyayinevi.com.tr\/index.php\/urun\/samizdat\/"},"modified":"2026-04-13T02:13:53","modified_gmt":"2026-04-12T23:13:53","slug":"samizdat","status":"publish","type":"product","link":"https:\/\/roveyayinevi.com.tr\/index.php\/urun\/samizdat\/","title":{"rendered":"Samizdat"},"content":{"rendered":"<p>Benim \u00fclkemde; d\u00fc\u015f\u00fcnce hayat\u0131n d\u00fc\u015fman\u0131, k\u00f6t\u00fcl\u00fc\u011f\u00fcn simgesi olarak g\u00f6r\u00fcl\u00fcr. D\u00fc\u015f\u00fcnsel de\u011ferlere tutkuyla ba\u011fl\u0131, soru soran-arayan-kovalayan zihne sadece d\u00fc\u015fmanl\u0131k edilir. D\u00fc\u015f\u00fcnen insan\u0131n koruna\u011f\u0131 yoktur\u2026 \ufffcTan\u0131t\u0131m Metni<\/p>\n","protected":false},"excerpt":{"rendered":"<p>Benim \u00fclkemde; d\u00fc\u015f\u00fcnce hayat\u0131n d\u00fc\u015fman\u0131, k\u00f6t\u00fcl\u00fc\u011f\u00fcn simgesi olarak g\u00f6r\u00fcl\u00fcr. D\u00fc\u015f\u00fcnsel de\u011ferlere tutkuyla ba\u011fl\u0131, soru soran-arayan-kovalayan zihne sadece d\u00fc\u015fmanl\u0131k edilir. D\u00fc\u015f\u00fcnen insan\u0131n koruna\u011f\u0131 yoktur\u2026 \ufffcTan\u0131t\u0131m Metni<\/p>\n","protected":false},"featured_media":0,"template":"","meta":{"_monsterinsights_skip_tracking":false,"_monsterinsights_sitenote_active":false,"_monsterinsights_sitenote_note":"","_monsterinsights_sitenote_category":0},"product_brand":[],"product_cat":[12965,12337],"product_tag":[],"class_list":{"0":"post-702212","1":"product","2":"type-product","3":"status-publish","5":"product_cat-genel-politika","6":"product_cat-politika-siyaset","7":"pa_tur-kitap","8":"pa_yayinevi-kirmizi-kedi-yayinevi","9":"pa_yazar-soner-yalcin","11":"first","12":"instock","13":"sale","14":"shipping-taxable","15":"purchasable","16":"product-type-simple"},"_links":{"self":[{"href":"https:\/\/roveyayinevi.com.tr\/index.php\/wp-json\/wp\/v2\/product\/702212","targetHints":{"allow":["GET"]}}],"collection":[{"href":"https:\/\/roveyayinevi.com.tr\/index.php\/wp-json\/wp\/v2\/product"}],"about":[{"href":"https:\/\/roveyayinevi.com.tr\/index.php\/wp-json\/wp\/v2\/types\/product"}],"wp:attachment":[{"href":"https:\/\/roveyayinevi.com.tr\/index.php\/wp-json\/wp\/v2\/media?parent=702212"}],"wp:term":[{"taxonomy":"product_brand","embeddable":true,"href":"https:\/\/roveyayinevi.com.tr\/index.php\/wp-json\/wp\/v2\/product_brand?post=702212"},{"taxonomy":"product_cat","embeddable":true,"href":"https:\/\/roveyayinevi.com.tr\/index.php\/wp-json\/wp\/v2\/product_cat?post=702212"},{"taxonomy":"product_tag","embeddable":true,"href":"https:\/\/roveyayinevi.com.tr\/index.php\/wp-json\/wp\/v2\/product_tag?post=702212"}],"curies":[{"name":"wp","href":"https:\/\/api.w.org\/{rel}","templated":true}]}}