{"id":702210,"date":"2025-08-27T15:14:35","date_gmt":"2025-08-27T12:14:35","guid":{"rendered":"https:\/\/roveyayinevi.com.tr\/index.php\/urun\/elantris\/"},"modified":"2026-04-16T02:11:24","modified_gmt":"2026-04-15T23:11:24","slug":"elantris","status":"publish","type":"product","link":"https:\/\/roveyayinevi.com.tr\/index.php\/urun\/elantris\/","title":{"rendered":"Elantris"},"content":{"rendered":"<p>ELANTR\u0130S bir zamanlar g\u00fczeldi ve tanr\u0131lar\u0131n \u015fehri olarak an\u0131l\u0131rd\u0131\u2026 G\u00fc\u00e7, \u0131\u015f\u0131k ve b\u00fcy\u00fcn\u00fcn \u015fehri. Bu \u015fehri ziyaret edenler ta\u015flar\u0131n bile i\u00e7lerinden yay\u0131lan bir \u0131\u015f\u0131kla parlad\u0131\u011f\u0131n\u0131 ve \u015fehrin muhte\u015fem g\u00fczellikte, b\u00fcy\u00fcl\u00fc harikalarla dolu oldu\u011funu s\u00f6ylerdi. Gece oldu\u011funda Elantris kocaman, g\u00fcm\u00fc\u015f bir ate\u015f topu gibi parlar ve \u00e7ok uzaklardan bile rahatl\u0131kla g\u00f6r\u00fclebilirdi. Bu muhte\u015fem \u015fehrin, bu muhte\u015fem \u015fehirden daha muhte\u015fem sakinleri vard\u0131. Sa\u00e7lar\u0131 parlak beyaz, derileri neredeyse madeni bir g\u00fcm\u00fc\u015f renginde; Elantrianlar \u015fehrin kendisi gibi parlard\u0131. Efsanelere g\u00f6re \u00f6l\u00fcms\u00fcz veya neredeyse \u00f6l\u00fcms\u00fczd\u00fcler. V\u00fccutlar\u0131 h\u0131zla iyile\u015firdi ve b\u00fcy\u00fck bir g\u00fc\u00e7, anlay\u0131\u015f ve beceriklilik ile kutsanm\u0131\u015flard\u0131. Ellerinin bir hareketiyle b\u00fcy\u00fc yapabiliyorlard\u0131 ve Opelon&#8217;\u0131n d\u00f6rt bir yan\u0131ndan insanlar, Elantrian \u015fifas\u0131, yiyece\u011fi veya bilgisi i\u00e7in Elantris \u015fehrini ziyaret ederlerdi. Elantrianlar tanr\u0131yd\u0131. Herhangi biri Elantrian olabilirdi. Shaod denilirdi, yani D\u00f6n\u00fc\u015f\u00fcm. Rastgele olurdu; \u00e7o\u011funlukla geceleri ve hayat\u0131n yava\u015flad\u0131\u011f\u0131 gizemli saatlerde. Shaod dilenci, zanaatkar, soylu veya asker demeden al\u0131rd\u0131. Geldi\u011finde, \u015fansl\u0131 ki\u015finin eski hayat\u0131 son bulur ve o ki\u015fi yepyeni bir hayata ba\u015flard\u0131. S\u0131radan varolu\u015fu geride kal\u0131r, Elantris&#8217;e ta\u015f\u0131n\u0131rd\u0131. Elantris; mutluluk i\u00e7inde ya\u015fay\u0131p, bilgece y\u00f6netece\u011fi ve ebediyen tap\u0131n\u0131laca\u011f\u0131 yerdi ne de olsa&#8230; Ebediyet on y\u0131l \u00f6nce sona erdi.<\/p>\n","protected":false},"excerpt":{"rendered":"<p>ELANTR\u0130S bir zamanlar g\u00fczeldi ve tanr\u0131lar\u0131n \u015fehri olarak an\u0131l\u0131rd\u0131\u2026 G\u00fc\u00e7, \u0131\u015f\u0131k ve b\u00fcy\u00fcn\u00fcn \u015fehri. Bu \u015fehri ziyaret edenler ta\u015flar\u0131n bile i\u00e7lerinden yay\u0131lan bir \u0131\u015f\u0131kla parlad\u0131\u011f\u0131n\u0131 ve<span class=\"excerpt-hellip\"> [\u2026]<\/span><\/p>\n","protected":false},"featured_media":0,"template":"","meta":{"_monsterinsights_skip_tracking":false,"_monsterinsights_sitenote_active":false,"_monsterinsights_sitenote_note":"","_monsterinsights_sitenote_category":0},"product_brand":[],"product_cat":[12291,14777],"product_tag":[],"class_list":{"0":"post-702210","1":"product","2":"type-product","3":"status-publish","5":"product_cat-edebiyat","6":"product_cat-fantastik","7":"pa_cilt-ciltsiz","8":"pa_tur-kitap","9":"pa_yayinevi-akil-celen-kitaplar","10":"pa_yazar-brandon-sanderson","12":"first","13":"instock","14":"sale","15":"shipping-taxable","16":"purchasable","17":"product-type-simple"},"_links":{"self":[{"href":"https:\/\/roveyayinevi.com.tr\/index.php\/wp-json\/wp\/v2\/product\/702210","targetHints":{"allow":["GET"]}}],"collection":[{"href":"https:\/\/roveyayinevi.com.tr\/index.php\/wp-json\/wp\/v2\/product"}],"about":[{"href":"https:\/\/roveyayinevi.com.tr\/index.php\/wp-json\/wp\/v2\/types\/product"}],"wp:attachment":[{"href":"https:\/\/roveyayinevi.com.tr\/index.php\/wp-json\/wp\/v2\/media?parent=702210"}],"wp:term":[{"taxonomy":"product_brand","embeddable":true,"href":"https:\/\/roveyayinevi.com.tr\/index.php\/wp-json\/wp\/v2\/product_brand?post=702210"},{"taxonomy":"product_cat","embeddable":true,"href":"https:\/\/roveyayinevi.com.tr\/index.php\/wp-json\/wp\/v2\/product_cat?post=702210"},{"taxonomy":"product_tag","embeddable":true,"href":"https:\/\/roveyayinevi.com.tr\/index.php\/wp-json\/wp\/v2\/product_tag?post=702210"}],"curies":[{"name":"wp","href":"https:\/\/api.w.org\/{rel}","templated":true}]}}