{"id":702209,"date":"2025-08-27T15:14:35","date_gmt":"2025-08-27T12:14:35","guid":{"rendered":"https:\/\/roveyayinevi.com.tr\/index.php\/urun\/islamlik-ve-turkluk\/"},"modified":"2026-04-16T02:11:24","modified_gmt":"2026-04-15T23:11:24","slug":"islamlik-ve-turkluk","status":"publish","type":"product","link":"https:\/\/roveyayinevi.com.tr\/index.php\/urun\/islamlik-ve-turkluk\/","title":{"rendered":"\u0130slaml\u0131k ve T\u00fcrkl\u00fck"},"content":{"rendered":"<p>T\u00fcrklerin \/ T\u00fcrk Milletinin kimli\u011finin iki \u00f6nemli \u00f6\u011fesi vard\u0131r. Bunlardan biri Din \/ \u0130slam, di\u011feri de T\u00fcrkl\u00fckt\u00fcr. \u0130slam ve T\u00fcrk\/ \u0130slaml\u0131k ve T\u00fcrkl\u00fck, birbiri ile b\u00fct\u00fcnle\u015fmi\u015f iki temel terimdir. Bu iki de\u011fer; T\u00fcrk Milleti&#8217;nin vazge\u00e7medi\u011fi ve vazge\u00e7emeyece\u011fi, birbirinin tamamlay\u0131c\u0131s\u0131\/ b\u00fct\u00fcnleyicisi de\u011ferlerdir. Bu de\u011ferler, ayn\u0131 zamanda birbirinin varl\u0131k ve ya\u015fay\u0131\u015f sebebidir. T\u00fcrkl\u00fck ile \u0130slaml\u0131k kavramlar\u0131n\u0131n, \u00f6z\u00fcnde birbirine alternatif olmas\u0131 ve kar\u015f\u0131 kar\u015f\u0131ya gelmesi m\u00fcmk\u00fcn de\u011fildir. \u00c7\u00fcnk\u00fc \u0130slam; T\u00fcrk Milleti taraf\u0131ndan \u015feksiz-\u015f\u00fcphesiz ve samim\u00ee olarak kabul edilmi\u015f; kimli\u011finin olmazsa olmaz par\u00e7as\u0131 yap\u0131lm\u0131\u015ft\u0131r. Bu \u00f6yle i\u00e7 i\u00e7e girmi\u015f ki; biri s\u00f6z konusu olunca di\u011feri hat\u0131rlan\u0131r olmu\u015ftur.\u0130sl\u00e2m, en son ve en ekmel dinin ad\u0131d\u0131r. \u0130slaml\u0131k da; T\u00fcrk Milleti taraf\u0131ndan kabul edilmi\u015f, kurumla\u015ft\u0131r\u0131lm\u0131\u015f ve yerle\u015fip benimsenmi\u015f \u0130slam&#8217;\u0131 \/M\u00fcsl\u00fcmanl\u0131\u011f\u0131 ifade etmektedir. Bu kitapta \u0130slaml\u0131k ve T\u00fcrkl\u00fck; \u00f6zelde T\u00fcrk Milleti, genelde T\u00fcrk soyundan olmasa da T\u00fcrk K\u00fclt\u00fcr\u00fc ile tan\u0131\u015fm\u0131\u015f olan M\u00fcsl\u00fcman topluluklar\u0131 ve M\u00fcsl\u00fcman olmamakla beraber T\u00fcrk K\u00fclt\u00fcr\u00fc ortak paydas\u0131nda bulu\u015fan topluluklar\u0131 da kapsayacak geni\u015flikte ele al\u0131nm\u0131\u015ft\u0131r. Bundan dolay\u0131 herkes, bu eserde, \u015f\u00f6yle veya b\u00f6yle kendisini bulabilecek ve ortak payda y\u0131 g\u00f6rebilecektir. Elinizdeki bu kitap; ayr\u0131\u015fmay\u0131 de\u011fil birle\u015fmeyi, uzakla\u015fmay\u0131 de\u011fil yak\u0131nla\u015fmay\u0131, d\u0131\u015flamay\u0131 de\u011fil kucaklamay\u0131, ortak payda da birlikte ya\u015famay\u0131 hedeflemektedir. <\/p>\n","protected":false},"excerpt":{"rendered":"<p>T\u00fcrklerin \/ T\u00fcrk Milletinin kimli\u011finin iki \u00f6nemli \u00f6\u011fesi vard\u0131r. Bunlardan biri Din \/ \u0130slam, di\u011feri de T\u00fcrkl\u00fckt\u00fcr. \u0130slam ve T\u00fcrk\/ \u0130slaml\u0131k ve T\u00fcrkl\u00fck, birbiri ile b\u00fct\u00fcnle\u015fmi\u015f<span class=\"excerpt-hellip\"> [\u2026]<\/span><\/p>\n","protected":false},"featured_media":0,"template":"","meta":{"_monsterinsights_skip_tracking":false,"_monsterinsights_sitenote_active":false,"_monsterinsights_sitenote_note":"","_monsterinsights_sitenote_category":0},"product_brand":[],"product_cat":[13036,12718,12719],"product_tag":[],"class_list":{"0":"post-702209","1":"product","2":"type-product","3":"status-publish","5":"product_cat-arastirma-inceleme-islam","6":"product_cat-din","7":"product_cat-islam","8":"pa_cilt-ciltsiz","9":"pa_tur-kitap","10":"pa_yayinevi-berikan-yayinlari","11":"pa_yazar-abdurrahman-kucuk","13":"first","14":"instock","15":"sale","16":"shipping-taxable","17":"purchasable","18":"product-type-simple"},"_links":{"self":[{"href":"https:\/\/roveyayinevi.com.tr\/index.php\/wp-json\/wp\/v2\/product\/702209","targetHints":{"allow":["GET"]}}],"collection":[{"href":"https:\/\/roveyayinevi.com.tr\/index.php\/wp-json\/wp\/v2\/product"}],"about":[{"href":"https:\/\/roveyayinevi.com.tr\/index.php\/wp-json\/wp\/v2\/types\/product"}],"wp:attachment":[{"href":"https:\/\/roveyayinevi.com.tr\/index.php\/wp-json\/wp\/v2\/media?parent=702209"}],"wp:term":[{"taxonomy":"product_brand","embeddable":true,"href":"https:\/\/roveyayinevi.com.tr\/index.php\/wp-json\/wp\/v2\/product_brand?post=702209"},{"taxonomy":"product_cat","embeddable":true,"href":"https:\/\/roveyayinevi.com.tr\/index.php\/wp-json\/wp\/v2\/product_cat?post=702209"},{"taxonomy":"product_tag","embeddable":true,"href":"https:\/\/roveyayinevi.com.tr\/index.php\/wp-json\/wp\/v2\/product_tag?post=702209"}],"curies":[{"name":"wp","href":"https:\/\/api.w.org\/{rel}","templated":true}]}}