{"id":702208,"date":"2025-08-27T15:14:35","date_gmt":"2025-08-27T12:14:35","guid":{"rendered":"https:\/\/roveyayinevi.com.tr\/index.php\/urun\/turklesmek-islamlasmak-muasirlasmak-2\/"},"modified":"2026-04-16T02:11:24","modified_gmt":"2026-04-15T23:11:24","slug":"turklesmek-islamlasmak-muasirlasmak-2","status":"publish","type":"product","link":"https:\/\/roveyayinevi.com.tr\/index.php\/urun\/turklesmek-islamlasmak-muasirlasmak-2\/","title":{"rendered":"T\u00fcrkle\u015fmek \u0130slamla\u015fmak Muas\u0131rla\u015fmak"},"content":{"rendered":"<p>Ziya G\u00f6kalp T\u00fcrkle\u015fmek, \u0130slamla\u015fmak, Muas\u0131rla\u015fmak kitab\u0131nda, Tanzimat&#8217;\u0131n ilan\u0131ndan itibaren Osmanl\u0131 Devleti&#8217;nde tart\u0131\u015f\u0131lan \u00fc\u00e7 ayr\u0131 fikir ak\u0131m\u0131 \u00fczerinde durmu\u015ftur: T\u00fcrk\u00e7\u00fcl\u00fck, \u0130slamc\u0131l\u0131k ve medeniyet\u00e7ilik. G\u00f6kalp, devletin ve milletin kurtulu\u015funu bu \u00fc\u00e7 fikrin uzla\u015fmas\u0131nda aram\u0131\u015f; \u0130slamc\u0131l\u0131k ve medeniyet\u00e7ilik d\u00fc\u015f\u00fcncelerini, T\u00fcrk\u00e7\u00fcl\u00fck d\u00fc\u015f\u00fcncesini daha da zenginle\u015ftirecek bir vas\u0131ta olarak g\u00f6rm\u00fc\u015ft\u00fcr. T\u00fcrkle\u015fmek, \u0130slamla\u015fmak, Muas\u0131rla\u015fmak, Ziya G\u00f6kalp&#8217;\u0131n zengin bilgi birikiminden hareketle bir sistem i\u00e7erisinde sundu\u011fu d\u00fc\u015f\u00fcncelerinin \u00f6zeti mahiyetindedir. Kitapta, T\u00fcrk milletinin ve devletinin XX. y\u00fczy\u0131l\u0131n ilk \u00e7eyre\u011finde ya\u015fad\u0131\u011f\u0131 sorunlar\u0131na dair yazar\u0131n ortaya att\u0131\u011f\u0131 \u00e7\u00f6z\u00fcm \u00f6nerileri yer almaktad\u0131r. Benzer sorunlar\u0131n g\u00fcn\u00fcm\u00fczde daha da \u015fiddetli bir \u015fekilde ya\u015fand\u0131\u011f\u0131 d\u00fc\u015f\u00fcn\u00fcl\u00fcrse, Ziya G\u00f6kalp&#8217;\u0131n fikirlerinin ve \u00e7\u00f6z\u00fcm \u00f6nerilerinin bug\u00fcn i\u00e7in ne kadar de\u011ferli oldu\u011fu daha iyi anla\u015f\u0131lacakt\u0131r.K\u0130TABIN \u0130\u00c7\u0130NDEN:Memleketimizde \u00fc\u00e7 fikir cereyan\u0131 (ak\u0131m\u0131) vard\u0131r. Bu cereyanlar\u0131n (ak\u0131mlar\u0131n) tarihi tetkik olunursa (incelenirse) g\u00f6r\u00fcl\u00fcr ki m\u00fctefekkirlerimiz (d\u00fc\u015f\u00fcn\u00fcrlerimiz) iptida (ba\u015flang\u0131\u00e7ta) muas\u0131rla\u015fmak l\u00fczumunu hissetmi\u015flerdir. \u00dc\u00e7\u00fcnc\u00fc Sultan Selim devrinde ba\u015flayan bu temay\u00fcle (e\u011filime) ink\u0131laptan sonra \u0130slamla\u015fmak emeli iltihak etti (eklendi), son zamanlarda ortaya bir de T\u00fcrkle\u015fmek cereyan\u0131 \u00e7\u0131kt\u0131. Muas\u0131rla\u015fmak (modernisation) fikri m\u00fctefekkirlerce (d\u00fc\u015f\u00fcn\u00fcrlerce) asli bir akide (inan\u0131\u015f) h\u00fckm\u00fcnde oldu\u011fu i\u00e7in muayyen (belirli) bir na\u015fire (yay\u0131c\u0131ya) malik (sahip) de\u011fildir. Her mecmua (dergi), her gazete bu fikrin az \u00e7ok m\u00fcdafiidir (savunucusudur). \u0130slamla\u015fmak fikrinin m\u00fcrevvici (taraftar\u0131) S\u0131rat-\u0131 M\u00fcstakim-Sebil\u00fcrre\u015fat, T\u00fcrkle\u015fmek fikrinin m\u00fcrevvici (taraftar\u0131) T\u00fcrk Yurdu mecmualar\u0131d\u0131r. Dikkat olununca bu \u00fc\u00e7 cereyan\u0131n (ak\u0131m\u0131n) da hakiki ihtiya\u00e7lardan do\u011fmu\u015f oldu\u011fu g\u00f6r\u00fcl\u00fcr.<\/p>\n","protected":false},"excerpt":{"rendered":"<p>Ziya G\u00f6kalp T\u00fcrkle\u015fmek, \u0130slamla\u015fmak, Muas\u0131rla\u015fmak kitab\u0131nda, Tanzimat&#8217;\u0131n ilan\u0131ndan itibaren Osmanl\u0131 Devleti&#8217;nde tart\u0131\u015f\u0131lan \u00fc\u00e7 ayr\u0131 fikir ak\u0131m\u0131 \u00fczerinde durmu\u015ftur: T\u00fcrk\u00e7\u00fcl\u00fck, \u0130slamc\u0131l\u0131k ve medeniyet\u00e7ilik. G\u00f6kalp, devletin ve milletin<span class=\"excerpt-hellip\"> [\u2026]<\/span><\/p>\n","protected":false},"featured_media":0,"template":"","meta":{"_monsterinsights_skip_tracking":false,"_monsterinsights_sitenote_active":false,"_monsterinsights_sitenote_note":"","_monsterinsights_sitenote_category":0},"product_brand":[],"product_cat":[12835,12324],"product_tag":[],"class_list":{"0":"post-702208","1":"product","2":"type-product","3":"status-publish","5":"product_cat-genel-sosyoloji","6":"product_cat-sosyoloji","7":"pa_cilt-ciltsiz","8":"pa_tur-kitap","9":"pa_yayinevi-otuken-nesriyat","10":"pa_yazar-ziya-gokalp","12":"first","13":"instock","14":"sale","15":"shipping-taxable","16":"purchasable","17":"product-type-simple"},"_links":{"self":[{"href":"https:\/\/roveyayinevi.com.tr\/index.php\/wp-json\/wp\/v2\/product\/702208","targetHints":{"allow":["GET"]}}],"collection":[{"href":"https:\/\/roveyayinevi.com.tr\/index.php\/wp-json\/wp\/v2\/product"}],"about":[{"href":"https:\/\/roveyayinevi.com.tr\/index.php\/wp-json\/wp\/v2\/types\/product"}],"wp:attachment":[{"href":"https:\/\/roveyayinevi.com.tr\/index.php\/wp-json\/wp\/v2\/media?parent=702208"}],"wp:term":[{"taxonomy":"product_brand","embeddable":true,"href":"https:\/\/roveyayinevi.com.tr\/index.php\/wp-json\/wp\/v2\/product_brand?post=702208"},{"taxonomy":"product_cat","embeddable":true,"href":"https:\/\/roveyayinevi.com.tr\/index.php\/wp-json\/wp\/v2\/product_cat?post=702208"},{"taxonomy":"product_tag","embeddable":true,"href":"https:\/\/roveyayinevi.com.tr\/index.php\/wp-json\/wp\/v2\/product_tag?post=702208"}],"curies":[{"name":"wp","href":"https:\/\/api.w.org\/{rel}","templated":true}]}}