{"id":702196,"date":"2025-08-27T15:14:31","date_gmt":"2025-08-27T12:14:31","guid":{"rendered":"https:\/\/roveyayinevi.com.tr\/index.php\/urun\/farsca-ogrenim-seti-7-buf-i-kur-kor-baykus\/"},"modified":"2026-04-16T02:11:24","modified_gmt":"2026-04-15T23:11:24","slug":"farsca-ogrenim-seti-7-buf-i-kur-kor-baykus","status":"publish","type":"product","link":"https:\/\/roveyayinevi.com.tr\/index.php\/urun\/farsca-ogrenim-seti-7-buf-i-kur-kor-baykus\/","title":{"rendered":"Fars\u00e7a \u00d6\u011frenim Seti &#8211; 7 : Buf-i Kur \/ K\u00f6r Bayku\u015f"},"content":{"rendered":"<p>Temel Fars\u00e7a bilgisine sahip olan ki\u015filer i\u00e7in haz\u0131rlanan bu \u00e7al\u0131\u015fma ile dildeki hakimiyetinizi art\u0131racak, ba\u015flang\u0131\u00e7 seviyesinden ileri seviyeye kadar olan farkl\u0131 metinlerle a\u015famal\u0131 olarak Fars\u00e7a bilginizi peki\u015ftireceksiniz <\/p>\n","protected":false},"excerpt":{"rendered":"<p>Temel Fars\u00e7a bilgisine sahip olan ki\u015filer i\u00e7in haz\u0131rlanan bu \u00e7al\u0131\u015fma ile dildeki hakimiyetinizi art\u0131racak, ba\u015flang\u0131\u00e7 seviyesinden ileri seviyeye kadar olan farkl\u0131 metinlerle a\u015famal\u0131 olarak Fars\u00e7a bilginizi<span class=\"excerpt-hellip\"> [\u2026]<\/span><\/p>\n","protected":false},"featured_media":0,"template":"","meta":{"_monsterinsights_skip_tracking":false,"_monsterinsights_sitenote_active":false,"_monsterinsights_sitenote_note":"","_monsterinsights_sitenote_category":0},"product_brand":[],"product_cat":[14597,12566],"product_tag":[],"class_list":{"0":"post-702196","1":"product","2":"type-product","3":"status-publish","5":"product_cat-dil-ogrenimi","6":"product_cat-egitim","7":"pa_cilt-ciltsiz","8":"pa_tur-kitap","9":"pa_yayinevi-say-yayinlari","10":"pa_yazar-sadik-hidayet","12":"first","13":"instock","14":"sale","15":"shipping-taxable","16":"purchasable","17":"product-type-simple"},"_links":{"self":[{"href":"https:\/\/roveyayinevi.com.tr\/index.php\/wp-json\/wp\/v2\/product\/702196","targetHints":{"allow":["GET"]}}],"collection":[{"href":"https:\/\/roveyayinevi.com.tr\/index.php\/wp-json\/wp\/v2\/product"}],"about":[{"href":"https:\/\/roveyayinevi.com.tr\/index.php\/wp-json\/wp\/v2\/types\/product"}],"wp:attachment":[{"href":"https:\/\/roveyayinevi.com.tr\/index.php\/wp-json\/wp\/v2\/media?parent=702196"}],"wp:term":[{"taxonomy":"product_brand","embeddable":true,"href":"https:\/\/roveyayinevi.com.tr\/index.php\/wp-json\/wp\/v2\/product_brand?post=702196"},{"taxonomy":"product_cat","embeddable":true,"href":"https:\/\/roveyayinevi.com.tr\/index.php\/wp-json\/wp\/v2\/product_cat?post=702196"},{"taxonomy":"product_tag","embeddable":true,"href":"https:\/\/roveyayinevi.com.tr\/index.php\/wp-json\/wp\/v2\/product_tag?post=702196"}],"curies":[{"name":"wp","href":"https:\/\/api.w.org\/{rel}","templated":true}]}}