{"id":702195,"date":"2025-08-27T15:14:30","date_gmt":"2025-08-27T12:14:30","guid":{"rendered":"https:\/\/roveyayinevi.com.tr\/index.php\/urun\/imparatorluklar-sehri-istanbul-1830\/"},"modified":"2026-04-16T02:11:24","modified_gmt":"2026-04-15T23:11:24","slug":"imparatorluklar-sehri-istanbul-1830","status":"publish","type":"product","link":"https:\/\/roveyayinevi.com.tr\/index.php\/urun\/imparatorluklar-sehri-istanbul-1830\/","title":{"rendered":"\u0130mparatorluklar \u015eehri \u0130stanbul &#8211; 1830"},"content":{"rendered":"<p>Ha\u00e7l\u0131 Seferleri\u2019nin izinde Fransa\u2019dan Kud\u00fcs\u2019e uzanan bir yolculu\u011fun \u0130stanbul dura\u011f\u0131&#8230; Y\u0131l 1830. II. Mahmut\u2019un Yeni\u00e7eri Oca\u011f\u0131\u2019n\u0131 kanl\u0131 bir \u015fekilde ortadan kald\u0131rmas\u0131n\u0131n \u00fczerinden d\u00f6rt y\u0131l ge\u00e7mi\u015f. Reformlar yeni yeni ba\u015flam\u0131\u015f ama \u0130stanbul\u2019da \u201ceski\u201dnin egemenli\u011fi hala s\u00fcr\u00fcyor. <\/p>\n","protected":false},"excerpt":{"rendered":"<p>Ha\u00e7l\u0131 Seferleri\u2019nin izinde Fransa\u2019dan Kud\u00fcs\u2019e uzanan bir yolculu\u011fun \u0130stanbul dura\u011f\u0131&#8230; Y\u0131l 1830. II. Mahmut\u2019un Yeni\u00e7eri Oca\u011f\u0131\u2019n\u0131 kanl\u0131 bir \u015fekilde ortadan kald\u0131rmas\u0131n\u0131n \u00fczerinden d\u00f6rt y\u0131l ge\u00e7mi\u015f. Reformlar<span class=\"excerpt-hellip\"> [\u2026]<\/span><\/p>\n","protected":false},"featured_media":0,"template":"","meta":{"_monsterinsights_skip_tracking":false,"_monsterinsights_sitenote_active":false,"_monsterinsights_sitenote_note":"","_monsterinsights_sitenote_category":0},"product_brand":[],"product_cat":[13590,12337],"product_tag":[],"class_list":{"0":"post-702195","1":"product","2":"type-product","3":"status-publish","5":"product_cat-arastirma-inceleme-politika-siyaset","6":"product_cat-politika-siyaset","7":"pa_cilt-ciltsiz","8":"pa_tur-kitap","9":"pa_yayinevi-say-yayinlari","10":"pa_yazar-joseph-francois-michaud","12":"first","13":"instock","14":"sale","15":"shipping-taxable","16":"purchasable","17":"product-type-simple"},"_links":{"self":[{"href":"https:\/\/roveyayinevi.com.tr\/index.php\/wp-json\/wp\/v2\/product\/702195","targetHints":{"allow":["GET"]}}],"collection":[{"href":"https:\/\/roveyayinevi.com.tr\/index.php\/wp-json\/wp\/v2\/product"}],"about":[{"href":"https:\/\/roveyayinevi.com.tr\/index.php\/wp-json\/wp\/v2\/types\/product"}],"wp:attachment":[{"href":"https:\/\/roveyayinevi.com.tr\/index.php\/wp-json\/wp\/v2\/media?parent=702195"}],"wp:term":[{"taxonomy":"product_brand","embeddable":true,"href":"https:\/\/roveyayinevi.com.tr\/index.php\/wp-json\/wp\/v2\/product_brand?post=702195"},{"taxonomy":"product_cat","embeddable":true,"href":"https:\/\/roveyayinevi.com.tr\/index.php\/wp-json\/wp\/v2\/product_cat?post=702195"},{"taxonomy":"product_tag","embeddable":true,"href":"https:\/\/roveyayinevi.com.tr\/index.php\/wp-json\/wp\/v2\/product_tag?post=702195"}],"curies":[{"name":"wp","href":"https:\/\/api.w.org\/{rel}","templated":true}]}}