{"id":702194,"date":"2025-08-27T15:14:30","date_gmt":"2025-08-27T12:14:30","guid":{"rendered":"https:\/\/roveyayinevi.com.tr\/index.php\/urun\/iki-renk-ask-ciltli\/"},"modified":"2026-04-16T02:11:24","modified_gmt":"2026-04-15T23:11:24","slug":"iki-renk-ask-ciltli","status":"publish","type":"product","link":"https:\/\/roveyayinevi.com.tr\/index.php\/urun\/iki-renk-ask-ciltli\/","title":{"rendered":"\u0130ki Renk A\u015fk (Ciltli)"},"content":{"rendered":"<p>Gen\u00e7 k\u0131z i\u00e7in a\u015fk tek renkti! K\u0131rm\u0131z\u0131yd\u0131&#8230; Ve \u00e7ok yak\u0131\u015f\u0131kl\u0131, uzun bir adama \u00e2\u015f\u0131kt\u0131&#8230; Bir ba\u015fka erke\u011fe kar\u015f\u0131 kalbi \u00e7oktan kapanm\u0131\u015ft\u0131. En az\u0131ndan \u00f6yle san\u0131yordu&#8230; Ama kar\u015f\u0131s\u0131na b\u00f6yle bir adam\u0131n \u00e7\u0131kaca\u011f\u0131n\u0131 bilemezdi! Hayat\u0131n s\u00fcrprizlerini \u00fczerinde bar\u0131nd\u0131r\u0131r gibiydi. Yanan d\u00fc\u015flere, gri sa\u00e7lara, tehlikeli g\u00fcl\u00fc\u015flere sahipti. M\u0131knat\u0131sla \u00e7ekilir gibi kaderi ona ko\u015fuyordu. Ke\u015fke onu yanl\u0131\u015fl\u0131kla \u00f6pmeseydi&#8230; Ke\u015fke onu itici buldu\u011funu belli etmeseydi&#8230; Ke\u015fke birlikte zaman ge\u00e7irmekten ka\u00e7\u0131nabilseydi&#8230; Ve ke\u015fke&#8230; tehlikeli oldu\u011funu hissedebilseydi! Ge\u00e7 kalm\u0131\u015ft\u0131! Ger\u00e7ek a\u015fk\u0131, ger\u00e7ek tutkuyu, hi\u00e7 tan\u0131mad\u0131\u011f\u0131 farkl\u0131 bir adam\u0131n g\u00fc\u00e7l\u00fc kollar\u0131nda buldu. Bu iki renkli adam onun ka\u00e7amayaca\u011f\u0131 kaderiydi! ***** \u00d6nyarg\u0131larla ba\u015flanan a\u015fk yolculu\u011funda, yolunu kaybetmi\u015f bir gen\u00e7 k\u0131z\u0131n a\u015fka s\u00fcr\u00fckleni\u015fini destekleyece\u011finiz bir FMArsal roman\u0131 daha! <\/p>\n","protected":false},"excerpt":{"rendered":"<p>Gen\u00e7 k\u0131z i\u00e7in a\u015fk tek renkti! K\u0131rm\u0131z\u0131yd\u0131&#8230; Ve \u00e7ok yak\u0131\u015f\u0131kl\u0131, uzun bir adama \u00e2\u015f\u0131kt\u0131&#8230; Bir ba\u015fka erke\u011fe kar\u015f\u0131 kalbi \u00e7oktan kapanm\u0131\u015ft\u0131. En az\u0131ndan \u00f6yle san\u0131yordu&#8230; Ama<span class=\"excerpt-hellip\"> [\u2026]<\/span><\/p>\n","protected":false},"featured_media":0,"template":"","meta":{"_monsterinsights_skip_tracking":false,"_monsterinsights_sitenote_active":false,"_monsterinsights_sitenote_note":"","_monsterinsights_sitenote_category":0},"product_brand":[],"product_cat":[12291,12711],"product_tag":[],"class_list":{"0":"post-702194","1":"product","2":"type-product","3":"status-publish","5":"product_cat-edebiyat","6":"product_cat-roman-oyku","7":"pa_cilt-ciltli","8":"pa_tur-kitap","9":"pa_yayinevi-ephesus-yayinlari","10":"pa_yazar-fatih-murat-arsal","12":"first","13":"instock","14":"sale","15":"shipping-taxable","16":"purchasable","17":"product-type-simple"},"_links":{"self":[{"href":"https:\/\/roveyayinevi.com.tr\/index.php\/wp-json\/wp\/v2\/product\/702194","targetHints":{"allow":["GET"]}}],"collection":[{"href":"https:\/\/roveyayinevi.com.tr\/index.php\/wp-json\/wp\/v2\/product"}],"about":[{"href":"https:\/\/roveyayinevi.com.tr\/index.php\/wp-json\/wp\/v2\/types\/product"}],"wp:attachment":[{"href":"https:\/\/roveyayinevi.com.tr\/index.php\/wp-json\/wp\/v2\/media?parent=702194"}],"wp:term":[{"taxonomy":"product_brand","embeddable":true,"href":"https:\/\/roveyayinevi.com.tr\/index.php\/wp-json\/wp\/v2\/product_brand?post=702194"},{"taxonomy":"product_cat","embeddable":true,"href":"https:\/\/roveyayinevi.com.tr\/index.php\/wp-json\/wp\/v2\/product_cat?post=702194"},{"taxonomy":"product_tag","embeddable":true,"href":"https:\/\/roveyayinevi.com.tr\/index.php\/wp-json\/wp\/v2\/product_tag?post=702194"}],"curies":[{"name":"wp","href":"https:\/\/api.w.org\/{rel}","templated":true}]}}