{"id":702193,"date":"2025-08-27T15:14:29","date_gmt":"2025-08-27T12:14:29","guid":{"rendered":"https:\/\/roveyayinevi.com.tr\/index.php\/urun\/cekilme-sulari\/"},"modified":"2026-04-16T02:11:24","modified_gmt":"2026-04-15T23:11:24","slug":"cekilme-sulari","status":"publish","type":"product","link":"https:\/\/roveyayinevi.com.tr\/index.php\/urun\/cekilme-sulari\/","title":{"rendered":"\u00c7ekilme Sular\u0131"},"content":{"rendered":"<p>\u201cGit. Kapan. Yeterince yol biriktirdin. K\u00fc\u00e7\u00fck kasabalardan ak\u015famlar\u0131n var. Sabah indi\u011fin \u015fehirlerin bu\u011fulu kalbi senin. Her \u00e7aresizlikten binlerce dalg\u0131nl\u0131k edindin. Bir g\u00f6lge bilgisi olduysan, \u0131\u015f\u0131klar\u0131 unutma. Hayal i\u00e7in, ac\u0131 verdi\u011fin kad\u0131nlar\u0131n kirpikleri yeter. G\u00fczel pi\u015fmanl\u0131klar\u0131n var. Sevin\u00e7lerini az\u0131msama. Ka\u00e7 \u00e7ocuk, hayat\u0131na bo\u015fluk olarak ekledi seni. Ka\u00e7 hayattan yaln\u0131zl\u0131\u011f\u0131n var, \u00f6mr\u00fcn\u00fc b\u00fcy\u00fctecek. Ne kadar ac\u0131 verirse versin, seni do\u011furan bir kalabal\u0131\u011f\u0131n oldu. Dersini tenha \u00e7al\u0131\u015ft\u0131n. \u0130ncinmek i\u00e7in kimse gerekmiyor sana. Zehir y\u00fcz\u00fc\u011f\u00fcn g\u00f6\u011f\u00fcs kafesinde. Y\u0131lan \u0131sl\u0131klar\u0131 k\u0131lavuzun olsun. Git. Yanl\u0131\u015f\u0131 olmayandan koru kendini. Da\u011f kovuklar\u0131n\u0131n r\u00fcyas\u0131n\u0131 uyu. Gecenin sahibi korku de\u011fil her zaman. \u00dcst\u00fcn\u00fc \u00f6rtecek bir yurtsuz bulunur elbet. Mah\u015ferini sev. Onu sen kurdun. Ta\u015f bile yaln\u0131z kendisi de\u011fil. Git. Kapan. G\u00f6r, yaln\u0131zl\u0131\u011f\u0131n yat\u0131\u015fmaz kalabal\u0131\u011f\u0131n\u0131&#8230;\u201d \ufffcTan\u0131t\u0131m Metni<\/p>\n","protected":false},"excerpt":{"rendered":"<p>\u201cGit. Kapan. Yeterince yol biriktirdin. K\u00fc\u00e7\u00fck kasabalardan ak\u015famlar\u0131n var. Sabah indi\u011fin \u015fehirlerin bu\u011fulu kalbi senin. Her \u00e7aresizlikten binlerce dalg\u0131nl\u0131k edindin. Bir g\u00f6lge bilgisi olduysan, \u0131\u015f\u0131klar\u0131 unutma.<span class=\"excerpt-hellip\"> [\u2026]<\/span><\/p>\n","protected":false},"featured_media":0,"template":"","meta":{"_monsterinsights_skip_tracking":false,"_monsterinsights_sitenote_active":false,"_monsterinsights_sitenote_note":"","_monsterinsights_sitenote_category":0},"product_brand":[],"product_cat":[12777,12291],"product_tag":[],"class_list":{"0":"post-702193","1":"product","2":"type-product","3":"status-publish","5":"product_cat-deneme","6":"product_cat-edebiyat","7":"pa_cilt-ciltsiz","8":"pa_tur-kitap","9":"pa_yayinevi-kirmizi-kedi-yayinevi","10":"pa_yazar-sukru-erbas","12":"first","13":"instock","14":"sale","15":"shipping-taxable","16":"purchasable","17":"product-type-simple"},"_links":{"self":[{"href":"https:\/\/roveyayinevi.com.tr\/index.php\/wp-json\/wp\/v2\/product\/702193","targetHints":{"allow":["GET"]}}],"collection":[{"href":"https:\/\/roveyayinevi.com.tr\/index.php\/wp-json\/wp\/v2\/product"}],"about":[{"href":"https:\/\/roveyayinevi.com.tr\/index.php\/wp-json\/wp\/v2\/types\/product"}],"wp:attachment":[{"href":"https:\/\/roveyayinevi.com.tr\/index.php\/wp-json\/wp\/v2\/media?parent=702193"}],"wp:term":[{"taxonomy":"product_brand","embeddable":true,"href":"https:\/\/roveyayinevi.com.tr\/index.php\/wp-json\/wp\/v2\/product_brand?post=702193"},{"taxonomy":"product_cat","embeddable":true,"href":"https:\/\/roveyayinevi.com.tr\/index.php\/wp-json\/wp\/v2\/product_cat?post=702193"},{"taxonomy":"product_tag","embeddable":true,"href":"https:\/\/roveyayinevi.com.tr\/index.php\/wp-json\/wp\/v2\/product_tag?post=702193"}],"curies":[{"name":"wp","href":"https:\/\/api.w.org\/{rel}","templated":true}]}}