{"id":702192,"date":"2025-08-27T15:14:29","date_gmt":"2025-08-27T12:14:29","guid":{"rendered":"https:\/\/roveyayinevi.com.tr\/index.php\/urun\/osmanli-galatasi-1453-1600\/"},"modified":"2026-04-16T02:11:24","modified_gmt":"2026-04-15T23:11:24","slug":"osmanli-galatasi-1453-1600","status":"publish","type":"product","link":"https:\/\/roveyayinevi.com.tr\/index.php\/urun\/osmanli-galatasi-1453-1600\/","title":{"rendered":"Osmanl\u0131 Galatas\u0131 (1453-1600)"},"content":{"rendered":"<p>Osmanl\u0131 Galatas\u0131, gerek akademik gerekse pop\u00fcler yaz\u0131nda genellikle \u00e7ok k\u00fclt\u00fcrl\u00fc ve kozmopolit yap\u0131s\u0131na vurgu yapan sat\u0131rlar ile yer almaktad\u0131r. Bu eserlerde herhangi bir d\u00f6nem ayr\u0131m\u0131na gidilmeksizin Galata, bir \u201cFrenk\u201d veya \u201cAvrupa\u201d kenti olarak tan\u0131mlanm\u0131\u015ft\u0131r. Ancak bu ifadeler ne kadar ge\u00e7erlidir ve 1453\u2019te ba\u015flayan Osmanl\u0131 hakimiyetinin her d\u00f6nemi i\u00e7in s\u00f6z konusu mudur? Galata\u2019n\u0131n Osmanl\u0131 hakimiyetine girmesinden sonraki 150 y\u0131ll\u0131k d\u00f6nemini ele alan bu eserde \u015fehrin nas\u0131l bir Osmanl\u0131 kentine d\u00f6n\u00fc\u015ft\u00fc\u011f\u00fc anlat\u0131l\u0131yor. Yazar, yetkinlikle kulland\u0131\u011f\u0131 zengin ar\u015fiv malzemesi ile \u015fehrin ve \u015fehir hayat\u0131n\u0131n bir\u00e7ok y\u00f6n\u00fcne \u0131\u015f\u0131k tutuyor. Kitap, konuya merakl\u0131 b\u00fct\u00fcn okuyucular\u0131 Galata sokaklar\u0131 aras\u0131nda bir gezintiye \u00e7\u0131kar\u0131yor. <\/p>\n","protected":false},"excerpt":{"rendered":"<p>Osmanl\u0131 Galatas\u0131, gerek akademik gerekse pop\u00fcler yaz\u0131nda genellikle \u00e7ok k\u00fclt\u00fcrl\u00fc ve kozmopolit yap\u0131s\u0131na vurgu yapan sat\u0131rlar ile yer almaktad\u0131r. Bu eserlerde herhangi bir d\u00f6nem ayr\u0131m\u0131na gidilmeksizin<span class=\"excerpt-hellip\"> [\u2026]<\/span><\/p>\n","protected":false},"featured_media":0,"template":"","meta":{"_monsterinsights_skip_tracking":false,"_monsterinsights_sitenote_active":false,"_monsterinsights_sitenote_note":"","_monsterinsights_sitenote_category":0},"product_brand":[],"product_cat":[13517,12304],"product_tag":[],"class_list":{"0":"post-702192","1":"product","2":"type-product","3":"status-publish","5":"product_cat-osmanli-tarihi","6":"product_cat-tarih","7":"pa_tur-kitap","8":"pa_yayinevi-bilge-kultur-sanat","9":"pa_yazar-kerim-ilker-bulunur","11":"first","12":"instock","13":"sale","14":"shipping-taxable","15":"purchasable","16":"product-type-simple"},"_links":{"self":[{"href":"https:\/\/roveyayinevi.com.tr\/index.php\/wp-json\/wp\/v2\/product\/702192","targetHints":{"allow":["GET"]}}],"collection":[{"href":"https:\/\/roveyayinevi.com.tr\/index.php\/wp-json\/wp\/v2\/product"}],"about":[{"href":"https:\/\/roveyayinevi.com.tr\/index.php\/wp-json\/wp\/v2\/types\/product"}],"wp:attachment":[{"href":"https:\/\/roveyayinevi.com.tr\/index.php\/wp-json\/wp\/v2\/media?parent=702192"}],"wp:term":[{"taxonomy":"product_brand","embeddable":true,"href":"https:\/\/roveyayinevi.com.tr\/index.php\/wp-json\/wp\/v2\/product_brand?post=702192"},{"taxonomy":"product_cat","embeddable":true,"href":"https:\/\/roveyayinevi.com.tr\/index.php\/wp-json\/wp\/v2\/product_cat?post=702192"},{"taxonomy":"product_tag","embeddable":true,"href":"https:\/\/roveyayinevi.com.tr\/index.php\/wp-json\/wp\/v2\/product_tag?post=702192"}],"curies":[{"name":"wp","href":"https:\/\/api.w.org\/{rel}","templated":true}]}}