{"id":702191,"date":"2025-08-27T15:14:29","date_gmt":"2025-08-27T12:14:29","guid":{"rendered":"https:\/\/roveyayinevi.com.tr\/index.php\/urun\/oteki-2\/"},"modified":"2026-04-16T02:11:24","modified_gmt":"2026-04-15T23:11:24","slug":"oteki-2","status":"publish","type":"product","link":"https:\/\/roveyayinevi.com.tr\/index.php\/urun\/oteki-2\/","title":{"rendered":"\u00d6teki"},"content":{"rendered":"<p>Ergin Altay \u00e7evirisi, Clarence A. Manning&#8217;in \u00f6ns\u00f6z\u00fc, Dmitri Chizhevsky&#8217;\u0131n sons\u00f6z\u00fc, Yazar ve d\u00f6nem kronolojisi, Kitaba dair g\u00f6rsellerle. Edebi kariyeri boyunca Dostoyevski\u2019nin zihnini me\u015fgul eden \u00d6teki, yazar\u0131n \u00e7ok gen\u00e7 ya\u015fta kaleme ald\u0131\u011f\u0131 ikinci roman\u0131d\u0131r. \u0130lk roman\u0131 \u0130nsanc\u0131klar\u2019la b\u00fcy\u00fck \u00f6vg\u00fcler alan ve \u00fcnlenen Dostoyevski\u2019yi hemen ard\u0131ndan yay\u0131mlad\u0131\u011f\u0131 \u00d6teki ile \u00e7ok sert ele\u015ftiriler bekliyordu. Ancak Dostoyevski, roman\u0131n b\u00fcy\u00fck \u00f6nemine olan inanc\u0131n\u0131 korumay\u0131 hep s\u00fcrd\u00fcrd\u00fc, \u00fczerinde tekrar \u00e7al\u0131\u015farak de\u011fi\u015fiklikler yapt\u0131 ve tefrika edildikten tam 20 y\u0131l sonra 1866\u2019da yeniden yay\u0131mlad\u0131. St. Petersburg\u2019da devlet memuru olarak \u00e7al\u0131\u015fan Jakov Petrovi\u00e7 Golyadkin\u2019in bir sabah i\u015f yerinde kendisinin g\u00f6r\u00fcn\u00fc\u015fte t\u0131pat\u0131p ayn\u0131s\u0131 olan \u201c\u00f6teki\u201d Golyadkin ile kar\u015f\u0131la\u015fmas\u0131 ile geli\u015fen olaylar\u0131n anlat\u0131ld\u0131\u011f\u0131 bir psikolojik gerilim \u00f6yk\u00fcs\u00fc olan \u00d6teki, ba\u015fta Kafka ve Sartre olmak \u00fczere modern edebiyat\u0131 b\u00fcy\u00fck \u00f6l\u00e7\u00fcde etkilemi\u015ftir. \u201c[\u00d6teki] \u0130lk \u00f6nce benim ke\u015ffetti\u011fim ve ortaya koydu\u011fum en b\u00fcy\u00fck, en \u00f6nemli tip.\u201d DOSTOYEVSK\u0130, 1859. \u201cEdebiyata bu fikirden daha ciddi bir katk\u0131m olmad\u0131.\u201d DOSTOYEVSK\u0130, 1877.<\/p>\n","protected":false},"excerpt":{"rendered":"<p>Ergin Altay \u00e7evirisi, Clarence A. Manning&#8217;in \u00f6ns\u00f6z\u00fc, Dmitri Chizhevsky&#8217;\u0131n sons\u00f6z\u00fc, Yazar ve d\u00f6nem kronolojisi, Kitaba dair g\u00f6rsellerle. Edebi kariyeri boyunca Dostoyevski\u2019nin zihnini me\u015fgul eden \u00d6teki, yazar\u0131n<span class=\"excerpt-hellip\"> [\u2026]<\/span><\/p>\n","protected":false},"featured_media":0,"template":"","meta":{"_monsterinsights_skip_tracking":false,"_monsterinsights_sitenote_active":false,"_monsterinsights_sitenote_note":"","_monsterinsights_sitenote_category":0},"product_brand":[],"product_cat":[12291,13570],"product_tag":[],"class_list":{"0":"post-702191","1":"product","2":"type-product","3":"status-publish","5":"product_cat-edebiyat","6":"product_cat-rus-edebiyati","7":"pa_cilt-ciltsiz","8":"pa_tur-kitap","9":"pa_yayinevi-iletisim-yayinlari","10":"pa_yazar-fyodor-mihaylovic-dostoyevski","12":"first","13":"instock","14":"sale","15":"shipping-taxable","16":"purchasable","17":"product-type-simple"},"_links":{"self":[{"href":"https:\/\/roveyayinevi.com.tr\/index.php\/wp-json\/wp\/v2\/product\/702191","targetHints":{"allow":["GET"]}}],"collection":[{"href":"https:\/\/roveyayinevi.com.tr\/index.php\/wp-json\/wp\/v2\/product"}],"about":[{"href":"https:\/\/roveyayinevi.com.tr\/index.php\/wp-json\/wp\/v2\/types\/product"}],"wp:attachment":[{"href":"https:\/\/roveyayinevi.com.tr\/index.php\/wp-json\/wp\/v2\/media?parent=702191"}],"wp:term":[{"taxonomy":"product_brand","embeddable":true,"href":"https:\/\/roveyayinevi.com.tr\/index.php\/wp-json\/wp\/v2\/product_brand?post=702191"},{"taxonomy":"product_cat","embeddable":true,"href":"https:\/\/roveyayinevi.com.tr\/index.php\/wp-json\/wp\/v2\/product_cat?post=702191"},{"taxonomy":"product_tag","embeddable":true,"href":"https:\/\/roveyayinevi.com.tr\/index.php\/wp-json\/wp\/v2\/product_tag?post=702191"}],"curies":[{"name":"wp","href":"https:\/\/api.w.org\/{rel}","templated":true}]}}