{"id":702188,"date":"2025-08-27T15:14:28","date_gmt":"2025-08-27T12:14:28","guid":{"rendered":"https:\/\/roveyayinevi.com.tr\/index.php\/urun\/beden-akliyla-zayiflama\/"},"modified":"2026-04-16T02:11:24","modified_gmt":"2026-04-15T23:11:24","slug":"beden-akliyla-zayiflama","status":"publish","type":"product","link":"https:\/\/roveyayinevi.com.tr\/index.php\/urun\/beden-akliyla-zayiflama\/","title":{"rendered":"Beden Akl\u0131yla Zay\u0131flama"},"content":{"rendered":"<p>Diyet ve zay\u0131flama konusu neredeyse hepimizin g\u00fcndeminde\u2026 Ama kilo sorununu bir t\u00fcrl\u00fc \u00e7\u00f6zemiyoruz. \u00c7\u00fcnk\u00fc &#8216;piyasa&#8217; yanl\u0131\u015f y\u00f6nlendirmeler, kifayetsiz diyetler, demode bilgilerle dolu. Kilo probleminden kurtulmaya \u00e7al\u0131\u015ft\u0131k\u00e7a sanki daha \u00e7ok kilo al\u0131yoruz!  Peki, as\u0131l sorunun yediklerimiz de\u011fil, sindiremediklerimiz oldu\u011funu hi\u00e7 d\u00fc\u015f\u00fcnd\u00fcn\u00fcz m\u00fc? Bedenin de bir akl\u0131 olabilece\u011fi ve onu tekrar \u00e7al\u0131\u015ft\u0131rd\u0131\u011f\u0131n\u0131zda kilolar\u0131n kolayl\u0131kla gidece\u011fi hi\u00e7 akl\u0131n\u0131za geldi mi?  Elinizdeki kitap beden akl\u0131n\u0131n ne oldu\u011funu ve d\u00fczg\u00fcn i\u015flemesi i\u00e7in yapmam\u0131z gerekenleri anlat\u0131yor. Dr. Fevzi \u00d6zg\u00fcn\u00fcl&#8217;\u00fcn yakla\u015f\u0131k 12 y\u0131lda binlerce hastay\u0131 tedavi ederken edindi\u011fi tecr\u00fcbelerin sonucu\u2026  Dr. \u00d6zg\u00f6n\u00fcl uzun y\u0131llar aile hekimli\u011fi yapm\u0131\u015f. Daha sonra obezite konusuna yo\u011funla\u015fm\u0131\u015f, kilo problemi ya\u015fam\u0131\u015f ve bir t\u00fcrl\u00fc bu problemden kurtulamam\u0131\u015f 10 binden fazla hasta tedavi etmi\u015f. Yakla\u015f\u0131k 150 bin hasta g\u00f6r\u00fc\u015fmesi yapm\u0131\u015f. Bu g\u00f6r\u00fc\u015fmelerde edindi\u011fi bilgileri ve tecr\u00fcbeleri, Beden Akl\u0131yla Zay\u0131fla&#8217;da bizlerle payla\u015f\u0131yor.  \u0130\u015ftah\u0131 azaltman\u0131n ve ekstra kilolardan kurtulman\u0131n en iyi yolunun, doyana kadar besleyici g\u0131dalar\u0131 yemek ve v\u00fccudu g\u00fc\u00e7lendirmek oldu\u011funu s\u00f6yl\u00fcyor. Ona g\u00f6re bize kilo ald\u0131ran fazladan yediklerimiz de\u011fil; atlad\u0131\u011f\u0131m\u0131z, yemedi\u011fimiz \u00f6\u011f\u00fcnler ve yediklerimiz i\u00e7erisinde sindiremedi\u011fimiz b\u00f6l\u00fcmler! Dr. Fevzi \u00d6zg\u00f6n\u00fcl, &#8220;\u015ei\u015fmanl\u0131kta as\u0131l mesele sindirememek! \u00c7\u00fcnk\u00fc beden akl\u0131n\u0131n merkezi, sindirim sistemi! Merkezde i\u015fler d\u00fczg\u00fcn y\u00fcr\u00fcrse t\u00fcm bedende i\u015fler d\u00fczg\u00fcn y\u00fcr\u00fcr ve ya\u015fam sa\u011fl\u0131kl\u0131 olur&#8221; diyor. <\/p>\n","protected":false},"excerpt":{"rendered":"<p>Diyet ve zay\u0131flama konusu neredeyse hepimizin g\u00fcndeminde\u2026 Ama kilo sorununu bir t\u00fcrl\u00fc \u00e7\u00f6zemiyoruz. \u00c7\u00fcnk\u00fc &#8216;piyasa&#8217; yanl\u0131\u015f y\u00f6nlendirmeler, kifayetsiz diyetler, demode bilgilerle dolu. Kilo probleminden kurtulmaya \u00e7al\u0131\u015ft\u0131k\u00e7a<span class=\"excerpt-hellip\"> [\u2026]<\/span><\/p>\n","protected":false},"featured_media":0,"template":"","meta":{"_monsterinsights_skip_tracking":false,"_monsterinsights_sitenote_active":false,"_monsterinsights_sitenote_note":"","_monsterinsights_sitenote_category":0},"product_brand":[],"product_cat":[13402,13365],"product_tag":[],"class_list":{"0":"post-702188","1":"product","2":"type-product","3":"status-publish","5":"product_cat-beslenme-ve-diyet","6":"product_cat-saglik","7":"pa_cilt-ciltsiz","8":"pa_tur-kitap","9":"pa_yayinevi-hayykitap","10":"pa_yazar-fevzi-ozgonul","12":"first","13":"instock","14":"sale","15":"shipping-taxable","16":"purchasable","17":"product-type-simple"},"_links":{"self":[{"href":"https:\/\/roveyayinevi.com.tr\/index.php\/wp-json\/wp\/v2\/product\/702188","targetHints":{"allow":["GET"]}}],"collection":[{"href":"https:\/\/roveyayinevi.com.tr\/index.php\/wp-json\/wp\/v2\/product"}],"about":[{"href":"https:\/\/roveyayinevi.com.tr\/index.php\/wp-json\/wp\/v2\/types\/product"}],"wp:attachment":[{"href":"https:\/\/roveyayinevi.com.tr\/index.php\/wp-json\/wp\/v2\/media?parent=702188"}],"wp:term":[{"taxonomy":"product_brand","embeddable":true,"href":"https:\/\/roveyayinevi.com.tr\/index.php\/wp-json\/wp\/v2\/product_brand?post=702188"},{"taxonomy":"product_cat","embeddable":true,"href":"https:\/\/roveyayinevi.com.tr\/index.php\/wp-json\/wp\/v2\/product_cat?post=702188"},{"taxonomy":"product_tag","embeddable":true,"href":"https:\/\/roveyayinevi.com.tr\/index.php\/wp-json\/wp\/v2\/product_tag?post=702188"}],"curies":[{"name":"wp","href":"https:\/\/api.w.org\/{rel}","templated":true}]}}