{"id":702187,"date":"2025-08-27T15:14:28","date_gmt":"2025-08-27T12:14:28","guid":{"rendered":"https:\/\/roveyayinevi.com.tr\/index.php\/urun\/einstein-bulmacasi-1\/"},"modified":"2026-04-16T02:11:24","modified_gmt":"2026-04-15T23:11:24","slug":"einstein-bulmacasi-1","status":"publish","type":"product","link":"https:\/\/roveyayinevi.com.tr\/index.php\/urun\/einstein-bulmacasi-1\/","title":{"rendered":"Einstein Bulmacas\u0131 1"},"content":{"rendered":"<p>Einstein me\u015fhur bulmacas\u0131n\u0131 \u00e7ocukken tasarlam\u0131\u015ft\u0131. Be\u015f kom\u015fu ve bir bal\u0131k hakk\u0131ndaki bu hain problem \u00f6yle ak\u0131ll\u0131cayd\u0131 ki Einstein bu soruyu her elli ki\u015fiden yaln\u0131zca birinin \u00e7\u00f6zebilece\u011fini \u00f6ne s\u00fcrm\u00fc\u015ft\u00fc. Ama bu sadece ba\u015flang\u0131\u00e7&#8230;Bu kitapta, \u015fimdiye dek tasarlanm\u0131\u015f en \u015fa\u015f\u0131rt\u0131c\u0131 zihin a\u00e7\u0131c\u0131larla kar\u015f\u0131la\u015facaks\u0131n\u0131z. \u00dc\u00e7 kap\u0131dan birini se\u00e7erken, s\u00fcrpriz partinin hangi g\u00fcn olaca\u011f\u0131na dair tahmin y\u00fcr\u00fct\u00fcrken ya da bilgisayar\u0131n\u0131za d\u00fc\u015fen ve bir \u015fekilde hep do\u011fru \u00e7\u0131kan ma\u00e7 tahmini e-postalar\u0131n\u0131n g\u00fcvenilirli\u011fini hesaplarken gri h\u00fccreleriniz fazla mesai yapacak.  \u00c7\u00f6z\u00fcm\u00fc bulman\u0131z halinde ne kadar gururlansan\u0131z hakk\u0131n\u0131z. Ama aksi durumda l\u00fctfen sorumlu okurlu\u011fu elden b\u0131rakmay\u0131n; \u00e7\u00f6zememenin verdi\u011fi sinirle f\u0131rlat\u0131lan kitap yaralay\u0131c\u0131 olabilir. <\/p>\n","protected":false},"excerpt":{"rendered":"<p>Einstein me\u015fhur bulmacas\u0131n\u0131 \u00e7ocukken tasarlam\u0131\u015ft\u0131. Be\u015f kom\u015fu ve bir bal\u0131k hakk\u0131ndaki bu hain problem \u00f6yle ak\u0131ll\u0131cayd\u0131 ki Einstein bu soruyu her elli ki\u015fiden yaln\u0131zca birinin \u00e7\u00f6zebilece\u011fini<span class=\"excerpt-hellip\"> [\u2026]<\/span><\/p>\n","protected":false},"featured_media":0,"template":"","meta":{"_monsterinsights_skip_tracking":false,"_monsterinsights_sitenote_active":false,"_monsterinsights_sitenote_note":"","_monsterinsights_sitenote_category":0},"product_brand":[],"product_cat":[13005,13006],"product_tag":[],"class_list":{"0":"post-702187","1":"product","2":"type-product","3":"status-publish","5":"product_cat-bilim-muhendislik","6":"product_cat-populer-bilim","7":"pa_cilt-ciltsiz","8":"pa_tur-kitap","9":"pa_yayinevi-domingo-yayinevi","10":"pa_yazar-jeremy-stangroom","12":"first","13":"instock","14":"sale","15":"shipping-taxable","16":"purchasable","17":"product-type-simple"},"_links":{"self":[{"href":"https:\/\/roveyayinevi.com.tr\/index.php\/wp-json\/wp\/v2\/product\/702187","targetHints":{"allow":["GET"]}}],"collection":[{"href":"https:\/\/roveyayinevi.com.tr\/index.php\/wp-json\/wp\/v2\/product"}],"about":[{"href":"https:\/\/roveyayinevi.com.tr\/index.php\/wp-json\/wp\/v2\/types\/product"}],"wp:attachment":[{"href":"https:\/\/roveyayinevi.com.tr\/index.php\/wp-json\/wp\/v2\/media?parent=702187"}],"wp:term":[{"taxonomy":"product_brand","embeddable":true,"href":"https:\/\/roveyayinevi.com.tr\/index.php\/wp-json\/wp\/v2\/product_brand?post=702187"},{"taxonomy":"product_cat","embeddable":true,"href":"https:\/\/roveyayinevi.com.tr\/index.php\/wp-json\/wp\/v2\/product_cat?post=702187"},{"taxonomy":"product_tag","embeddable":true,"href":"https:\/\/roveyayinevi.com.tr\/index.php\/wp-json\/wp\/v2\/product_tag?post=702187"}],"curies":[{"name":"wp","href":"https:\/\/api.w.org\/{rel}","templated":true}]}}