{"id":702180,"date":"2025-08-27T15:14:25","date_gmt":"2025-08-27T12:14:25","guid":{"rendered":"https:\/\/roveyayinevi.com.tr\/index.php\/urun\/cizgi-alistirmalari-hayvanlar\/"},"modified":"2026-04-16T02:11:23","modified_gmt":"2026-04-15T23:11:23","slug":"cizgi-alistirmalari-hayvanlar","status":"publish","type":"product","link":"https:\/\/roveyayinevi.com.tr\/index.php\/urun\/cizgi-alistirmalari-hayvanlar\/","title":{"rendered":"\u00c7izgi Al\u0131\u015ft\u0131rmalar\u0131 &#8211; Hayvanlar"},"content":{"rendered":"<p>Yap\u0131\u015ft\u0131r \u00c7iz Sil serisine ait 8 kitap, \u00e7ocuklar\u0131n kalem ve kitap ile e\u011flenceli bir \u015fekilde kar\u015f\u0131la\u015fmalar\u0131n\u0131 sa\u011flarken; y\u00f6nergelere uygun davranma, g\u00f6rsel alg\u0131lama, el-g\u00f6z kordinasyonu, ince motor becerileri, kavram \u00f6\u011fretimi, \u015fekil zemin ayr\u0131m\u0131, ak\u0131lda tutma, hat\u0131rlama, tahmin etme, e\u015fle\u015ftirme, ili\u015fki kurma, farkl\u0131 olan\u0131 bulma vb. bili\u015fsel, ince motor ve duygusal geli\u015fim basamaklar\u0131na ait becerilerin geli\u015fmesini sa\u011flayacak \u015fekilde haz\u0131rland\u0131. <\/p>\n","protected":false},"excerpt":{"rendered":"<p>Yap\u0131\u015ft\u0131r \u00c7iz Sil serisine ait 8 kitap, \u00e7ocuklar\u0131n kalem ve kitap ile e\u011flenceli bir \u015fekilde kar\u015f\u0131la\u015fmalar\u0131n\u0131 sa\u011flarken; y\u00f6nergelere uygun davranma, g\u00f6rsel alg\u0131lama, el-g\u00f6z kordinasyonu, ince motor<span class=\"excerpt-hellip\"> [\u2026]<\/span><\/p>\n","protected":false},"featured_media":0,"template":"","meta":{"_monsterinsights_skip_tracking":false,"_monsterinsights_sitenote_active":false,"_monsterinsights_sitenote_note":"","_monsterinsights_sitenote_category":0},"product_brand":[],"product_cat":[12644,12274],"product_tag":[],"class_list":{"0":"post-702180","1":"product","2":"type-product","3":"status-publish","5":"product_cat-boyama-kitaplari","6":"product_cat-cocuk-ve-genclik-kitaplari","7":"pa_tur-kitap","8":"pa_yayinevi-parilti-yayinlari","9":"pa_yazar-kolektif","11":"first","12":"instock","13":"sale","14":"shipping-taxable","15":"purchasable","16":"product-type-simple"},"_links":{"self":[{"href":"https:\/\/roveyayinevi.com.tr\/index.php\/wp-json\/wp\/v2\/product\/702180","targetHints":{"allow":["GET"]}}],"collection":[{"href":"https:\/\/roveyayinevi.com.tr\/index.php\/wp-json\/wp\/v2\/product"}],"about":[{"href":"https:\/\/roveyayinevi.com.tr\/index.php\/wp-json\/wp\/v2\/types\/product"}],"wp:attachment":[{"href":"https:\/\/roveyayinevi.com.tr\/index.php\/wp-json\/wp\/v2\/media?parent=702180"}],"wp:term":[{"taxonomy":"product_brand","embeddable":true,"href":"https:\/\/roveyayinevi.com.tr\/index.php\/wp-json\/wp\/v2\/product_brand?post=702180"},{"taxonomy":"product_cat","embeddable":true,"href":"https:\/\/roveyayinevi.com.tr\/index.php\/wp-json\/wp\/v2\/product_cat?post=702180"},{"taxonomy":"product_tag","embeddable":true,"href":"https:\/\/roveyayinevi.com.tr\/index.php\/wp-json\/wp\/v2\/product_tag?post=702180"}],"curies":[{"name":"wp","href":"https:\/\/api.w.org\/{rel}","templated":true}]}}