{"id":702177,"date":"2025-08-27T15:14:24","date_gmt":"2025-08-27T12:14:24","guid":{"rendered":"https:\/\/roveyayinevi.com.tr\/index.php\/urun\/insanin-hikayesi\/"},"modified":"2026-04-16T02:11:23","modified_gmt":"2026-04-15T23:11:23","slug":"insanin-hikayesi","status":"publish","type":"product","link":"https:\/\/roveyayinevi.com.tr\/index.php\/urun\/insanin-hikayesi\/","title":{"rendered":"\u0130nsan\u0131n Hikayesi"},"content":{"rendered":"<p>\u0130nsan\u0131n Hik\u00e2yesi, uzun ve ayr\u0131nt\u0131l\u0131 bir hik\u00e2yeyi k\u0131sa, \u00f6zl\u00fc ve kolay anla\u015f\u0131l\u0131r bi\u00e7imde, yirmi birinci y\u00fczy\u0131l okuru i\u00e7in yeni ba\u015ftan anlatan bir yap\u0131t. Okul y\u0131llar\u0131m\u0131zdan s\u0131k\u0131c\u0131 bir olaylar y\u0131\u011f\u0131n\u0131 olarak akl\u0131m\u0131zda kalan uzun insanl\u0131k tarihi, bu kitapta bir solukta okunabilen merakl\u0131 bir \u00f6yk\u00fcye d\u00f6n\u00fc\u015f\u00fcyor. Atalar\u0131m\u0131z\u0131n ma\u011faralardan bozk\u0131rlara, g\u00f6\u00e7erlikten yerle\u015fikli\u011fe, merkezi imparatorluklardan ulus devletlere uzanan tarihi efsanelerle, insan hik\u00e2yeleriyle yo\u011frulmu\u015f olarak ak\u0131p gidiyor\u2026 B\u00fcy\u00fck bir hik\u00e2yeyi \u00f6\u011frenmek, hat\u0131rlamak ya da unutulup gitmi\u015f eksik par\u00e7alar\u0131n\u0131 tamamlamak isteyenler i\u00e7in bir ba\u015fucu kitab\u0131\u2026 \ufffcTan\u0131t\u0131m Metni<\/p>\n","protected":false},"excerpt":{"rendered":"<p>\u0130nsan\u0131n Hik\u00e2yesi, uzun ve ayr\u0131nt\u0131l\u0131 bir hik\u00e2yeyi k\u0131sa, \u00f6zl\u00fc ve kolay anla\u015f\u0131l\u0131r bi\u00e7imde, yirmi birinci y\u00fczy\u0131l okuru i\u00e7in yeni ba\u015ftan anlatan bir yap\u0131t. Okul y\u0131llar\u0131m\u0131zdan s\u0131k\u0131c\u0131<span class=\"excerpt-hellip\"> [\u2026]<\/span><\/p>\n","protected":false},"featured_media":0,"template":"","meta":{"_monsterinsights_skip_tracking":false,"_monsterinsights_sitenote_active":false,"_monsterinsights_sitenote_note":"","_monsterinsights_sitenote_category":0},"product_brand":[],"product_cat":[12312,12304],"product_tag":[],"class_list":{"0":"post-702177","1":"product","2":"type-product","3":"status-publish","5":"product_cat-diger","6":"product_cat-tarih","7":"pa_cilt-ciltsiz","8":"pa_tur-kitap","9":"pa_yayinevi-is-bankasi-kultur-yayinlari","10":"pa_yazar-james-c-davis","12":"first","13":"instock","14":"sale","15":"shipping-taxable","16":"purchasable","17":"product-type-simple"},"_links":{"self":[{"href":"https:\/\/roveyayinevi.com.tr\/index.php\/wp-json\/wp\/v2\/product\/702177","targetHints":{"allow":["GET"]}}],"collection":[{"href":"https:\/\/roveyayinevi.com.tr\/index.php\/wp-json\/wp\/v2\/product"}],"about":[{"href":"https:\/\/roveyayinevi.com.tr\/index.php\/wp-json\/wp\/v2\/types\/product"}],"wp:attachment":[{"href":"https:\/\/roveyayinevi.com.tr\/index.php\/wp-json\/wp\/v2\/media?parent=702177"}],"wp:term":[{"taxonomy":"product_brand","embeddable":true,"href":"https:\/\/roveyayinevi.com.tr\/index.php\/wp-json\/wp\/v2\/product_brand?post=702177"},{"taxonomy":"product_cat","embeddable":true,"href":"https:\/\/roveyayinevi.com.tr\/index.php\/wp-json\/wp\/v2\/product_cat?post=702177"},{"taxonomy":"product_tag","embeddable":true,"href":"https:\/\/roveyayinevi.com.tr\/index.php\/wp-json\/wp\/v2\/product_tag?post=702177"}],"curies":[{"name":"wp","href":"https:\/\/api.w.org\/{rel}","templated":true}]}}