{"id":702169,"date":"2025-08-27T15:14:21","date_gmt":"2025-08-27T12:14:21","guid":{"rendered":"https:\/\/roveyayinevi.com.tr\/index.php\/urun\/kibris-komunist-partisi-tarihi\/"},"modified":"2026-04-16T02:11:23","modified_gmt":"2026-04-15T23:11:23","slug":"kibris-komunist-partisi-tarihi","status":"publish","type":"product","link":"https:\/\/roveyayinevi.com.tr\/index.php\/urun\/kibris-komunist-partisi-tarihi\/","title":{"rendered":"K\u0131br\u0131s Kom\u00fcnist Partisi Tarihi"},"content":{"rendered":"<p>K\u0131br\u0131s\u2019\u0131n s\u0131n\u0131f siyaseti bak\u0131m\u0131ndan \u00e7orak topraklar\u0131 1920\u2019 li y\u0131llar\u0131n ortas\u0131nda beklenmedik bir geli\u015fmeye sahne oldu: K\u0131br\u0131s\u2019ta bir kom\u00fcnist partisi kuruldu&#8230; <\/p>\n","protected":false},"excerpt":{"rendered":"<p>K\u0131br\u0131s\u2019\u0131n s\u0131n\u0131f siyaseti bak\u0131m\u0131ndan \u00e7orak topraklar\u0131 1920\u2019 li y\u0131llar\u0131n ortas\u0131nda beklenmedik bir geli\u015fmeye sahne oldu: K\u0131br\u0131s\u2019ta bir kom\u00fcnist partisi kuruldu&#8230;<\/p>\n","protected":false},"featured_media":0,"template":"","meta":{"_monsterinsights_skip_tracking":false,"_monsterinsights_sitenote_active":false,"_monsterinsights_sitenote_note":"","_monsterinsights_sitenote_category":0},"product_brand":[],"product_cat":[12370,12304],"product_tag":[],"class_list":{"0":"post-702169","1":"product","2":"type-product","3":"status-publish","5":"product_cat-arastirma-inceleme","6":"product_cat-tarih","7":"pa_tur-kitap","8":"pa_yayinevi-kalkedon-yayincilik","9":"pa_yazar-yiannos-katsurides","11":"first","12":"instock","13":"sale","14":"shipping-taxable","15":"purchasable","16":"product-type-simple"},"_links":{"self":[{"href":"https:\/\/roveyayinevi.com.tr\/index.php\/wp-json\/wp\/v2\/product\/702169","targetHints":{"allow":["GET"]}}],"collection":[{"href":"https:\/\/roveyayinevi.com.tr\/index.php\/wp-json\/wp\/v2\/product"}],"about":[{"href":"https:\/\/roveyayinevi.com.tr\/index.php\/wp-json\/wp\/v2\/types\/product"}],"wp:attachment":[{"href":"https:\/\/roveyayinevi.com.tr\/index.php\/wp-json\/wp\/v2\/media?parent=702169"}],"wp:term":[{"taxonomy":"product_brand","embeddable":true,"href":"https:\/\/roveyayinevi.com.tr\/index.php\/wp-json\/wp\/v2\/product_brand?post=702169"},{"taxonomy":"product_cat","embeddable":true,"href":"https:\/\/roveyayinevi.com.tr\/index.php\/wp-json\/wp\/v2\/product_cat?post=702169"},{"taxonomy":"product_tag","embeddable":true,"href":"https:\/\/roveyayinevi.com.tr\/index.php\/wp-json\/wp\/v2\/product_tag?post=702169"}],"curies":[{"name":"wp","href":"https:\/\/api.w.org\/{rel}","templated":true}]}}