{"id":702166,"date":"2025-08-27T15:14:20","date_gmt":"2025-08-27T12:14:20","guid":{"rendered":"https:\/\/roveyayinevi.com.tr\/index.php\/urun\/deha-2-ciltli\/"},"modified":"2025-10-27T13:13:47","modified_gmt":"2025-10-27T10:13:47","slug":"deha-2-ciltli","status":"publish","type":"product","link":"https:\/\/roveyayinevi.com.tr\/index.php\/urun\/deha-2-ciltli\/","title":{"rendered":"Deha -2 (Ciltli)"},"content":{"rendered":"<p>Ustaca Tasarlanm\u0131\u015f Bir D\u00fcnya, Siyasi Oyunlar ve Bir Entrika A\u011f\u0131&#8230;Efsane&#8217;nin Nefes Kesici Devam Kitab\u0131 <\/p>\n","protected":false},"excerpt":{"rendered":"<p>Ustaca Tasarlanm\u0131\u015f Bir D\u00fcnya, Siyasi Oyunlar ve Bir Entrika A\u011f\u0131&#8230;Efsane&#8217;nin Nefes Kesici Devam Kitab\u0131<\/p>\n","protected":false},"featured_media":0,"template":"","meta":{"_monsterinsights_skip_tracking":false,"_monsterinsights_sitenote_active":false,"_monsterinsights_sitenote_note":"","_monsterinsights_sitenote_category":0},"product_brand":[],"product_cat":[12291,12711],"product_tag":[],"class_list":{"0":"post-702166","1":"product","2":"type-product","3":"status-publish","5":"product_cat-edebiyat","6":"product_cat-roman-oyku","7":"pa_cilt-ciltli","8":"pa_tur-kitap","9":"pa_yayinevi-pegasus-yayinlari","10":"pa_yazar-marie-lu","12":"first","13":"instock","14":"sale","15":"shipping-taxable","16":"purchasable","17":"product-type-simple"},"_links":{"self":[{"href":"https:\/\/roveyayinevi.com.tr\/index.php\/wp-json\/wp\/v2\/product\/702166","targetHints":{"allow":["GET"]}}],"collection":[{"href":"https:\/\/roveyayinevi.com.tr\/index.php\/wp-json\/wp\/v2\/product"}],"about":[{"href":"https:\/\/roveyayinevi.com.tr\/index.php\/wp-json\/wp\/v2\/types\/product"}],"wp:attachment":[{"href":"https:\/\/roveyayinevi.com.tr\/index.php\/wp-json\/wp\/v2\/media?parent=702166"}],"wp:term":[{"taxonomy":"product_brand","embeddable":true,"href":"https:\/\/roveyayinevi.com.tr\/index.php\/wp-json\/wp\/v2\/product_brand?post=702166"},{"taxonomy":"product_cat","embeddable":true,"href":"https:\/\/roveyayinevi.com.tr\/index.php\/wp-json\/wp\/v2\/product_cat?post=702166"},{"taxonomy":"product_tag","embeddable":true,"href":"https:\/\/roveyayinevi.com.tr\/index.php\/wp-json\/wp\/v2\/product_tag?post=702166"}],"curies":[{"name":"wp","href":"https:\/\/api.w.org\/{rel}","templated":true}]}}