{"id":702164,"date":"2025-08-27T15:14:19","date_gmt":"2025-08-27T12:14:19","guid":{"rendered":"https:\/\/roveyayinevi.com.tr\/index.php\/urun\/sorularla-hacli-seferleri\/"},"modified":"2026-04-16T02:11:23","modified_gmt":"2026-04-15T23:11:23","slug":"sorularla-hacli-seferleri","status":"publish","type":"product","link":"https:\/\/roveyayinevi.com.tr\/index.php\/urun\/sorularla-hacli-seferleri\/","title":{"rendered":"Sorularla Ha\u00e7l\u0131 Seferleri"},"content":{"rendered":"<p>Do\u011fu ile Bat\u0131, Ha\u00e7l\u0131 Seferleri\u2019nden \u00f6nce de pek \u00e7ok kereler kar\u015f\u0131 kar\u015f\u0131ya gelmi\u015fti. Ancak bu kez bu \u00e7at\u0131\u015fman\u0131n taraflar\u0131ndan Bat\u0131, Hristiyanl\u0131\u011f\u0131, Do\u011fu ise M\u00fcsl\u00fcmanl\u0131\u011f\u0131 temsil ediyordu. Yani \u00e7at\u0131\u015fman\u0131n g\u00f6r\u00fcnen boyutunda \u201cinan\u00e7\u201d belirleyici bir g\u00f6r\u00fcn\u00fcm arz ediyor gibiydi. Fakat acaba durum ger\u00e7ekten b\u00f6yle miydi?    Bug\u00fcne dek \u00f6zellikle Bat\u0131\u2019da yap\u0131lan Ha\u00e7l\u0131 Seferleri ile ilgili \u00e7al\u0131\u015fmalar\u0131n b\u00fcy\u00fck \u00e7o\u011funlu\u011funda \u201cinan\u00e7\u201d fakt\u00f6r\u00fc neden hep \u00f6n planda tutulmaya \u00e7al\u0131\u015f\u0131ld\u0131? \u00d6zellikle bat\u0131l\u0131 tarih\u00e7iler niye bunu tercih ettiler? Bu tercih baz\u0131 ger\u00e7ekleri gizleme \u00e7abas\u0131yla m\u0131 ilgiliydi? Yoksa ger\u00e7ekten i\u015fin asl\u0131 b\u00f6yle miydi? Di\u011fer taraftan Ha\u00e7l\u0131 Seferleri\u2019nin g\u00fcn\u00fcm\u00fcze dek uzanan etkileri ve bir arg\u00fcman olarak hala kullan\u0131lmas\u0131n\u0131n sebepleri nelerdi? Hepsinden \u00f6nemlisi ise, g\u00fcn\u00fcm\u00fcz Orta Do\u011fusu\u2019nda ya\u015fanan sava\u015flar ve buna ba\u011fl\u0131 olarak her g\u00fcn \u00f6len pek \u00e7ok insan sebebiyle ortaya \u00e7\u0131kan kaos ortam\u0131n\u0131n, art\u0131k tarihin derinliklerinde kald\u0131\u011f\u0131n\u0131 zannetti\u011fimiz Ha\u00e7l\u0131 Seferleri ile bir ili\u015fkisi var m\u0131yd\u0131? Ayr\u0131ca T\u00fcrklerin ve Anadolu\u2019nun T\u00fcrkler taraf\u0131ndan fethinin bu seferler ile ili\u015fkisi neydi?   Elinizdeki eserde Ha\u00e7l\u0131 Seferleri ile ilgili bunlar gibi bir\u00e7ok sorunun cevab\u0131n\u0131 bulabilirsiniz. <\/p>\n","protected":false},"excerpt":{"rendered":"<p>Do\u011fu ile Bat\u0131, Ha\u00e7l\u0131 Seferleri\u2019nden \u00f6nce de pek \u00e7ok kereler kar\u015f\u0131 kar\u015f\u0131ya gelmi\u015fti. Ancak bu kez bu \u00e7at\u0131\u015fman\u0131n taraflar\u0131ndan Bat\u0131, Hristiyanl\u0131\u011f\u0131, Do\u011fu ise M\u00fcsl\u00fcmanl\u0131\u011f\u0131 temsil ediyordu.<span class=\"excerpt-hellip\"> [\u2026]<\/span><\/p>\n","protected":false},"featured_media":0,"template":"","meta":{"_monsterinsights_skip_tracking":false,"_monsterinsights_sitenote_active":false,"_monsterinsights_sitenote_note":"","_monsterinsights_sitenote_category":0},"product_brand":[],"product_cat":[12305,12304],"product_tag":[],"class_list":{"0":"post-702164","1":"product","2":"type-product","3":"status-publish","5":"product_cat-dunya-tarihi","6":"product_cat-tarih","7":"pa_cilt-ciltsiz","8":"pa_tur-kitap","9":"pa_yayinevi-yeditepe-yayinevi","10":"pa_yazar-cuneyt-kanat","12":"first","13":"instock","14":"sale","15":"shipping-taxable","16":"purchasable","17":"product-type-simple"},"_links":{"self":[{"href":"https:\/\/roveyayinevi.com.tr\/index.php\/wp-json\/wp\/v2\/product\/702164","targetHints":{"allow":["GET"]}}],"collection":[{"href":"https:\/\/roveyayinevi.com.tr\/index.php\/wp-json\/wp\/v2\/product"}],"about":[{"href":"https:\/\/roveyayinevi.com.tr\/index.php\/wp-json\/wp\/v2\/types\/product"}],"wp:attachment":[{"href":"https:\/\/roveyayinevi.com.tr\/index.php\/wp-json\/wp\/v2\/media?parent=702164"}],"wp:term":[{"taxonomy":"product_brand","embeddable":true,"href":"https:\/\/roveyayinevi.com.tr\/index.php\/wp-json\/wp\/v2\/product_brand?post=702164"},{"taxonomy":"product_cat","embeddable":true,"href":"https:\/\/roveyayinevi.com.tr\/index.php\/wp-json\/wp\/v2\/product_cat?post=702164"},{"taxonomy":"product_tag","embeddable":true,"href":"https:\/\/roveyayinevi.com.tr\/index.php\/wp-json\/wp\/v2\/product_tag?post=702164"}],"curies":[{"name":"wp","href":"https:\/\/api.w.org\/{rel}","templated":true}]}}