{"id":702159,"date":"2025-08-27T15:14:17","date_gmt":"2025-08-27T12:14:17","guid":{"rendered":"https:\/\/roveyayinevi.com.tr\/index.php\/urun\/altin-atasozleri-ve-deyimler-sozlugu\/"},"modified":"2026-04-16T02:11:23","modified_gmt":"2026-04-15T23:11:23","slug":"altin-atasozleri-ve-deyimler-sozlugu","status":"publish","type":"product","link":"https:\/\/roveyayinevi.com.tr\/index.php\/urun\/altin-atasozleri-ve-deyimler-sozlugu\/","title":{"rendered":"Alt\u0131n Atas\u00f6zleri ve Deyimler S\u00f6zl\u00fc\u011f\u00fc"},"content":{"rendered":"<p>Alt\u0131n Atas\u00f6zleri ve Deyimler S\u00f6zl\u00fc\u011f\u00fc, ilk ve orta \u00f6\u011fretim \u00f6\u011frencilerinin dilimizi ve k\u00fclt\u00fcr\u00fcm\u00fcz\u00fc \u00f6\u011frenmeleri i\u00e7in haz\u0131rlanm\u0131\u015f e\u015fsiz bir kaynakt\u0131r.Bu kitapta, milli dil k\u00fclt\u00fcr\u00fcm\u00fcz\u00fcn en \u00f6nemli de\u011ferlerinden atas\u00f6zleri ve deyimlerimizin en g\u00fczel, en anla\u015f\u0131l\u0131r a\u00e7\u0131klamalar\u0131n\u0131 bulacaks\u0131n\u0131z.Bu s\u00f6zl\u00fck, T\u00fcrk Dil Kurumunun en son \u00e7\u0131kan imla k\u0131lavuzuna g\u00f6re d\u00fczenlenip geni\u015fletilmi\u015ftir. \ufffc<\/p>\n","protected":false},"excerpt":{"rendered":"<p>Alt\u0131n Atas\u00f6zleri ve Deyimler S\u00f6zl\u00fc\u011f\u00fc, ilk ve orta \u00f6\u011fretim \u00f6\u011frencilerinin dilimizi ve k\u00fclt\u00fcr\u00fcm\u00fcz\u00fc \u00f6\u011frenmeleri i\u00e7in haz\u0131rlanm\u0131\u015f e\u015fsiz bir kaynakt\u0131r.Bu kitapta, milli dil k\u00fclt\u00fcr\u00fcm\u00fcz\u00fcn en \u00f6nemli de\u011ferlerinden<span class=\"excerpt-hellip\"> [\u2026]<\/span><\/p>\n","protected":false},"featured_media":0,"template":"","meta":{"_monsterinsights_skip_tracking":false,"_monsterinsights_sitenote_active":false,"_monsterinsights_sitenote_note":"","_monsterinsights_sitenote_category":0},"product_brand":[],"product_cat":[19532,12566,13611],"product_tag":[],"class_list":{"0":"post-702159","1":"product","2":"type-product","3":"status-publish","5":"product_cat-atasozleri-deyimler-ve-terimleri-sozlugu","6":"product_cat-egitim","7":"product_cat-sozlukler-ve-konusma-kilavuzlari","8":"pa_cilt-ciltsiz","9":"pa_tur-kitap","10":"pa_yayinevi-altin-kitaplar-sozlukler","11":"pa_yazar-ulku-kuscu","13":"first","14":"instock","15":"sale","16":"shipping-taxable","17":"purchasable","18":"product-type-simple"},"_links":{"self":[{"href":"https:\/\/roveyayinevi.com.tr\/index.php\/wp-json\/wp\/v2\/product\/702159","targetHints":{"allow":["GET"]}}],"collection":[{"href":"https:\/\/roveyayinevi.com.tr\/index.php\/wp-json\/wp\/v2\/product"}],"about":[{"href":"https:\/\/roveyayinevi.com.tr\/index.php\/wp-json\/wp\/v2\/types\/product"}],"wp:attachment":[{"href":"https:\/\/roveyayinevi.com.tr\/index.php\/wp-json\/wp\/v2\/media?parent=702159"}],"wp:term":[{"taxonomy":"product_brand","embeddable":true,"href":"https:\/\/roveyayinevi.com.tr\/index.php\/wp-json\/wp\/v2\/product_brand?post=702159"},{"taxonomy":"product_cat","embeddable":true,"href":"https:\/\/roveyayinevi.com.tr\/index.php\/wp-json\/wp\/v2\/product_cat?post=702159"},{"taxonomy":"product_tag","embeddable":true,"href":"https:\/\/roveyayinevi.com.tr\/index.php\/wp-json\/wp\/v2\/product_tag?post=702159"}],"curies":[{"name":"wp","href":"https:\/\/api.w.org\/{rel}","templated":true}]}}