{"id":702149,"date":"2025-08-27T15:14:14","date_gmt":"2025-08-27T12:14:14","guid":{"rendered":"https:\/\/roveyayinevi.com.tr\/index.php\/urun\/dugum-artik-cozuluyor\/"},"modified":"2026-04-16T02:11:23","modified_gmt":"2026-04-15T23:11:23","slug":"dugum-artik-cozuluyor","status":"publish","type":"product","link":"https:\/\/roveyayinevi.com.tr\/index.php\/urun\/dugum-artik-cozuluyor\/","title":{"rendered":"D\u00fc\u011f\u00fcm Art\u0131k \u00c7\u00f6z\u00fcl\u00fcyor"},"content":{"rendered":"<p>Profes\u00f6r \u00c7oraps\u00f6k\u00fc\u011f\u00fc\u2019n\u00fcn \u00e7al\u0131\u015fmalara d\u00f6nmesiyle, Kep\u00e7e de sonunda rahat bir nefes ald\u0131. Ama \u015fimdi \u00e7ok daha dikkatli, \u00e7\u00fcnk\u00fc Profes\u00f6r\u2019\u00fcn pe\u015finde yine birileri olabilir.Art\u0131k herkes onun i\u00e7in \u015f\u00fcpheli!  Kep\u00e7e, kahraman olup Profes\u00f6r\u2019e yard\u0131m edebilecek mi, yoksa yine ortal\u0131\u011f\u0131 m\u0131 kar\u0131\u015ft\u0131racak? <\/p>\n","protected":false},"excerpt":{"rendered":"<p>Profes\u00f6r \u00c7oraps\u00f6k\u00fc\u011f\u00fc\u2019n\u00fcn \u00e7al\u0131\u015fmalara d\u00f6nmesiyle, Kep\u00e7e de sonunda rahat bir nefes ald\u0131. Ama \u015fimdi \u00e7ok daha dikkatli, \u00e7\u00fcnk\u00fc Profes\u00f6r\u2019\u00fcn pe\u015finde yine birileri olabilir.Art\u0131k herkes onun i\u00e7in \u015f\u00fcpheli!<span class=\"excerpt-hellip\"> [\u2026]<\/span><\/p>\n","protected":false},"featured_media":0,"template":"","meta":{"_monsterinsights_skip_tracking":false,"_monsterinsights_sitenote_active":false,"_monsterinsights_sitenote_note":"","_monsterinsights_sitenote_category":0},"product_brand":[],"product_cat":[12274,12284],"product_tag":[],"class_list":{"0":"post-702149","1":"product","2":"type-product","3":"status-publish","5":"product_cat-cocuk-ve-genclik-kitaplari","6":"product_cat-hikayeler","7":"pa_cilt-ciltsiz","8":"pa_tur-kitap","9":"pa_yayinevi-nesil-cocuk-yayinlari","10":"pa_yazar-yusuf-asal","12":"first","13":"instock","14":"sale","15":"shipping-taxable","16":"purchasable","17":"product-type-simple"},"_links":{"self":[{"href":"https:\/\/roveyayinevi.com.tr\/index.php\/wp-json\/wp\/v2\/product\/702149","targetHints":{"allow":["GET"]}}],"collection":[{"href":"https:\/\/roveyayinevi.com.tr\/index.php\/wp-json\/wp\/v2\/product"}],"about":[{"href":"https:\/\/roveyayinevi.com.tr\/index.php\/wp-json\/wp\/v2\/types\/product"}],"wp:attachment":[{"href":"https:\/\/roveyayinevi.com.tr\/index.php\/wp-json\/wp\/v2\/media?parent=702149"}],"wp:term":[{"taxonomy":"product_brand","embeddable":true,"href":"https:\/\/roveyayinevi.com.tr\/index.php\/wp-json\/wp\/v2\/product_brand?post=702149"},{"taxonomy":"product_cat","embeddable":true,"href":"https:\/\/roveyayinevi.com.tr\/index.php\/wp-json\/wp\/v2\/product_cat?post=702149"},{"taxonomy":"product_tag","embeddable":true,"href":"https:\/\/roveyayinevi.com.tr\/index.php\/wp-json\/wp\/v2\/product_tag?post=702149"}],"curies":[{"name":"wp","href":"https:\/\/api.w.org\/{rel}","templated":true}]}}