{"id":702147,"date":"2025-08-27T15:14:13","date_gmt":"2025-08-27T12:14:13","guid":{"rendered":"https:\/\/roveyayinevi.com.tr\/index.php\/urun\/kediye-havuc-versem-olmaz-mi\/"},"modified":"2026-04-16T02:11:23","modified_gmt":"2026-04-15T23:11:23","slug":"kediye-havuc-versem-olmaz-mi","status":"publish","type":"product","link":"https:\/\/roveyayinevi.com.tr\/index.php\/urun\/kediye-havuc-versem-olmaz-mi\/","title":{"rendered":"Kediye Havu\u00e7 Versem Olmaz m\u0131?"},"content":{"rendered":"<p>\u00c7ocuklar\u0131n bitmek bilmeyen sorular\u0131 din\u00ee konularda olunca cevaplanmas\u0131 \u00e7ok daha zordur. Ancak \u00e7ocuklar\u0131n merak duygusuna sahip olmalar\u0131, onlar\u0131n \u00f6\u011frenmeleri, kendilerini geli\u015ftirmeleri, d\u00fcnyay\u0131 ke\u015ffetmeleri a\u00e7\u0131s\u0131ndan \u00e7ok \u00e7ok \u00f6nemlidir. \u00c7ocuklar\u0131n tabiat, iman, ibadet, ahlak, peygamberler, cennet, cehennem, ahiret, inan\u00e7la ilgili sorduklar\u0131 sorulara, \u00f6mr\u00fcn\u00fc Allah&#8217;\u0131 anlatmaya adam\u0131\u015f Hekimo\u011flu \u0130smail&#8217;in verdi\u011fi cevaplardan olu\u015fan rengarenk resimli Dedemden Mektuplar dizisini \u00e7ocuklar ellerinden d\u00fc\u015f\u00fcremeyecekler. \ufffcTan\u0131t\u0131m Metni<\/p>\n","protected":false},"excerpt":{"rendered":"<p>\u00c7ocuklar\u0131n bitmek bilmeyen sorular\u0131 din\u00ee konularda olunca cevaplanmas\u0131 \u00e7ok daha zordur. Ancak \u00e7ocuklar\u0131n merak duygusuna sahip olmalar\u0131, onlar\u0131n \u00f6\u011frenmeleri, kendilerini geli\u015ftirmeleri, d\u00fcnyay\u0131 ke\u015ffetmeleri a\u00e7\u0131s\u0131ndan \u00e7ok \u00e7ok<span class=\"excerpt-hellip\"> [\u2026]<\/span><\/p>\n","protected":false},"featured_media":0,"template":"","meta":{"_monsterinsights_skip_tracking":false,"_monsterinsights_sitenote_active":false,"_monsterinsights_sitenote_note":"","_monsterinsights_sitenote_category":0},"product_brand":[],"product_cat":[12274,18802],"product_tag":[],"class_list":{"0":"post-702147","1":"product","2":"type-product","3":"status-publish","5":"product_cat-cocuk-ve-genclik-kitaplari","6":"product_cat-din-egitimi","7":"pa_tur-kitap","8":"pa_yayinevi-timas-cocuk","9":"pa_yazar-hekimoglu-ismail","11":"first","12":"instock","13":"sale","14":"shipping-taxable","15":"purchasable","16":"product-type-simple"},"_links":{"self":[{"href":"https:\/\/roveyayinevi.com.tr\/index.php\/wp-json\/wp\/v2\/product\/702147","targetHints":{"allow":["GET"]}}],"collection":[{"href":"https:\/\/roveyayinevi.com.tr\/index.php\/wp-json\/wp\/v2\/product"}],"about":[{"href":"https:\/\/roveyayinevi.com.tr\/index.php\/wp-json\/wp\/v2\/types\/product"}],"wp:attachment":[{"href":"https:\/\/roveyayinevi.com.tr\/index.php\/wp-json\/wp\/v2\/media?parent=702147"}],"wp:term":[{"taxonomy":"product_brand","embeddable":true,"href":"https:\/\/roveyayinevi.com.tr\/index.php\/wp-json\/wp\/v2\/product_brand?post=702147"},{"taxonomy":"product_cat","embeddable":true,"href":"https:\/\/roveyayinevi.com.tr\/index.php\/wp-json\/wp\/v2\/product_cat?post=702147"},{"taxonomy":"product_tag","embeddable":true,"href":"https:\/\/roveyayinevi.com.tr\/index.php\/wp-json\/wp\/v2\/product_tag?post=702147"}],"curies":[{"name":"wp","href":"https:\/\/api.w.org\/{rel}","templated":true}]}}