{"id":702142,"date":"2025-08-27T15:14:11","date_gmt":"2025-08-27T12:14:11","guid":{"rendered":"https:\/\/roveyayinevi.com.tr\/index.php\/urun\/dalginlik-kurslari\/"},"modified":"2026-04-16T02:11:23","modified_gmt":"2026-04-15T23:11:23","slug":"dalginlik-kurslari","status":"publish","type":"product","link":"https:\/\/roveyayinevi.com.tr\/index.php\/urun\/dalginlik-kurslari\/","title":{"rendered":"Dalg\u0131nl\u0131k Kurslar\u0131"},"content":{"rendered":"<p>\u201c\u0130\u00e7imize d\u0131\u015f\u0131m\u0131za k\u0131\u015f indi\u011finde, uzun geceler boyu, bacalar\u0131m\u0131z t\u00fcts\u00fcn isteriz.Oca\u011f\u0131m\u0131zdaki ate\u015f diri kals\u0131n.\u0130lkyaz ufukta g\u00f6r\u00fcnd\u00fc\u011f\u00fcnde, do\u011fa k\u0131p\u0131rdamaya koyulur, a\u011fa\u00e7lar ve hayvanlar harekete ge\u00e7er.Can silkinir.Yazla birlikte, a\u00e7\u0131k denizler k\u00f6p\u00fcklenir, \u0131rmaklar kabar\u0131r.Su bize eri\u015fsin, k\u0131y\u0131larda bekleriz.Neden sonra g\u00fcz \u00e7\u0131kagelir, b\u00fct\u00fcn renkleri elden ge\u00e7irir, r\u00fczg\u00e2r keder t\u0131n\u0131lar\u0131n\u0131 dener.Kendimizi yoklar\u0131z.\u015eiir b\u00fct\u00fcn mevsimlere, d\u00f6n\u00fc\u015f\u00fcmlere e\u015flik etmek i\u00e7in k\u00f6\u015fesine \u00e7ekilir ya da k\u00f6\u015fesinden f\u0131rlar.Dumand\u0131r, k\u0131p\u0131rdan\u0131\u015ft\u0131r, su zerresidir, yoklamad\u0131r.Hayat\u0131m\u0131zdaki yerini az \u00e7ok fark ederek ona bor\u00e7lan\u0131r\u0131z.Ustan\u0131n dedi\u011fi gibi, \u015fair, kimse kendisinden bir\u015fey beklemedi\u011finde bile en iyi \u015fiirlerini bundand\u0131r yazmay\u0131 s\u00fcrd\u00fcr\u00fcr.\u201d <\/p>\n","protected":false},"excerpt":{"rendered":"<p>\u201c\u0130\u00e7imize d\u0131\u015f\u0131m\u0131za k\u0131\u015f indi\u011finde, uzun geceler boyu, bacalar\u0131m\u0131z t\u00fcts\u00fcn isteriz.Oca\u011f\u0131m\u0131zdaki ate\u015f diri kals\u0131n.\u0130lkyaz ufukta g\u00f6r\u00fcnd\u00fc\u011f\u00fcnde, do\u011fa k\u0131p\u0131rdamaya koyulur, a\u011fa\u00e7lar ve hayvanlar harekete ge\u00e7er.Can silkinir.Yazla birlikte, a\u00e7\u0131k<span class=\"excerpt-hellip\"> [\u2026]<\/span><\/p>\n","protected":false},"featured_media":0,"template":"","meta":{"_monsterinsights_skip_tracking":false,"_monsterinsights_sitenote_active":false,"_monsterinsights_sitenote_note":"","_monsterinsights_sitenote_category":0},"product_brand":[],"product_cat":[12291,12292],"product_tag":[],"class_list":{"0":"post-702142","1":"product","2":"type-product","3":"status-publish","5":"product_cat-edebiyat","6":"product_cat-turk-edebiyati","7":"pa_tur-kitap","8":"pa_yayinevi-kirmizi-kedi-yayinevi","9":"pa_yazar-enis-batur","11":"first","12":"instock","13":"sale","14":"shipping-taxable","15":"purchasable","16":"product-type-simple"},"_links":{"self":[{"href":"https:\/\/roveyayinevi.com.tr\/index.php\/wp-json\/wp\/v2\/product\/702142","targetHints":{"allow":["GET"]}}],"collection":[{"href":"https:\/\/roveyayinevi.com.tr\/index.php\/wp-json\/wp\/v2\/product"}],"about":[{"href":"https:\/\/roveyayinevi.com.tr\/index.php\/wp-json\/wp\/v2\/types\/product"}],"wp:attachment":[{"href":"https:\/\/roveyayinevi.com.tr\/index.php\/wp-json\/wp\/v2\/media?parent=702142"}],"wp:term":[{"taxonomy":"product_brand","embeddable":true,"href":"https:\/\/roveyayinevi.com.tr\/index.php\/wp-json\/wp\/v2\/product_brand?post=702142"},{"taxonomy":"product_cat","embeddable":true,"href":"https:\/\/roveyayinevi.com.tr\/index.php\/wp-json\/wp\/v2\/product_cat?post=702142"},{"taxonomy":"product_tag","embeddable":true,"href":"https:\/\/roveyayinevi.com.tr\/index.php\/wp-json\/wp\/v2\/product_tag?post=702142"}],"curies":[{"name":"wp","href":"https:\/\/api.w.org\/{rel}","templated":true}]}}