{"id":702140,"date":"2025-08-27T15:14:10","date_gmt":"2025-08-27T12:14:10","guid":{"rendered":"https:\/\/roveyayinevi.com.tr\/index.php\/urun\/ihtiras-cagi\/"},"modified":"2026-04-16T02:11:23","modified_gmt":"2026-04-15T23:11:23","slug":"ihtiras-cagi","status":"publish","type":"product","link":"https:\/\/roveyayinevi.com.tr\/index.php\/urun\/ihtiras-cagi\/","title":{"rendered":"\u0130htiras \u00c7a\u011f\u0131"},"content":{"rendered":"<p>Birbirinden tamamen farkl\u0131 bir kad\u0131n ve bir erkekGer\u00e7e\u011fe d\u00f6n\u00fc\u015fen hayaller, inatla ye\u015ferip \u00e7i\u00e7ek a\u00e7an bir a\u015fk\u2026 Edilean Talbot, babas\u0131n\u0131n \u00f6l\u00fcm\u00fcyle yat\u0131l\u0131 okul ve arkada\u015flar\u0131n\u0131n evleri aras\u0131nda g\u00f6\u00e7ebe bir hayat ya\u015fayan \u00e7ok g\u00fczel, zeki ve ne\u015fe dolu gen\u00e7 bir kad\u0131nd\u0131r. Ancak onu paras\u0131 i\u00e7in korkun\u00e7 bir adamla evlendirmek isteyen zalim day\u0131s\u0131 taraf\u0131ndan zorla \u0130ngiltere\u2019den \u0130sko\u00e7ya\u2019ya getirilir. Edilean\u2019\u0131n day\u0131s\u0131n\u0131n el koydu\u011fu arazilerin ger\u00e7ek reisi olan ve klan\u0131 taraf\u0131ndan \u00e7ok sevilip say\u0131lan Angus McTern, gen\u00e7 kad\u0131n\u0131n alt\u0131nlar\u0131yla birlikte Amerika\u2019ya ka\u00e7mas\u0131na yard\u0131m ederken kendini onun pe\u015finden bu yeni \u00fclkeye giden gemide bulur. Bildikleri ve birbirinden tamamen farkl\u0131 olan d\u00fcnyalar\u0131n\u0131 geride b\u0131rakan ve inatlar\u0131 y\u00fcz\u00fcnden s\u0131k s\u0131k ayr\u0131 d\u00fc\u015fen Edilean ile Angus, geleceklerini \u015fekillendirmeye \u00e7al\u0131\u015f\u0131rken Amerika\u2019n\u0131n ve ge\u00e7mi\u015flerinin \u00f6nlerine \u00e7\u0131kard\u0131\u011f\u0131 tehlikeli engelleri a\u015farak hem hayallerindeki kasaban\u0131n hem de bu yeni \u00fclke kadar hoyrat bir a\u015fk\u0131n temellerini atacaklard\u0131r. \u201cDeveraux, cesur kad\u0131nlar, k\u00f6t\u00fc adamlar ve kar\u015f\u0131 konulmaz kahramanlar ile incelikle kaleme al\u0131nm\u0131\u015f yard\u0131mc\u0131 karakterler yaratmak konusunda bir usta\u2026 Hik\u00e2ye h\u0131zla ak\u0131yor ve romantizm k\u0131v\u0131lc\u0131mlar\u0131yla okuyucuyu romana ba\u011fl\u0131yor.\u201d- Publishers Weekly\u201c\u015ea\u015f\u0131rt\u0131c\u0131 ve ilgin\u00e7 Edilean\u2019la ilgili yeni maceralar vadeden usta hik\u00e2yeci Deveraux, kendine has, sevimli ve sivri dilli karakterlerini biri ge\u00e7mi\u015fte biri bug\u00fcnde ge\u00e7en iki romansta bir araya getirerek en e\u011flenceli ve keyifli masallar\u0131ndan birini kaleme alm\u0131\u015f.\u201d- Booklist\u201cDeveraux, onu \u00e7ok satanlar listelerinden d\u00fc\u015f\u00fcrmeyen, masals\u0131 mek\u00e2nlar\u0131, aile ba\u011flar\u0131, k\u00fc\u00e7\u00fck kasaba de\u011ferleri ve beklenmedik a\u015fklarla dolu bir romanla tekrar aram\u0131zda\u2026 Okuyucular bu seri boyunca bir malik\u00e2ne, kasaba ve gizemlerle dolu bir kad\u0131n olarak kar\u015f\u0131m\u0131za \u00e7\u0131kan Edilean\u2019\u0131n \u00e7ekicili\u011fine kar\u015f\u0131 koyamayacaklar.\u201d- Publishers Weekly\u201cSempatik karakterleri ve yard\u0131mc\u0131 oyuncular\u0131 i\u00e7in bile tatmin edici sonlar\u0131, bu kitab\u0131 unutulmaz k\u0131l\u0131yor.\u201d- BookPage <\/p>\n","protected":false},"excerpt":{"rendered":"<p>Birbirinden tamamen farkl\u0131 bir kad\u0131n ve bir erkekGer\u00e7e\u011fe d\u00f6n\u00fc\u015fen hayaller, inatla ye\u015ferip \u00e7i\u00e7ek a\u00e7an bir a\u015fk\u2026 Edilean Talbot, babas\u0131n\u0131n \u00f6l\u00fcm\u00fcyle yat\u0131l\u0131 okul ve arkada\u015flar\u0131n\u0131n evleri aras\u0131nda<span class=\"excerpt-hellip\"> [\u2026]<\/span><\/p>\n","protected":false},"featured_media":0,"template":"","meta":{"_monsterinsights_skip_tracking":false,"_monsterinsights_sitenote_active":false,"_monsterinsights_sitenote_note":"","_monsterinsights_sitenote_category":0},"product_brand":[],"product_cat":[12291,12711],"product_tag":[],"class_list":{"0":"post-702140","1":"product","2":"type-product","3":"status-publish","5":"product_cat-edebiyat","6":"product_cat-roman-oyku","7":"pa_cilt-ciltsiz","8":"pa_tur-kitap","9":"pa_yayinevi-pegasus-yayinlari","10":"pa_yazar-jude-deveraux","12":"first","13":"instock","14":"sale","15":"shipping-taxable","16":"purchasable","17":"product-type-simple"},"_links":{"self":[{"href":"https:\/\/roveyayinevi.com.tr\/index.php\/wp-json\/wp\/v2\/product\/702140","targetHints":{"allow":["GET"]}}],"collection":[{"href":"https:\/\/roveyayinevi.com.tr\/index.php\/wp-json\/wp\/v2\/product"}],"about":[{"href":"https:\/\/roveyayinevi.com.tr\/index.php\/wp-json\/wp\/v2\/types\/product"}],"wp:attachment":[{"href":"https:\/\/roveyayinevi.com.tr\/index.php\/wp-json\/wp\/v2\/media?parent=702140"}],"wp:term":[{"taxonomy":"product_brand","embeddable":true,"href":"https:\/\/roveyayinevi.com.tr\/index.php\/wp-json\/wp\/v2\/product_brand?post=702140"},{"taxonomy":"product_cat","embeddable":true,"href":"https:\/\/roveyayinevi.com.tr\/index.php\/wp-json\/wp\/v2\/product_cat?post=702140"},{"taxonomy":"product_tag","embeddable":true,"href":"https:\/\/roveyayinevi.com.tr\/index.php\/wp-json\/wp\/v2\/product_tag?post=702140"}],"curies":[{"name":"wp","href":"https:\/\/api.w.org\/{rel}","templated":true}]}}