{"id":702137,"date":"2025-08-27T15:14:10","date_gmt":"2025-08-27T12:14:10","guid":{"rendered":"https:\/\/roveyayinevi.com.tr\/index.php\/urun\/kiskac-harekati\/"},"modified":"2026-04-16T02:11:23","modified_gmt":"2026-04-15T23:11:23","slug":"kiskac-harekati","status":"publish","type":"product","link":"https:\/\/roveyayinevi.com.tr\/index.php\/urun\/kiskac-harekati\/","title":{"rendered":"K\u0131ska\u00e7 Harekat\u0131"},"content":{"rendered":"<p>NATO &#8211; Kuzey Atlantik Anla\u015fmas\u0131 \u00d6rg\u00fct\u00fc -2. D\u00fcnya Sava\u015f\u0131 sonras\u0131 \u0130ngiliz Lord Ismay&#8217;\u0131n deyi\u015fiyle Ruslar\u0131 d\u0131\u015far\u0131da, Almanya&#8217;y\u0131 ala\u015fa\u011f\u0131 edilmi\u015f halde ve ABD&#8217;yi i\u00e7eride tutmak i\u00e7in kurulmu\u015ftur. Yani temel ama\u00e7 Sovyetlere kar\u015f\u0131 g\u00fcvenlik de\u011fil. Avruap&#8217;n\u0131n g\u00fcvenli\u011fi i\u00e7in ABD&#8217;nin katk\u0131 koymas\u0131n\u0131 sa\u011flamakt\u0131. <\/p>\n","protected":false},"excerpt":{"rendered":"<p>NATO &#8211; Kuzey Atlantik Anla\u015fmas\u0131 \u00d6rg\u00fct\u00fc -2. D\u00fcnya Sava\u015f\u0131 sonras\u0131 \u0130ngiliz Lord Ismay&#8217;\u0131n deyi\u015fiyle Ruslar\u0131 d\u0131\u015far\u0131da, Almanya&#8217;y\u0131 ala\u015fa\u011f\u0131 edilmi\u015f halde ve ABD&#8217;yi i\u00e7eride tutmak i\u00e7in kurulmu\u015ftur.<span class=\"excerpt-hellip\"> [\u2026]<\/span><\/p>\n","protected":false},"featured_media":0,"template":"","meta":{"_monsterinsights_skip_tracking":false,"_monsterinsights_sitenote_active":false,"_monsterinsights_sitenote_note":"","_monsterinsights_sitenote_category":0},"product_brand":[],"product_cat":[13059,12337],"product_tag":[],"class_list":{"0":"post-702137","1":"product","2":"type-product","3":"status-publish","5":"product_cat-diger-politika-siyaset","6":"product_cat-politika-siyaset","7":"pa_tur-kitap","8":"pa_yayinevi-profil-kitap","9":"pa_yazar-erol-bilbilik","11":"first","12":"instock","13":"sale","14":"shipping-taxable","15":"purchasable","16":"product-type-simple"},"_links":{"self":[{"href":"https:\/\/roveyayinevi.com.tr\/index.php\/wp-json\/wp\/v2\/product\/702137","targetHints":{"allow":["GET"]}}],"collection":[{"href":"https:\/\/roveyayinevi.com.tr\/index.php\/wp-json\/wp\/v2\/product"}],"about":[{"href":"https:\/\/roveyayinevi.com.tr\/index.php\/wp-json\/wp\/v2\/types\/product"}],"wp:attachment":[{"href":"https:\/\/roveyayinevi.com.tr\/index.php\/wp-json\/wp\/v2\/media?parent=702137"}],"wp:term":[{"taxonomy":"product_brand","embeddable":true,"href":"https:\/\/roveyayinevi.com.tr\/index.php\/wp-json\/wp\/v2\/product_brand?post=702137"},{"taxonomy":"product_cat","embeddable":true,"href":"https:\/\/roveyayinevi.com.tr\/index.php\/wp-json\/wp\/v2\/product_cat?post=702137"},{"taxonomy":"product_tag","embeddable":true,"href":"https:\/\/roveyayinevi.com.tr\/index.php\/wp-json\/wp\/v2\/product_tag?post=702137"}],"curies":[{"name":"wp","href":"https:\/\/api.w.org\/{rel}","templated":true}]}}