{"id":702136,"date":"2025-08-27T15:14:09","date_gmt":"2025-08-27T12:14:09","guid":{"rendered":"https:\/\/roveyayinevi.com.tr\/index.php\/urun\/protagoras\/"},"modified":"2026-04-16T02:11:23","modified_gmt":"2026-04-15T23:11:23","slug":"protagoras","status":"publish","type":"product","link":"https:\/\/roveyayinevi.com.tr\/index.php\/urun\/protagoras\/","title":{"rendered":"Protagoras"},"content":{"rendered":"<p>Platon, hi\u00e7 ku\u015fku yok ki d\u00fc\u015f\u00fcnce tarihinin en \u00f6nemli ve etkili filozoflar\u0131ndan biridir. Felsefenin kurumsalla\u015fmas\u0131na ve felsefede yaz\u0131l\u0131 gelene\u011fin olu\u015fmas\u0131na katk\u0131da bulunmu\u015f, iki d\u00fcnyal\u0131 metafizi\u011fiyle b\u00fct\u00fcn bir Orta\u00e7a\u011f d\u00fc\u015f\u00fcncesini belirleyecek olan idealist felsefe gelene\u011finin ba\u015flat\u0131c\u0131s\u0131 olmu\u015ftur. \ufffcTan\u0131t\u0131m Metni<\/p>\n","protected":false},"excerpt":{"rendered":"<p>Platon, hi\u00e7 ku\u015fku yok ki d\u00fc\u015f\u00fcnce tarihinin en \u00f6nemli ve etkili filozoflar\u0131ndan biridir. Felsefenin kurumsalla\u015fmas\u0131na ve felsefede yaz\u0131l\u0131 gelene\u011fin olu\u015fmas\u0131na katk\u0131da bulunmu\u015f, iki d\u00fcnyal\u0131 metafizi\u011fiyle b\u00fct\u00fcn<span class=\"excerpt-hellip\"> [\u2026]<\/span><\/p>\n","protected":false},"featured_media":0,"template":"","meta":{"_monsterinsights_skip_tracking":false,"_monsterinsights_sitenote_active":false,"_monsterinsights_sitenote_note":"","_monsterinsights_sitenote_category":0},"product_brand":[],"product_cat":[12337,14706],"product_tag":[],"class_list":{"0":"post-702136","1":"product","2":"type-product","3":"status-publish","5":"product_cat-politika-siyaset","6":"product_cat-siyaset-bilimi","7":"pa_cilt-ciltsiz","8":"pa_tur-kitap","9":"pa_yayinevi-say-yayinlari","10":"pa_yazar-platon-eflatun","12":"first","13":"instock","14":"sale","15":"shipping-taxable","16":"purchasable","17":"product-type-simple"},"_links":{"self":[{"href":"https:\/\/roveyayinevi.com.tr\/index.php\/wp-json\/wp\/v2\/product\/702136","targetHints":{"allow":["GET"]}}],"collection":[{"href":"https:\/\/roveyayinevi.com.tr\/index.php\/wp-json\/wp\/v2\/product"}],"about":[{"href":"https:\/\/roveyayinevi.com.tr\/index.php\/wp-json\/wp\/v2\/types\/product"}],"wp:attachment":[{"href":"https:\/\/roveyayinevi.com.tr\/index.php\/wp-json\/wp\/v2\/media?parent=702136"}],"wp:term":[{"taxonomy":"product_brand","embeddable":true,"href":"https:\/\/roveyayinevi.com.tr\/index.php\/wp-json\/wp\/v2\/product_brand?post=702136"},{"taxonomy":"product_cat","embeddable":true,"href":"https:\/\/roveyayinevi.com.tr\/index.php\/wp-json\/wp\/v2\/product_cat?post=702136"},{"taxonomy":"product_tag","embeddable":true,"href":"https:\/\/roveyayinevi.com.tr\/index.php\/wp-json\/wp\/v2\/product_tag?post=702136"}],"curies":[{"name":"wp","href":"https:\/\/api.w.org\/{rel}","templated":true}]}}