{"id":702133,"date":"2025-08-27T15:14:08","date_gmt":"2025-08-27T12:14:08","guid":{"rendered":"https:\/\/roveyayinevi.com.tr\/index.php\/urun\/cizgilerle-kapitalizmin-korkunc-tarihi\/"},"modified":"2026-04-16T02:11:23","modified_gmt":"2026-04-15T23:11:23","slug":"cizgilerle-kapitalizmin-korkunc-tarihi","status":"publish","type":"product","link":"https:\/\/roveyayinevi.com.tr\/index.php\/urun\/cizgilerle-kapitalizmin-korkunc-tarihi\/","title":{"rendered":"\u00c7izgilerle Kapitalizmin Korkun\u00e7 Tarihi"},"content":{"rendered":"<p>Kapitalizm insanl\u0131\u011f\u0131n ba\u015fbelas\u0131, her g\u00fcn ya\u015fad\u0131\u011f\u0131m\u0131z felaket. Bizi a\u00e7, yoksul, i\u015fsiz b\u0131rakan; kendimize, \u00e7evremizdekilere, i\u015fimize, ya\u015famaya yabanc\u0131la\u015ft\u0131ran d\u00fczenin ad\u0131. Ama her d\u00fczen gibi onun da bir tarihi var. Kapitalizmin tarihini bilmek en \u00e7ok da onun tarihin bir vaktinde ba\u015flam\u0131\u015f bir siyasi iktisadi bi\u00e7im oldu\u011funu, dolay\u0131s\u0131yla tarihin bir ba\u015fka vaktinde de sona erece\u011fini bilmek i\u00e7in \u00f6nemli. \ufffcTan\u0131t\u0131m Metni<\/p>\n","protected":false},"excerpt":{"rendered":"<p>Kapitalizm insanl\u0131\u011f\u0131n ba\u015fbelas\u0131, her g\u00fcn ya\u015fad\u0131\u011f\u0131m\u0131z felaket. Bizi a\u00e7, yoksul, i\u015fsiz b\u0131rakan; kendimize, \u00e7evremizdekilere, i\u015fimize, ya\u015famaya yabanc\u0131la\u015ft\u0131ran d\u00fczenin ad\u0131. Ama her d\u00fczen gibi onun da bir<span class=\"excerpt-hellip\"> [\u2026]<\/span><\/p>\n","protected":false},"featured_media":0,"template":"","meta":{"_monsterinsights_skip_tracking":false,"_monsterinsights_sitenote_active":false,"_monsterinsights_sitenote_note":"","_monsterinsights_sitenote_category":0},"product_brand":[],"product_cat":[12689,12274],"product_tag":[],"class_list":{"0":"post-702133","1":"product","2":"type-product","3":"status-publish","5":"product_cat-cizgi-roman-cocuk-ve-genclik-kitaplari","6":"product_cat-cocuk-ve-genclik-kitaplari","7":"pa_cilt-ciltsiz","8":"pa_tur-kitap","9":"pa_yayinevi-yordam-kitap","10":"pa_yazar-rius","12":"first","13":"instock","14":"sale","15":"shipping-taxable","16":"purchasable","17":"product-type-simple"},"_links":{"self":[{"href":"https:\/\/roveyayinevi.com.tr\/index.php\/wp-json\/wp\/v2\/product\/702133","targetHints":{"allow":["GET"]}}],"collection":[{"href":"https:\/\/roveyayinevi.com.tr\/index.php\/wp-json\/wp\/v2\/product"}],"about":[{"href":"https:\/\/roveyayinevi.com.tr\/index.php\/wp-json\/wp\/v2\/types\/product"}],"wp:attachment":[{"href":"https:\/\/roveyayinevi.com.tr\/index.php\/wp-json\/wp\/v2\/media?parent=702133"}],"wp:term":[{"taxonomy":"product_brand","embeddable":true,"href":"https:\/\/roveyayinevi.com.tr\/index.php\/wp-json\/wp\/v2\/product_brand?post=702133"},{"taxonomy":"product_cat","embeddable":true,"href":"https:\/\/roveyayinevi.com.tr\/index.php\/wp-json\/wp\/v2\/product_cat?post=702133"},{"taxonomy":"product_tag","embeddable":true,"href":"https:\/\/roveyayinevi.com.tr\/index.php\/wp-json\/wp\/v2\/product_tag?post=702133"}],"curies":[{"name":"wp","href":"https:\/\/api.w.org\/{rel}","templated":true}]}}