{"id":702131,"date":"2025-08-27T15:14:08","date_gmt":"2025-08-27T12:14:08","guid":{"rendered":"https:\/\/roveyayinevi.com.tr\/index.php\/urun\/cagdas-marksizm-icin-elestirel-kilavuz\/"},"modified":"2026-04-16T02:11:22","modified_gmt":"2026-04-15T23:11:22","slug":"cagdas-marksizm-icin-elestirel-kilavuz","status":"publish","type":"product","link":"https:\/\/roveyayinevi.com.tr\/index.php\/urun\/cagdas-marksizm-icin-elestirel-kilavuz\/","title":{"rendered":"\u00c7a\u011fda\u015f Marksizm \u0130\u00e7in Ele\u015ftirel K\u0131lavuz"},"content":{"rendered":"<p>\u00c7a\u011fda\u015f Marksizm \u0130\u00e7in Ele\u015ftirel K\u0131lavuz, ABD, Avrupa, Asya ve di\u011fer yerlerde Marksist kuramda ya\u015fanan yeni geli\u015fmelerin geni\u015f kapsaml\u0131 ve tam bir panoramas\u0131n\u0131 sunmay\u0131 ama\u00e7layan, uluslararas\u0131 ve disiplinler aras\u0131 bir kitapt\u0131r. Alan\u0131n en yetkin isimlerinden otuz bilim insan\u0131n\u0131n \u00e7al\u0131\u015fmalar\u0131na dayanan K\u0131lavuz, t\u00fcm be\u015feri ve toplumsal bilimleri kapsamaktad\u0131r. \ufffcTan\u0131t\u0131m Metni<\/p>\n","protected":false},"excerpt":{"rendered":"<p>\u00c7a\u011fda\u015f Marksizm \u0130\u00e7in Ele\u015ftirel K\u0131lavuz, ABD, Avrupa, Asya ve di\u011fer yerlerde Marksist kuramda ya\u015fanan yeni geli\u015fmelerin geni\u015f kapsaml\u0131 ve tam bir panoramas\u0131n\u0131 sunmay\u0131 ama\u00e7layan, uluslararas\u0131 ve<span class=\"excerpt-hellip\"> [\u2026]<\/span><\/p>\n","protected":false},"featured_media":0,"template":"","meta":{"_monsterinsights_skip_tracking":false,"_monsterinsights_sitenote_active":false,"_monsterinsights_sitenote_note":"","_monsterinsights_sitenote_category":0},"product_brand":[],"product_cat":[12388,15309],"product_tag":[],"class_list":{"0":"post-702131","1":"product","2":"type-product","3":"status-publish","5":"product_cat-felsefe","6":"product_cat-felsefi-akimlar","7":"pa_cilt-ciltsiz","8":"pa_tur-kitap","9":"pa_yayinevi-yordam-kitap","10":"pa_yazar-jacques-bidet","12":"first","13":"instock","14":"sale","15":"shipping-taxable","16":"purchasable","17":"product-type-simple"},"_links":{"self":[{"href":"https:\/\/roveyayinevi.com.tr\/index.php\/wp-json\/wp\/v2\/product\/702131","targetHints":{"allow":["GET"]}}],"collection":[{"href":"https:\/\/roveyayinevi.com.tr\/index.php\/wp-json\/wp\/v2\/product"}],"about":[{"href":"https:\/\/roveyayinevi.com.tr\/index.php\/wp-json\/wp\/v2\/types\/product"}],"wp:attachment":[{"href":"https:\/\/roveyayinevi.com.tr\/index.php\/wp-json\/wp\/v2\/media?parent=702131"}],"wp:term":[{"taxonomy":"product_brand","embeddable":true,"href":"https:\/\/roveyayinevi.com.tr\/index.php\/wp-json\/wp\/v2\/product_brand?post=702131"},{"taxonomy":"product_cat","embeddable":true,"href":"https:\/\/roveyayinevi.com.tr\/index.php\/wp-json\/wp\/v2\/product_cat?post=702131"},{"taxonomy":"product_tag","embeddable":true,"href":"https:\/\/roveyayinevi.com.tr\/index.php\/wp-json\/wp\/v2\/product_tag?post=702131"}],"curies":[{"name":"wp","href":"https:\/\/api.w.org\/{rel}","templated":true}]}}