{"id":702129,"date":"2025-08-27T15:14:07","date_gmt":"2025-08-27T12:14:07","guid":{"rendered":"https:\/\/roveyayinevi.com.tr\/index.php\/urun\/donekler\/"},"modified":"2026-04-16T02:11:22","modified_gmt":"2026-04-15T23:11:22","slug":"donekler","status":"publish","type":"product","link":"https:\/\/roveyayinevi.com.tr\/index.php\/urun\/donekler\/","title":{"rendered":"D\u00f6nekler"},"content":{"rendered":"<p>Hasan Yal\u00e7\u0131n&#8217;\u0131n bu kitab\u0131nda kimler var: \u00c7etin Altan, Cengiz \u00c7andar, Hadi Uluengin, Ertu\u011frul \u00d6zk\u00f6k, Oral \u00c7al\u0131\u015flar, G\u00fclay G\u00f6kt\u00fcrk, Taner Ak\u00e7am, Rag\u0131p Duran, Murat Belge, Mehmet Altan, Ahmet Altan, C\u00fcneyt \u00dclsever, Ertu\u011frul K\u00fcrk\u00e7\u00fc, \u015eahin Alpay, Halil Berkta, \u00d6mer La\u00e7iner, EserKaraka\u015f, K\u00fcr\u015fat Bumin, Ayd\u0131n Engin, Haydar Kutlu, Ali Bayramo\u011flu, Mehmet Barlas&#8230; D\u00f6nekler&#8217;i Do\u011fu Perin\u00e7ek&#8217;in \u00d6ns\u00f6z\u00fcyle okurlara sunuyoruz. <\/p>\n","protected":false},"excerpt":{"rendered":"<p>Hasan Yal\u00e7\u0131n&#8217;\u0131n bu kitab\u0131nda kimler var: \u00c7etin Altan, Cengiz \u00c7andar, Hadi Uluengin, Ertu\u011frul \u00d6zk\u00f6k, Oral \u00c7al\u0131\u015flar, G\u00fclay G\u00f6kt\u00fcrk, Taner Ak\u00e7am, Rag\u0131p Duran, Murat Belge, Mehmet Altan,<span class=\"excerpt-hellip\"> [\u2026]<\/span><\/p>\n","protected":false},"featured_media":0,"template":"","meta":{"_monsterinsights_skip_tracking":false,"_monsterinsights_sitenote_active":false,"_monsterinsights_sitenote_note":"","_monsterinsights_sitenote_category":0},"product_brand":[],"product_cat":[12365,12364],"product_tag":[],"class_list":{"0":"post-702129","1":"product","2":"type-product","3":"status-publish","5":"product_cat-diger-genel-konular","6":"product_cat-genel-konular","7":"pa_tur-kitap","8":"pa_yayinevi-kaynak-yayinlari","9":"pa_yazar-hasan-yalcin","11":"first","12":"instock","13":"sale","14":"shipping-taxable","15":"purchasable","16":"product-type-simple"},"_links":{"self":[{"href":"https:\/\/roveyayinevi.com.tr\/index.php\/wp-json\/wp\/v2\/product\/702129","targetHints":{"allow":["GET"]}}],"collection":[{"href":"https:\/\/roveyayinevi.com.tr\/index.php\/wp-json\/wp\/v2\/product"}],"about":[{"href":"https:\/\/roveyayinevi.com.tr\/index.php\/wp-json\/wp\/v2\/types\/product"}],"wp:attachment":[{"href":"https:\/\/roveyayinevi.com.tr\/index.php\/wp-json\/wp\/v2\/media?parent=702129"}],"wp:term":[{"taxonomy":"product_brand","embeddable":true,"href":"https:\/\/roveyayinevi.com.tr\/index.php\/wp-json\/wp\/v2\/product_brand?post=702129"},{"taxonomy":"product_cat","embeddable":true,"href":"https:\/\/roveyayinevi.com.tr\/index.php\/wp-json\/wp\/v2\/product_cat?post=702129"},{"taxonomy":"product_tag","embeddable":true,"href":"https:\/\/roveyayinevi.com.tr\/index.php\/wp-json\/wp\/v2\/product_tag?post=702129"}],"curies":[{"name":"wp","href":"https:\/\/api.w.org\/{rel}","templated":true}]}}