{"id":702127,"date":"2025-08-27T15:14:06","date_gmt":"2025-08-27T12:14:06","guid":{"rendered":"https:\/\/roveyayinevi.com.tr\/index.php\/urun\/kardaki-alevler\/"},"modified":"2026-04-16T02:11:22","modified_gmt":"2026-04-15T23:11:22","slug":"kardaki-alevler","status":"publish","type":"product","link":"https:\/\/roveyayinevi.com.tr\/index.php\/urun\/kardaki-alevler\/","title":{"rendered":"Kardaki Alevler"},"content":{"rendered":"<p>Art\u0131k heyecan pe\u015finde ko\u015fmak istemeyen Pelle ve Prof can yak\u0131c\u0131 bir sorunla kar\u015f\u0131 kar\u015f\u0131ya. Kentin eski mahallesinde \u00e7\u0131kan bir yang\u0131n. Duman\u0131 \u00fcst\u00fcnde bir macera. Alevlerin ayd\u0131nlatamad\u0131\u011f\u0131 karanl\u0131\u011f\u0131n i\u00e7inde \u015fiddet, keder, g\u00f6zya\u015f\u0131 ve ili\u015fkiler: e\u015fcinsel ili\u015fkiler. Gen\u00e7leri d\u00f6verek onlar\u0131n e\u011filimlerinin do\u011frultulabilece\u011fini d\u00fc\u015f\u00fcnen irik\u0131y\u0131m, ac\u0131mas\u0131z adamlar. \u00c7\u00f6z\u00fclmeyi bekleyen karma\u015f\u0131k d\u00fc\u011f\u00fcmler. Derdini anlat\u0131rken dumanla haberle\u015fmeyi se\u00e7en tehlikeli piroman\u0131n pe\u015finde ge\u00e7en s\u0131cak geceler. Polis ger\u00e7ek su\u00e7lular\u0131n uza\u011f\u0131nda, insanlar sansasyon pe\u015findeyken kahramanlar\u0131m\u0131z kendilerini ate\u015f hatt\u0131na at\u0131yor. Bu kez karlar, ger\u00e7ekleri g\u00fcn y\u00fcz\u00fcne \u00e7\u0131karmak i\u00e7in eriyor. <\/p>\n","protected":false},"excerpt":{"rendered":"<p>Art\u0131k heyecan pe\u015finde ko\u015fmak istemeyen Pelle ve Prof can yak\u0131c\u0131 bir sorunla kar\u015f\u0131 kar\u015f\u0131ya. Kentin eski mahallesinde \u00e7\u0131kan bir yang\u0131n. Duman\u0131 \u00fcst\u00fcnde bir macera. Alevlerin ayd\u0131nlatamad\u0131\u011f\u0131<span class=\"excerpt-hellip\"> [\u2026]<\/span><\/p>\n","protected":false},"featured_media":0,"template":"","meta":{"_monsterinsights_skip_tracking":false,"_monsterinsights_sitenote_active":false,"_monsterinsights_sitenote_note":"","_monsterinsights_sitenote_category":0},"product_brand":[],"product_cat":[12291,12711],"product_tag":[],"class_list":{"0":"post-702127","1":"product","2":"type-product","3":"status-publish","5":"product_cat-edebiyat","6":"product_cat-roman-oyku","7":"pa_cilt-ciltsiz","8":"pa_tur-kitap","9":"pa_yayinevi-can-cocuk-yayinlari","10":"pa_yazar-ingvar-ambjornsen","12":"first","13":"instock","14":"sale","15":"shipping-taxable","16":"purchasable","17":"product-type-simple"},"_links":{"self":[{"href":"https:\/\/roveyayinevi.com.tr\/index.php\/wp-json\/wp\/v2\/product\/702127","targetHints":{"allow":["GET"]}}],"collection":[{"href":"https:\/\/roveyayinevi.com.tr\/index.php\/wp-json\/wp\/v2\/product"}],"about":[{"href":"https:\/\/roveyayinevi.com.tr\/index.php\/wp-json\/wp\/v2\/types\/product"}],"wp:attachment":[{"href":"https:\/\/roveyayinevi.com.tr\/index.php\/wp-json\/wp\/v2\/media?parent=702127"}],"wp:term":[{"taxonomy":"product_brand","embeddable":true,"href":"https:\/\/roveyayinevi.com.tr\/index.php\/wp-json\/wp\/v2\/product_brand?post=702127"},{"taxonomy":"product_cat","embeddable":true,"href":"https:\/\/roveyayinevi.com.tr\/index.php\/wp-json\/wp\/v2\/product_cat?post=702127"},{"taxonomy":"product_tag","embeddable":true,"href":"https:\/\/roveyayinevi.com.tr\/index.php\/wp-json\/wp\/v2\/product_tag?post=702127"}],"curies":[{"name":"wp","href":"https:\/\/api.w.org\/{rel}","templated":true}]}}