{"id":702117,"date":"2025-08-27T15:14:02","date_gmt":"2025-08-27T12:14:02","guid":{"rendered":"https:\/\/roveyayinevi.com.tr\/index.php\/urun\/ruscuk-ayani\/"},"modified":"2026-04-16T02:11:22","modified_gmt":"2026-04-15T23:11:22","slug":"ruscuk-ayani","status":"publish","type":"product","link":"https:\/\/roveyayinevi.com.tr\/index.php\/urun\/ruscuk-ayani\/","title":{"rendered":"Rus\u00e7uk Ayan\u0131"},"content":{"rendered":"<p>Tirsiniklizade \u0130smail A\u011fa 1796-1806 y\u0131llar\u0131 aras\u0131nda Rus\u00e7uk ayan\u0131 olarak \u00f6n plana \u00e7\u0131kan \u00f6nemli bir ta\u015fra \u00f6darecisidir. Ru\u015f\u00e7uk ayanl\u0131\u011f\u0131n\u0131n yan\u0131nda zamanla Rus\u00e7uk, T\u0131rnova ve Zi\u015ftovi voyvodal\u0131klar\u0131n\u0131 da elde eden \u0130smail A\u011fa, ayanl\u0131\u011f\u0131n\u0131n ilk y\u0131llar\u0131nda e\u015fk\u0131ya tenkilinde, \u00e7e\u015fitli isyanlar\u0131n bast\u0131r\u0131lmas\u0131nda ve merkezin taleplerinin kar\u015f\u0131lanmas\u0131nda \u00f6nemli g\u00f6revler \u00fcstlenmi\u015ftir. Ancak son d\u00f6nemlerinde ba\u015f\u0131na buyruk hareket ederek b\u00f6lgedeki n\u00fcfuzunu art\u0131ran \u0130smail A\u011fa, Balkanlar\u0131n kuzeyinde devleti tedirgin eden \u00f6nemli bir g\u00fc\u00e7 haline gelmi\u015ftir. B\u00f6lgedeki rakiplerini saf d\u0131\u015f\u0131 b\u0131rakarak 41 kazaya h\u00fckmeden \u0130smail A\u011fa, 3. Selim&#8217;in Nizam\u0131-\u0131 Cedit uygulamas\u0131na kar\u015f\u0131 hareket etti\u011fi d\u00f6nemde \u00f6ld\u00fcr\u00fclm\u00fc\u015ft\u00fcr. <\/p>\n","protected":false},"excerpt":{"rendered":"<p>Tirsiniklizade \u0130smail A\u011fa 1796-1806 y\u0131llar\u0131 aras\u0131nda Rus\u00e7uk ayan\u0131 olarak \u00f6n plana \u00e7\u0131kan \u00f6nemli bir ta\u015fra \u00f6darecisidir. Ru\u015f\u00e7uk ayanl\u0131\u011f\u0131n\u0131n yan\u0131nda zamanla Rus\u00e7uk, T\u0131rnova ve Zi\u015ftovi voyvodal\u0131klar\u0131n\u0131 da<span class=\"excerpt-hellip\"> [\u2026]<\/span><\/p>\n","protected":false},"featured_media":0,"template":"","meta":{"_monsterinsights_skip_tracking":false,"_monsterinsights_sitenote_active":false,"_monsterinsights_sitenote_note":"","_monsterinsights_sitenote_category":0},"product_brand":[],"product_cat":[13517,12304],"product_tag":[],"class_list":{"0":"post-702117","1":"product","2":"type-product","3":"status-publish","5":"product_cat-osmanli-tarihi","6":"product_cat-tarih","7":"pa_tur-kitap","8":"pa_yayinevi-yeditepe-yayinevi","9":"pa_yazar-meryem-kacan-erdogan","11":"first","12":"instock","13":"sale","14":"shipping-taxable","15":"purchasable","16":"product-type-simple"},"_links":{"self":[{"href":"https:\/\/roveyayinevi.com.tr\/index.php\/wp-json\/wp\/v2\/product\/702117","targetHints":{"allow":["GET"]}}],"collection":[{"href":"https:\/\/roveyayinevi.com.tr\/index.php\/wp-json\/wp\/v2\/product"}],"about":[{"href":"https:\/\/roveyayinevi.com.tr\/index.php\/wp-json\/wp\/v2\/types\/product"}],"wp:attachment":[{"href":"https:\/\/roveyayinevi.com.tr\/index.php\/wp-json\/wp\/v2\/media?parent=702117"}],"wp:term":[{"taxonomy":"product_brand","embeddable":true,"href":"https:\/\/roveyayinevi.com.tr\/index.php\/wp-json\/wp\/v2\/product_brand?post=702117"},{"taxonomy":"product_cat","embeddable":true,"href":"https:\/\/roveyayinevi.com.tr\/index.php\/wp-json\/wp\/v2\/product_cat?post=702117"},{"taxonomy":"product_tag","embeddable":true,"href":"https:\/\/roveyayinevi.com.tr\/index.php\/wp-json\/wp\/v2\/product_tag?post=702117"}],"curies":[{"name":"wp","href":"https:\/\/api.w.org\/{rel}","templated":true}]}}