{"id":702116,"date":"2025-08-27T15:14:02","date_gmt":"2025-08-27T12:14:02","guid":{"rendered":"https:\/\/roveyayinevi.com.tr\/index.php\/urun\/kirmizi-otobus\/"},"modified":"2026-04-16T02:11:22","modified_gmt":"2026-04-15T23:11:22","slug":"kirmizi-otobus","status":"publish","type":"product","link":"https:\/\/roveyayinevi.com.tr\/index.php\/urun\/kirmizi-otobus\/","title":{"rendered":"K\u0131rm\u0131z\u0131 Otob\u00fcs"},"content":{"rendered":"<p>Otob\u00fcse binmeyen kalmas\u0131n! Her otob\u00fcs\u00fcn an\u0131ld\u0131\u011f\u0131 bir markas\u0131 var ama ben onlardan biraz farkl\u0131y\u0131m. Asl\u0131nda biraz onlar gibiyim ama benim markam de\u011fil, numaram var. O kadar yolcu ta\u015f\u0131y\u0131nca anlatacak da \u00e7ok \u015feyi oluyor insan\u0131n. Yolcular\u0131 bir de benim g\u00f6z\u00fcmden izlemeye ne dersiniz? \ufffcTan\u0131t\u0131m Metni<\/p>\n","protected":false},"excerpt":{"rendered":"<p>Otob\u00fcse binmeyen kalmas\u0131n! Her otob\u00fcs\u00fcn an\u0131ld\u0131\u011f\u0131 bir markas\u0131 var ama ben onlardan biraz farkl\u0131y\u0131m. Asl\u0131nda biraz onlar gibiyim ama benim markam de\u011fil, numaram var. O kadar<span class=\"excerpt-hellip\"> [\u2026]<\/span><\/p>\n","protected":false},"featured_media":0,"template":"","meta":{"_monsterinsights_skip_tracking":false,"_monsterinsights_sitenote_active":false,"_monsterinsights_sitenote_note":"","_monsterinsights_sitenote_category":0},"product_brand":[],"product_cat":[12275,12274],"product_tag":[],"class_list":{"0":"post-702116","1":"product","2":"type-product","3":"status-publish","5":"product_cat-6-12-yas-kitaplari","6":"product_cat-cocuk-ve-genclik-kitaplari","7":"pa_cilt-ciltsiz","8":"pa_tur-kitap","9":"pa_yayinevi-can-cocuk-yayinlari","10":"pa_yazar-tarik-dursun-k","12":"first","13":"instock","14":"sale","15":"shipping-taxable","16":"purchasable","17":"product-type-simple"},"_links":{"self":[{"href":"https:\/\/roveyayinevi.com.tr\/index.php\/wp-json\/wp\/v2\/product\/702116","targetHints":{"allow":["GET"]}}],"collection":[{"href":"https:\/\/roveyayinevi.com.tr\/index.php\/wp-json\/wp\/v2\/product"}],"about":[{"href":"https:\/\/roveyayinevi.com.tr\/index.php\/wp-json\/wp\/v2\/types\/product"}],"wp:attachment":[{"href":"https:\/\/roveyayinevi.com.tr\/index.php\/wp-json\/wp\/v2\/media?parent=702116"}],"wp:term":[{"taxonomy":"product_brand","embeddable":true,"href":"https:\/\/roveyayinevi.com.tr\/index.php\/wp-json\/wp\/v2\/product_brand?post=702116"},{"taxonomy":"product_cat","embeddable":true,"href":"https:\/\/roveyayinevi.com.tr\/index.php\/wp-json\/wp\/v2\/product_cat?post=702116"},{"taxonomy":"product_tag","embeddable":true,"href":"https:\/\/roveyayinevi.com.tr\/index.php\/wp-json\/wp\/v2\/product_tag?post=702116"}],"curies":[{"name":"wp","href":"https:\/\/api.w.org\/{rel}","templated":true}]}}