{"id":702110,"date":"2025-08-27T15:13:59","date_gmt":"2025-08-27T12:13:59","guid":{"rendered":"https:\/\/roveyayinevi.com.tr\/index.php\/urun\/istanbulla-saklambac\/"},"modified":"2026-04-16T02:11:22","modified_gmt":"2026-04-15T23:11:22","slug":"istanbulla-saklambac","status":"publish","type":"product","link":"https:\/\/roveyayinevi.com.tr\/index.php\/urun\/istanbulla-saklambac\/","title":{"rendered":"\u0130stanbul&#8217;la Saklamba\u00e7"},"content":{"rendered":"<p>Can \u00c7ocuk\u2019tan t\u00fcm zamanlar\u0131n K\u00fclt\u00fcr Ba\u015fkenti \u0130stanbul i\u00e7in bir arma\u011fan&#8230; Bodrumdaki lahitle kar\u015f\u0131la\u015ft\u0131klar\u0131 g\u00fcn, Ali\u2019yle Emre\u2019nin ya\u015famlar\u0131na yeni bir boyut eklendi: \u0130stanbul onlarla konu\u015fuyordu. Bu gizli boyutu bir tek Burcu\u2019yla payla\u015ft\u0131lar. Art\u0131k her g\u00fcn yeni bir ser\u00fcvene \u00e7\u0131kabilirlerdi. B\u00f6ylece 11-12 ya\u015flar\u0131ndaki bu \u00fc\u00e7 \u00e7ocuk, k\u00e2h e\u011flenceli, k\u00e2h s\u0131k\u0131nt\u0131l\u0131 anlar ya\u015farken hem kendilerini, hem birbirlerini, hem de i\u00e7inde dola\u015ft\u0131klar\u0131 \u0130stanbul\u2019u yeniden ke\u015ffetmeye ba\u015flad\u0131lar. \u0130stanbul\u2019un sadece birka\u00e7 gizli yerini ve bilinmeyen \u00f6yk\u00fcs\u00fcn\u00fc duymakla kalmad\u0131lar; huyuyla suyuyla, gelmi\u015f ge\u00e7mi\u015f korkular\u0131, sevin\u00e7leri, \u00f6fkeleri, dostlar\u0131, sevdal\u0131lar\u0131yla onun ki\u015fili\u011fini kavray\u0131p, ruhunun derinliklerine yakla\u015fabildiler. \ufffc<\/p>\n","protected":false},"excerpt":{"rendered":"<p>Can \u00c7ocuk\u2019tan t\u00fcm zamanlar\u0131n K\u00fclt\u00fcr Ba\u015fkenti \u0130stanbul i\u00e7in bir arma\u011fan&#8230; Bodrumdaki lahitle kar\u015f\u0131la\u015ft\u0131klar\u0131 g\u00fcn, Ali\u2019yle Emre\u2019nin ya\u015famlar\u0131na yeni bir boyut eklendi: \u0130stanbul onlarla konu\u015fuyordu. Bu gizli<span class=\"excerpt-hellip\"> [\u2026]<\/span><\/p>\n","protected":false},"featured_media":0,"template":"","meta":{"_monsterinsights_skip_tracking":false,"_monsterinsights_sitenote_active":false,"_monsterinsights_sitenote_note":"","_monsterinsights_sitenote_category":0},"product_brand":[],"product_cat":[12275,12274],"product_tag":[],"class_list":{"0":"post-702110","1":"product","2":"type-product","3":"status-publish","5":"product_cat-6-12-yas-kitaplari","6":"product_cat-cocuk-ve-genclik-kitaplari","7":"pa_cilt-ciltsiz","8":"pa_tur-kitap","9":"pa_yayinevi-can-cocuk-yayinlari","10":"pa_yazar-mina-tansel","12":"first","13":"instock","14":"sale","15":"shipping-taxable","16":"purchasable","17":"product-type-simple"},"_links":{"self":[{"href":"https:\/\/roveyayinevi.com.tr\/index.php\/wp-json\/wp\/v2\/product\/702110","targetHints":{"allow":["GET"]}}],"collection":[{"href":"https:\/\/roveyayinevi.com.tr\/index.php\/wp-json\/wp\/v2\/product"}],"about":[{"href":"https:\/\/roveyayinevi.com.tr\/index.php\/wp-json\/wp\/v2\/types\/product"}],"wp:attachment":[{"href":"https:\/\/roveyayinevi.com.tr\/index.php\/wp-json\/wp\/v2\/media?parent=702110"}],"wp:term":[{"taxonomy":"product_brand","embeddable":true,"href":"https:\/\/roveyayinevi.com.tr\/index.php\/wp-json\/wp\/v2\/product_brand?post=702110"},{"taxonomy":"product_cat","embeddable":true,"href":"https:\/\/roveyayinevi.com.tr\/index.php\/wp-json\/wp\/v2\/product_cat?post=702110"},{"taxonomy":"product_tag","embeddable":true,"href":"https:\/\/roveyayinevi.com.tr\/index.php\/wp-json\/wp\/v2\/product_tag?post=702110"}],"curies":[{"name":"wp","href":"https:\/\/api.w.org\/{rel}","templated":true}]}}