{"id":702109,"date":"2025-08-27T15:13:59","date_gmt":"2025-08-27T12:13:59","guid":{"rendered":"https:\/\/roveyayinevi.com.tr\/index.php\/urun\/modern-siyasal-dusuncenin-temelleri-birinci-cilt-ronesans\/"},"modified":"2026-04-16T02:11:22","modified_gmt":"2026-04-15T23:11:22","slug":"modern-siyasal-dusuncenin-temelleri-birinci-cilt-ronesans","status":"publish","type":"product","link":"https:\/\/roveyayinevi.com.tr\/index.php\/urun\/modern-siyasal-dusuncenin-temelleri-birinci-cilt-ronesans\/","title":{"rendered":"Modern Siyasal D\u00fc\u015f\u00fcncenin Temelleri Birinci Cilt: R\u00f6nesans"},"content":{"rendered":"<p>D\u00fc\u015f\u00fcnce tarihi \u00e7al\u0131\u015fmalar\u0131n\u0131n bir klasi\u011fi daha T\u00fcrk\u00e7ede. Quentin Skinner&#8217;\u0131n ilk kez 1978 y\u0131l\u0131nda yay\u0131mlanan iki ciltlik ara\u015ft\u0131rmas\u0131, onu Bat\u0131 siyaset d\u00fc\u015f\u00fcncesinin en \u00f6nemli tarih\u00e7ilerinden biri haline getirmi\u015fti. \u0130ngiliz tarih\u00e7i, Modern Siyasal D\u00fc\u015f\u00fcncenin Temellerini&#8217;nin birinci cildinde Orta\u00e7a\u011f&#8217;dan R\u00f6nesans&#8217;a ge\u00e7i\u015fte Avrupa&#8217;da k\u0131yas\u0131ya m\u00fccadele i\u00e7indeki siyasal ideolojileri ele al\u0131yor. \u0130talyan Cumhuriyetlerinin, Kutsal Roma \u0130mparatorlu\u011fu&#8217;nun, Papal\u0131\u011f\u0131n ve hen\u00fcz yeni yeni geli\u015fmekte olan b\u00f6lgesel krall\u0131klar\u0131n egemenlik sava\u015f\u0131nda siyaset d\u00fc\u015f\u00fcncesini nas\u0131l i\u015fe ko\u015ftuklar\u0131n\u0131 ve bi\u00e7imlendirdiklerini anlat\u0131yor. Quentin Skinner&#8217;\u0131n \u00e7al\u0131\u015fmas\u0131n\u0131 siyaset d\u00fc\u015f\u00fcncesinin tarihini ele alan geleneksel \u00e7al\u0131\u015fmalardan ay\u0131ran \u00f6zg\u00fcn bir taraf var. Yazar Dante, Marsilyus, Erasmus ve Machiavelli gibi d\u00f6nemin en \u00f6nemli d\u00fc\u015f\u00fcn\u00fcrlerini ele al\u0131rken, onlar\u0131 bulunduklar\u0131 \u00e7a\u011f\u0131n yaz\u0131nsal ortam\u0131na yerle\u015ftiriyor. B\u00f6ylece okura yaln\u0131zca klasik metinleri de\u011fil, bu metinlerin kendi \u00e7a\u011flar\u0131n\u0131n daha kenarda kalm\u0131\u015f d\u00fc\u015f\u00fcn\u00fcrleri ve eserleriyle nas\u0131l s\u00f6yle\u015fti\u011fini g\u00f6rme imkan\u0131 veriyor. <\/p>\n","protected":false},"excerpt":{"rendered":"<p>D\u00fc\u015f\u00fcnce tarihi \u00e7al\u0131\u015fmalar\u0131n\u0131n bir klasi\u011fi daha T\u00fcrk\u00e7ede. Quentin Skinner&#8217;\u0131n ilk kez 1978 y\u0131l\u0131nda yay\u0131mlanan iki ciltlik ara\u015ft\u0131rmas\u0131, onu Bat\u0131 siyaset d\u00fc\u015f\u00fcncesinin en \u00f6nemli tarih\u00e7ilerinden biri haline<span class=\"excerpt-hellip\"> [\u2026]<\/span><\/p>\n","protected":false},"featured_media":0,"template":"","meta":{"_monsterinsights_skip_tracking":false,"_monsterinsights_sitenote_active":false,"_monsterinsights_sitenote_note":"","_monsterinsights_sitenote_category":0},"product_brand":[],"product_cat":[12370,12304],"product_tag":[],"class_list":{"0":"post-702109","1":"product","2":"type-product","3":"status-publish","5":"product_cat-arastirma-inceleme","6":"product_cat-tarih","7":"pa_tur-kitap","8":"pa_yayinevi-phoenix-yayinevi","9":"pa_yazar-quentin-skinner","11":"first","12":"instock","13":"sale","14":"shipping-taxable","15":"purchasable","16":"product-type-simple"},"_links":{"self":[{"href":"https:\/\/roveyayinevi.com.tr\/index.php\/wp-json\/wp\/v2\/product\/702109","targetHints":{"allow":["GET"]}}],"collection":[{"href":"https:\/\/roveyayinevi.com.tr\/index.php\/wp-json\/wp\/v2\/product"}],"about":[{"href":"https:\/\/roveyayinevi.com.tr\/index.php\/wp-json\/wp\/v2\/types\/product"}],"wp:attachment":[{"href":"https:\/\/roveyayinevi.com.tr\/index.php\/wp-json\/wp\/v2\/media?parent=702109"}],"wp:term":[{"taxonomy":"product_brand","embeddable":true,"href":"https:\/\/roveyayinevi.com.tr\/index.php\/wp-json\/wp\/v2\/product_brand?post=702109"},{"taxonomy":"product_cat","embeddable":true,"href":"https:\/\/roveyayinevi.com.tr\/index.php\/wp-json\/wp\/v2\/product_cat?post=702109"},{"taxonomy":"product_tag","embeddable":true,"href":"https:\/\/roveyayinevi.com.tr\/index.php\/wp-json\/wp\/v2\/product_tag?post=702109"}],"curies":[{"name":"wp","href":"https:\/\/api.w.org\/{rel}","templated":true}]}}