{"id":702108,"date":"2025-08-27T15:13:59","date_gmt":"2025-08-27T12:13:59","guid":{"rendered":"https:\/\/roveyayinevi.com.tr\/index.php\/urun\/sosyolojide-temel-kavramlar\/"},"modified":"2026-04-16T02:11:22","modified_gmt":"2026-04-15T23:11:22","slug":"sosyolojide-temel-kavramlar","status":"publish","type":"product","link":"https:\/\/roveyayinevi.com.tr\/index.php\/urun\/sosyolojide-temel-kavramlar\/","title":{"rendered":"Sosyolojide Temel Kavramlar"},"content":{"rendered":"<p>G\u00fcn\u00fcm\u00fcz sosyolojisi; kuramsal bak\u0131mdan olduk\u00e7a \u00e7e\u015fitlidir, \u00e7ok geni\u015f bir konu aral\u0131\u011f\u0131n\u0131 kapsar ve toplumlar\u0131 analiz etmek i\u00e7in geni\u015f bir yelpazedeki ara\u015ft\u0131rma y\u00f6ntemlerini kullan\u0131r. Sosyolojinin bu \u00f6zelli\u011fi, i\u00e7inde ya\u015fad\u0131\u011f\u0131m\u0131z giderek daha fazla k\u00fcreselle\u015fen sosyal d\u00fcnyay\u0131 anlama ve a\u00e7\u0131klama giri\u015fimlerimizin ka\u00e7\u0131n\u0131lmaz bir sonucudur ve bilindik kavramlar\u0131m\u0131z\u0131n yeniden de\u011ferlendirilmesinin ve yeni kavramlar olu\u015fturulmas\u0131n\u0131n zorunlu oldu\u011fu anlam\u0131na gelir.Baz\u0131 sosyolojik kavramlar uzun s\u00fcredir kullan\u0131lmaktad\u0131r ve ge\u00e7en zaman i\u00e7inde kavramsal dayanaklar olarak kalmay\u0131 ba\u015farm\u0131\u015flard\u0131r. \u00d6rne\u011fin, s\u0131n\u0131f, stat\u00fc, b\u00fcrokrasi, kapitalizm, cinsiyet, yoksulluk, aile ve g\u00fc\u00e7 gibi kavramlar, sosyolojinin temel kavramlar\u0131 olmay\u0131 h\u00e2l\u00e2 s\u00fcrd\u00fcrmektedir. K\u00fcreselle\u015fme, risk, d\u00fc\u015f\u00fcn\u00fcmsel-lik, \u00e7evre, kesi\u015fimsellik, ya\u015fam seyri, t\u00fcketimcilik, ahlaki panik, onar\u0131c\u0131 adalet ve sosyal \u00f6z\u00fcrl\u00fcl\u00fck modeli gibi kavramlar ise, daha yak\u0131n zamanlarda geli\u015ftirilmi\u015ftir. Bu kavramlar art\u0131k, son y\u0131llardaki muazzam de\u011fi\u015fimleri temsil eden kavramsal s\u00f6zl\u00fc\u011f\u00fcn par\u00e7alar\u0131d\u0131r. B\u00fct\u00fcn bunlar asl\u0131nda, g\u00fcn\u00fcm\u00fczde disiplinin genel bi\u00e7imini kavraman\u0131n \u00e7ok daha zor oldu\u011fu anlam\u0131na gelmektedir. Kitap, yakla\u015f\u0131k y\u00fcz elli y\u0131ld\u0131r sosyolojideki belirli geli\u015fmeleri tan\u0131mlay\u0131c\u0131 fig\u00fcrler olarak i\u015flev g\u00f6ren baz\u0131 temel kavramlar\u0131 tan\u0131tarak, bu zorlu\u011fu a\u015fma \u00e7abalar\u0131na katk\u0131 sunmaktad\u0131r.Sosyolojide Temel Kavramlar, sosyolojinin temel kavramlar\u0131n\u0131 anlamak isteyen herkesin yararlanabilece\u011fi ba\u011f\u0131ms\u0131z bir metindir. Konu ba\u015fl\u0131klar\u0131 on ana tema alt\u0131nda verilmi\u015ftir. Temalar \u00f6zellikle konu alanlar\u0131nda ba\u015fl\u0131klar\u0131 daha \u00e7abuk ve kolay bulmak i\u00e7in h\u0131zl\u0131 bir ba\u015fvuru k\u0131lavuzu olarak d\u00fc\u015f\u00fcn\u00fclebilir. Konu ba\u015fl\u0131klar\u0131 alt\u0131ndaki anlat\u0131mlar, tipik bir &#8216;temel kavramlar&#8217; kitab\u0131na g\u00f6re normalden daha uzundur. Zira amac\u0131m\u0131z, cevaplad\u0131klar\u0131ndan daha fazla soruyu akla getiren k\u0131sa tan\u0131mlarla yetinmek de\u011fil, \u00e7ok daha fazlas\u0131n\u0131 sunmakt\u0131r. Bu \u00e7er\u00e7evede tarihsel ve kuramsal ba\u011flam i\u00e7inde \u015fekillenen kavramlardan her birinin, kullan\u0131mda olan temel anlamlar\u0131n\u0131n a\u00e7\u0131kland\u0131\u011f\u0131, baz\u0131 ele\u015ftirel de\u011ferlendirmelerinin yap\u0131ld\u0131\u011f\u0131 ve b\u00f6ylelikle okuyuculara kuramla\u015ft\u0131rma ve ara\u015ft\u0131rman\u0131n \u00e7a\u011fc\u0131l bi\u00e7imlerinin kendilerinin yorumlayabilecekleri \u015fekilde g\u00f6sterildi\u011fi geni\u015fletilmi\u015f bir tart\u0131\u015fma zemini olu\u015fturulmu\u015ftur. Anthony Giddens-Philip W. Sutton<\/p>\n","protected":false},"excerpt":{"rendered":"<p>G\u00fcn\u00fcm\u00fcz sosyolojisi; kuramsal bak\u0131mdan olduk\u00e7a \u00e7e\u015fitlidir, \u00e7ok geni\u015f bir konu aral\u0131\u011f\u0131n\u0131 kapsar ve toplumlar\u0131 analiz etmek i\u00e7in geni\u015f bir yelpazedeki ara\u015ft\u0131rma y\u00f6ntemlerini kullan\u0131r. Sosyolojinin bu \u00f6zelli\u011fi,<span class=\"excerpt-hellip\"> [\u2026]<\/span><\/p>\n","protected":false},"featured_media":0,"template":"","meta":{"_monsterinsights_skip_tracking":false,"_monsterinsights_sitenote_active":false,"_monsterinsights_sitenote_note":"","_monsterinsights_sitenote_category":0},"product_brand":[],"product_cat":[12312,12304],"product_tag":[],"class_list":{"0":"post-702108","1":"product","2":"type-product","3":"status-publish","5":"product_cat-diger","6":"product_cat-tarih","7":"pa_cilt-ciltsiz","8":"pa_tur-kitap","9":"pa_yayinevi-phoenix-yayinevi","10":"pa_yazar-anthony-giddens-philip-w-sutton","12":"first","13":"instock","14":"sale","15":"shipping-taxable","16":"purchasable","17":"product-type-simple"},"_links":{"self":[{"href":"https:\/\/roveyayinevi.com.tr\/index.php\/wp-json\/wp\/v2\/product\/702108","targetHints":{"allow":["GET"]}}],"collection":[{"href":"https:\/\/roveyayinevi.com.tr\/index.php\/wp-json\/wp\/v2\/product"}],"about":[{"href":"https:\/\/roveyayinevi.com.tr\/index.php\/wp-json\/wp\/v2\/types\/product"}],"wp:attachment":[{"href":"https:\/\/roveyayinevi.com.tr\/index.php\/wp-json\/wp\/v2\/media?parent=702108"}],"wp:term":[{"taxonomy":"product_brand","embeddable":true,"href":"https:\/\/roveyayinevi.com.tr\/index.php\/wp-json\/wp\/v2\/product_brand?post=702108"},{"taxonomy":"product_cat","embeddable":true,"href":"https:\/\/roveyayinevi.com.tr\/index.php\/wp-json\/wp\/v2\/product_cat?post=702108"},{"taxonomy":"product_tag","embeddable":true,"href":"https:\/\/roveyayinevi.com.tr\/index.php\/wp-json\/wp\/v2\/product_tag?post=702108"}],"curies":[{"name":"wp","href":"https:\/\/api.w.org\/{rel}","templated":true}]}}