{"id":702104,"date":"2025-08-27T15:13:57","date_gmt":"2025-08-27T12:13:57","guid":{"rendered":"https:\/\/roveyayinevi.com.tr\/index.php\/urun\/mezopotamya-uclemesi-mahmud-ile-yezida-taziye-geyikler-lanetler\/"},"modified":"2026-04-16T02:11:22","modified_gmt":"2026-04-15T23:11:22","slug":"mezopotamya-uclemesi-mahmud-ile-yezida-taziye-geyikler-lanetler","status":"publish","type":"product","link":"https:\/\/roveyayinevi.com.tr\/index.php\/urun\/mezopotamya-uclemesi-mahmud-ile-yezida-taziye-geyikler-lanetler\/","title":{"rendered":"Mezopotamya \u00dc\u00e7lemesi: Mahmud ile Yezida &#8211; Taziye &#8211; Geyikler Lanetler"},"content":{"rendered":"<p>Mahmud ile Yezida (1980) Taziye (1982) ve Geyikler Lanetler (1992) ilk yay\u0131mlan\u0131\u015flar\u0131ndan bug\u00fcne yurti\u00e7i ve yurtd\u0131\u015f\u0131nda pek \u00e7ok amat\u00f6r ve profesyonel tiyatro gruplar\u0131 taraf\u0131ndan sahnelendi. Oyunun da edebi bir t\u00fcr olarak geni\u015f bir okura sahip oldu\u011funu kan\u0131tlayan bu kitaplar\u0131 topluca el alt\u0131nda bulundurmak isteyenler i\u00e7in bu \u00f6zel tek cilt bas\u0131m\u0131 haz\u0131rlad\u0131k. \ufffcTan\u0131t\u0131m Metni<\/p>\n","protected":false},"excerpt":{"rendered":"<p>Mahmud ile Yezida (1980) Taziye (1982) ve Geyikler Lanetler (1992) ilk yay\u0131mlan\u0131\u015flar\u0131ndan bug\u00fcne yurti\u00e7i ve yurtd\u0131\u015f\u0131nda pek \u00e7ok amat\u00f6r ve profesyonel tiyatro gruplar\u0131 taraf\u0131ndan sahnelendi. Oyunun<span class=\"excerpt-hellip\"> [\u2026]<\/span><\/p>\n","protected":false},"featured_media":0,"template":"","meta":{"_monsterinsights_skip_tracking":false,"_monsterinsights_sitenote_active":false,"_monsterinsights_sitenote_note":"","_monsterinsights_sitenote_category":0},"product_brand":[],"product_cat":[12291,14272],"product_tag":[],"class_list":{"0":"post-702104","1":"product","2":"type-product","3":"status-publish","5":"product_cat-edebiyat","6":"product_cat-tiyatro","7":"pa_cilt-ciltsiz","8":"pa_tur-kitap","9":"pa_yayinevi-metis-yayinlari","10":"pa_yazar-murathan-mungan","12":"first","13":"instock","14":"sale","15":"shipping-taxable","16":"purchasable","17":"product-type-simple"},"_links":{"self":[{"href":"https:\/\/roveyayinevi.com.tr\/index.php\/wp-json\/wp\/v2\/product\/702104","targetHints":{"allow":["GET"]}}],"collection":[{"href":"https:\/\/roveyayinevi.com.tr\/index.php\/wp-json\/wp\/v2\/product"}],"about":[{"href":"https:\/\/roveyayinevi.com.tr\/index.php\/wp-json\/wp\/v2\/types\/product"}],"wp:attachment":[{"href":"https:\/\/roveyayinevi.com.tr\/index.php\/wp-json\/wp\/v2\/media?parent=702104"}],"wp:term":[{"taxonomy":"product_brand","embeddable":true,"href":"https:\/\/roveyayinevi.com.tr\/index.php\/wp-json\/wp\/v2\/product_brand?post=702104"},{"taxonomy":"product_cat","embeddable":true,"href":"https:\/\/roveyayinevi.com.tr\/index.php\/wp-json\/wp\/v2\/product_cat?post=702104"},{"taxonomy":"product_tag","embeddable":true,"href":"https:\/\/roveyayinevi.com.tr\/index.php\/wp-json\/wp\/v2\/product_tag?post=702104"}],"curies":[{"name":"wp","href":"https:\/\/api.w.org\/{rel}","templated":true}]}}