{"id":702100,"date":"2025-08-27T15:13:56","date_gmt":"2025-08-27T12:13:56","guid":{"rendered":"https:\/\/roveyayinevi.com.tr\/index.php\/urun\/psy-q\/"},"modified":"2026-04-16T02:11:22","modified_gmt":"2026-04-15T23:11:22","slug":"psy-q","status":"publish","type":"product","link":"https:\/\/roveyayinevi.com.tr\/index.php\/urun\/psy-q\/","title":{"rendered":"PSY-Q"},"content":{"rendered":"<p>Zekay\u0131 simgeleyen \u0131q&#8217;yu duydunuz. Peki ya psy-q, psikolojik zekan\u0131z? Sahiden, kendiniz hakk\u0131ndaki ger\u00e7e\u011fin ne kadar\u0131n\u0131 biliyorsunuz? E\u015f se\u00e7iminden &#8220;bir dilim daha yesek mi?&#8221; gibi nispeten basit kararlara; komplo teorilerine yatk\u0131nl\u0131\u011f\u0131m\u0131zdan tuvalet ka\u011f\u0131d\u0131 rulosunu hangi y\u00f6nde takt\u0131\u011f\u0131m\u0131za kadar t\u00fcm duygu, d\u00fc\u015f\u00fcnce ve davran\u0131\u015flar\u0131m\u0131z g\u00f6zlem alt\u0131nda. Ara\u015ft\u0131rmac\u0131lar insan psikolojisini anlamak i\u00e7in her g\u00fcn birbirinden yarat\u0131c\u0131 deneyler, testler geli\u015ftiriyor. Sadece bu ara\u015ft\u0131rmalar\u0131n hazm\u0131 zor sonu\u00e7lar\u0131n\u0131 payla\u015fmak bile bir kitab\u0131 ilgin\u00e7 k\u0131lmaya yetecekken, Ben Ambridge bir ad\u0131m \u00f6teye gidiyor ve bu testleri kendi \u00fcst\u00fcm\u00fczde deneyebilmemizi sa\u011fl\u0131yor. \u00dcnl\u00fc ara\u015ft\u0131rmalar\u0131n sonu\u00e7lar\u0131n\u0131 interaktif testler, ak\u0131l oyunlar\u0131 ve ill\u00fczyonlar e\u015fli\u011finde sunarak, psikolojik zek\u00e2m\u0131z\u0131 test etme ve &#8220;psikolojik r\u00fctbemizi&#8221; \u00f6\u011frenme \u015fans\u0131 sunuyor. PSY-Q &#8220;ev tipi&#8221; bir psikoloji laboratuvar\u0131. Sizi \u015fa\u015f\u0131rtacak, sinirlendirecek ve e\u011flendirecek. Daha da \u00f6nemlisi, sizi sizle tan\u0131\u015ft\u0131racak. <\/p>\n","protected":false},"excerpt":{"rendered":"<p>Zekay\u0131 simgeleyen \u0131q&#8217;yu duydunuz. Peki ya psy-q, psikolojik zekan\u0131z? Sahiden, kendiniz hakk\u0131ndaki ger\u00e7e\u011fin ne kadar\u0131n\u0131 biliyorsunuz? E\u015f se\u00e7iminden &#8220;bir dilim daha yesek mi?&#8221; gibi nispeten basit<span class=\"excerpt-hellip\"> [\u2026]<\/span><\/p>\n","protected":false},"featured_media":0,"template":"","meta":{"_monsterinsights_skip_tracking":false,"_monsterinsights_sitenote_active":false,"_monsterinsights_sitenote_note":"","_monsterinsights_sitenote_category":0},"product_brand":[],"product_cat":[12358,12357],"product_tag":[],"class_list":{"0":"post-702100","1":"product","2":"type-product","3":"status-publish","5":"product_cat-genel-psikoloji","6":"product_cat-psikoloji","7":"pa_cilt-ciltsiz","8":"pa_tur-kitap","9":"pa_yayinevi-domingo-yayinevi","10":"pa_yazar-ben-ambridge","12":"first","13":"instock","14":"sale","15":"shipping-taxable","16":"purchasable","17":"product-type-simple"},"_links":{"self":[{"href":"https:\/\/roveyayinevi.com.tr\/index.php\/wp-json\/wp\/v2\/product\/702100","targetHints":{"allow":["GET"]}}],"collection":[{"href":"https:\/\/roveyayinevi.com.tr\/index.php\/wp-json\/wp\/v2\/product"}],"about":[{"href":"https:\/\/roveyayinevi.com.tr\/index.php\/wp-json\/wp\/v2\/types\/product"}],"wp:attachment":[{"href":"https:\/\/roveyayinevi.com.tr\/index.php\/wp-json\/wp\/v2\/media?parent=702100"}],"wp:term":[{"taxonomy":"product_brand","embeddable":true,"href":"https:\/\/roveyayinevi.com.tr\/index.php\/wp-json\/wp\/v2\/product_brand?post=702100"},{"taxonomy":"product_cat","embeddable":true,"href":"https:\/\/roveyayinevi.com.tr\/index.php\/wp-json\/wp\/v2\/product_cat?post=702100"},{"taxonomy":"product_tag","embeddable":true,"href":"https:\/\/roveyayinevi.com.tr\/index.php\/wp-json\/wp\/v2\/product_tag?post=702100"}],"curies":[{"name":"wp","href":"https:\/\/api.w.org\/{rel}","templated":true}]}}