{"id":702099,"date":"2025-08-27T15:13:56","date_gmt":"2025-08-27T12:13:56","guid":{"rendered":"https:\/\/roveyayinevi.com.tr\/index.php\/urun\/kinimiz-dinimizdir\/"},"modified":"2026-04-16T02:11:22","modified_gmt":"2026-04-15T23:11:22","slug":"kinimiz-dinimizdir","status":"publish","type":"product","link":"https:\/\/roveyayinevi.com.tr\/index.php\/urun\/kinimiz-dinimizdir\/","title":{"rendered":"Kinimiz Dinimizdir"},"content":{"rendered":"<p>\u00c7al\u0131\u015fmalar\u0131n\u0131 T\u00fcrk sa\u011f\u0131n\u0131n ideolojik ve \u00f6rg\u00fctsel k\u00f6kenleri \u00fczerine yo\u011funla\u015ft\u0131ran Fatih Ya\u015fl\u0131, bu kitab\u0131nda, T\u00fcrkiye\u2019nin tarihi pek bilinmeyen bir siyasi ak\u0131m\u0131n\u0131 ayr\u0131nt\u0131l\u0131 bir \u015fekilde ele al\u0131yor. T\u00fcrk\u00e7\u00fc fa\u015fist ideolojinin yeterince irdelenmemi\u015f metinleri aras\u0131nda tarihi bir yolculu\u011fa \u00e7\u0131kan Ya\u015fl\u0131, bir yandan bu ideolojinin k\u00f6kenlerini, ona \u00f6zg\u00fcll\u00fck katan unsurlar\u0131n\u0131 ve farkl\u0131 ve\u00e7helerini ortaya koyarken, di\u011fer yandan nas\u0131l \u00f6rg\u00fctl\u00fc bir siyasal harekete d\u00f6n\u00fc\u015ft\u00fc\u011f\u00fc ve Mhp\u2019ye neler devretti\u011fi \u00fczerinde duruyor. Ya\u015fl\u0131\u2019n\u0131n T\u00fcrkiye\u2019de \u201dfa\u015fizmin imkanlar\u0131\u201dn\u0131 sorgulad\u0131\u011f\u0131 son b\u00f6l\u00fcm ise, T\u00fcrk\u00e7\u00fc fa\u015fizmin ge\u00e7mi\u015fte kalm\u0131\u015f \u00f6l\u00fc bir ideoloji olmaktan ziyade, ya\u015fayan ve kendisini her konjonkt\u00fcrde yenileyebilen bir niteli\u011fe sahip oldu\u011funun alt\u0131n\u0131 \u00e7iziyor. \ufffcTan\u0131t\u0131m Metni<\/p>\n","protected":false},"excerpt":{"rendered":"<p>\u00c7al\u0131\u015fmalar\u0131n\u0131 T\u00fcrk sa\u011f\u0131n\u0131n ideolojik ve \u00f6rg\u00fctsel k\u00f6kenleri \u00fczerine yo\u011funla\u015ft\u0131ran Fatih Ya\u015fl\u0131, bu kitab\u0131nda, T\u00fcrkiye\u2019nin tarihi pek bilinmeyen bir siyasi ak\u0131m\u0131n\u0131 ayr\u0131nt\u0131l\u0131 bir \u015fekilde ele al\u0131yor. T\u00fcrk\u00e7\u00fc<span class=\"excerpt-hellip\"> [\u2026]<\/span><\/p>\n","protected":false},"featured_media":0,"template":"","meta":{"_monsterinsights_skip_tracking":false,"_monsterinsights_sitenote_active":false,"_monsterinsights_sitenote_note":"","_monsterinsights_sitenote_category":0},"product_brand":[],"product_cat":[12364],"product_tag":[],"class_list":{"0":"post-702099","1":"product","2":"type-product","3":"status-publish","5":"product_cat-genel-konular","6":"pa_cilt-ciltsiz","7":"pa_tur-kitap","8":"pa_yayinevi-yordam-kitap","9":"pa_yazar-fatih-yasli","11":"first","12":"instock","13":"sale","14":"shipping-taxable","15":"purchasable","16":"product-type-simple"},"_links":{"self":[{"href":"https:\/\/roveyayinevi.com.tr\/index.php\/wp-json\/wp\/v2\/product\/702099","targetHints":{"allow":["GET"]}}],"collection":[{"href":"https:\/\/roveyayinevi.com.tr\/index.php\/wp-json\/wp\/v2\/product"}],"about":[{"href":"https:\/\/roveyayinevi.com.tr\/index.php\/wp-json\/wp\/v2\/types\/product"}],"wp:attachment":[{"href":"https:\/\/roveyayinevi.com.tr\/index.php\/wp-json\/wp\/v2\/media?parent=702099"}],"wp:term":[{"taxonomy":"product_brand","embeddable":true,"href":"https:\/\/roveyayinevi.com.tr\/index.php\/wp-json\/wp\/v2\/product_brand?post=702099"},{"taxonomy":"product_cat","embeddable":true,"href":"https:\/\/roveyayinevi.com.tr\/index.php\/wp-json\/wp\/v2\/product_cat?post=702099"},{"taxonomy":"product_tag","embeddable":true,"href":"https:\/\/roveyayinevi.com.tr\/index.php\/wp-json\/wp\/v2\/product_tag?post=702099"}],"curies":[{"name":"wp","href":"https:\/\/api.w.org\/{rel}","templated":true}]}}