{"id":702097,"date":"2025-08-27T15:13:55","date_gmt":"2025-08-27T12:13:55","guid":{"rendered":"https:\/\/roveyayinevi.com.tr\/index.php\/urun\/hz-muhammedin-vahyi-alisi\/"},"modified":"2026-04-16T02:11:22","modified_gmt":"2026-04-15T23:11:22","slug":"hz-muhammedin-vahyi-alisi","status":"publish","type":"product","link":"https:\/\/roveyayinevi.com.tr\/index.php\/urun\/hz-muhammedin-vahyi-alisi\/","title":{"rendered":"Hz. Muhammed&#8217;in Vahyi Al\u0131\u015f\u0131"},"content":{"rendered":"<p>Ey Peygamber! Biz seni bir \u015fahit, bir m\u00fcjdeleyici, bir uyar\u0131c\u0131; Allah&#8217;\u0131n izniyle kendi yoluna \u00e7a\u011f\u0131ran bir davet\u00e7i ve ayd\u0131nlat\u0131c\u0131 bir kandil alarak g\u00f6nderdik. \ufffcTan\u0131t\u0131m Metni<\/p>\n","protected":false},"excerpt":{"rendered":"<p>Ey Peygamber! Biz seni bir \u015fahit, bir m\u00fcjdeleyici, bir uyar\u0131c\u0131; Allah&#8217;\u0131n izniyle kendi yoluna \u00e7a\u011f\u0131ran bir davet\u00e7i ve ayd\u0131nlat\u0131c\u0131 bir kandil alarak g\u00f6nderdik. \ufffcTan\u0131t\u0131m Metni<\/p>\n","protected":false},"featured_media":0,"template":"","meta":{"_monsterinsights_skip_tracking":false,"_monsterinsights_sitenote_active":false,"_monsterinsights_sitenote_note":"","_monsterinsights_sitenote_category":0},"product_brand":[],"product_cat":[13036,12718,12719],"product_tag":[],"class_list":{"0":"post-702097","1":"product","2":"type-product","3":"status-publish","5":"product_cat-arastirma-inceleme-islam","6":"product_cat-din","7":"product_cat-islam","8":"pa_cilt-ciltsiz","9":"pa_tur-kitap","10":"pa_yayinevi-sinir-otesi-yayinlari","11":"pa_yazar-ergun-candan","13":"first","14":"instock","15":"sale","16":"shipping-taxable","17":"purchasable","18":"product-type-simple"},"_links":{"self":[{"href":"https:\/\/roveyayinevi.com.tr\/index.php\/wp-json\/wp\/v2\/product\/702097","targetHints":{"allow":["GET"]}}],"collection":[{"href":"https:\/\/roveyayinevi.com.tr\/index.php\/wp-json\/wp\/v2\/product"}],"about":[{"href":"https:\/\/roveyayinevi.com.tr\/index.php\/wp-json\/wp\/v2\/types\/product"}],"wp:attachment":[{"href":"https:\/\/roveyayinevi.com.tr\/index.php\/wp-json\/wp\/v2\/media?parent=702097"}],"wp:term":[{"taxonomy":"product_brand","embeddable":true,"href":"https:\/\/roveyayinevi.com.tr\/index.php\/wp-json\/wp\/v2\/product_brand?post=702097"},{"taxonomy":"product_cat","embeddable":true,"href":"https:\/\/roveyayinevi.com.tr\/index.php\/wp-json\/wp\/v2\/product_cat?post=702097"},{"taxonomy":"product_tag","embeddable":true,"href":"https:\/\/roveyayinevi.com.tr\/index.php\/wp-json\/wp\/v2\/product_tag?post=702097"}],"curies":[{"name":"wp","href":"https:\/\/api.w.org\/{rel}","templated":true}]}}