{"id":702096,"date":"2025-08-27T15:13:55","date_gmt":"2025-08-27T12:13:55","guid":{"rendered":"https:\/\/roveyayinevi.com.tr\/index.php\/urun\/bozkurt-ataturk-turkun-bilge-basbugu\/"},"modified":"2026-04-16T02:11:22","modified_gmt":"2026-04-15T23:11:22","slug":"bozkurt-ataturk-turkun-bilge-basbugu","status":"publish","type":"product","link":"https:\/\/roveyayinevi.com.tr\/index.php\/urun\/bozkurt-ataturk-turkun-bilge-basbugu\/","title":{"rendered":"Bozkurt Atat\u00fcrk &#8211; T\u00fcrk&#8217;\u00fcn Bilge Ba\u015fbu\u011fu"},"content":{"rendered":"<p>Kitab\u0131n ba\u015fl\u0131\u011f\u0131 al\u0131\u015f\u0131lm\u0131\u015f ba\u015fl\u0131klar\u0131n d\u0131\u015f\u0131nda. Atat\u00fcrk\u2019le ilgili b\u00f6yle bir ba\u015fl\u0131k \u00f6nce yad\u0131rgan\u0131yor. Halbuki bozkurt bir sembol. Nas\u0131l Frans\u0131zlar\u0131n sembol\u00fc horoz, Ruslar\u0131n sembol\u00fc ay\u0131 ise, T\u00fcrklerin sembol\u00fc de bozkurttur. Ama ideolojik \u00f6nyarg\u0131lardan uzak Atat\u00fcrk\u2019\u00fcn \u00f6nemini anlayabilmek i\u00e7in her \u015feyden \u00f6nce onun hayat\u0131n\u0131 incelemek, neler yapt\u0131\u011f\u0131n\u0131, neleri hangi d\u00fc\u015f\u00fcnce i\u00e7erisinde ger\u00e7ekle\u015ftirdi\u011fini iyi analiz etmek gerekir.Atat\u00fcrk, T\u00fcrk milliyet\u00e7ili\u011fini ve T\u00fcrkl\u00fc\u011f\u00fc son derece \u00f6nemsemi\u015f ve T\u00fcrk tarihinde \u00f6nemli bir yere sahip olan \u201cbozkurt\u201d motifini de hayat\u0131nda hep \u00f6ne \u00e7\u0131karmaya \u00e7al\u0131\u015fm\u0131\u015ft\u0131r.TBMM\u2019de, daha Cumhuriyet ilan edilmeden, 1922\u2019de bozkurtlu pul \u00e7\u0131karm\u0131\u015f takip eden y\u0131llarda da farkl\u0131 bozkurtlu pullar piyasaya s\u00fcr\u00fclm\u00fc\u015ft\u00fcr. Maarif Vek\u00e2leti (Milli E\u011fitim Bakanl\u0131\u011f\u0131), Atat\u00fcrk\u2019\u00fcn direktifiyle T\u00fcrkiye Cumhuriyeti\u2019nin devlet armas\u0131n\u0131 se\u00e7mek i\u00e7in 1925\u2019te bir yar\u0131\u015fma a\u00e7m\u0131\u015f, yar\u0131\u015fmay\u0131 Nam\u0131k \u0130smail\u2019in \u201cbozkurt\u201d fig\u00fcrl\u00fc eseri kazanm\u0131\u015ft\u0131r. Yine Atat\u00fcrk\u2019\u00fcn iste\u011fiyle 1935 y\u0131l\u0131nda Bozkurt markal\u0131 bir sigara \u00e7\u0131kar\u0131lm\u0131\u015ft\u0131. Kahramanmara\u015f\u2019ta, 1936 y\u0131l\u0131nda, Atat\u00fcrk\u2019\u00fcn emriyle \u201cBayrak Tutan Bozkurt An\u0131t\u0131\u201d yap\u0131lm\u0131\u015ft\u0131r. Atat\u00fcrk bozkurtu T\u00fcrk\u2019\u00fcn sembol\u00fc olarak benimsemi\u015fti. O kadar benimsemi\u015fti ki \u00e7al\u0131\u015fma masas\u0131nda, \u00e7a\u011f\u0131rma zili olarak bozkurt motifi kullan\u0131yordu.\u0130\u015fte bu kitap, 1919 y\u0131l\u0131nda esir edilmek istenen kutlu budununu hapsoldu\u011fu da\u011f\u0131n ard\u0131ndan yeniden \u00e7\u0131kartan bir BOZKURT gibi, kendi deyimi ile milleti muas\u0131r medeniyetler seviyesine y\u00fckseltmek i\u00e7in b\u00fcy\u00fck bir m\u00fccadele veren T\u00dcRK\u2019\u00dcN B\u0130LGE BA\u015eBU\u011eU Mustafa Kemal Atat\u00fcrk\u2019\u00fcn bu b\u00fcy\u00fck m\u00fccadelesini okura sunma amac\u0131n\u0131 g\u00fctmektedir. <\/p>\n","protected":false},"excerpt":{"rendered":"<p>Kitab\u0131n ba\u015fl\u0131\u011f\u0131 al\u0131\u015f\u0131lm\u0131\u015f ba\u015fl\u0131klar\u0131n d\u0131\u015f\u0131nda. Atat\u00fcrk\u2019le ilgili b\u00f6yle bir ba\u015fl\u0131k \u00f6nce yad\u0131rgan\u0131yor. Halbuki bozkurt bir sembol. Nas\u0131l Frans\u0131zlar\u0131n sembol\u00fc horoz, Ruslar\u0131n sembol\u00fc ay\u0131 ise, T\u00fcrklerin sembol\u00fc<span class=\"excerpt-hellip\"> [\u2026]<\/span><\/p>\n","protected":false},"featured_media":0,"template":"","meta":{"_monsterinsights_skip_tracking":false,"_monsterinsights_sitenote_active":false,"_monsterinsights_sitenote_note":"","_monsterinsights_sitenote_category":0},"product_brand":[],"product_cat":[12530,12304],"product_tag":[],"class_list":{"0":"post-702096","1":"product","2":"type-product","3":"status-publish","5":"product_cat-mustafa-kemal-ataturk","6":"product_cat-tarih","7":"pa_cilt-ciltsiz","8":"pa_tur-kitap","9":"pa_yayinevi-kripto-basim-yayin","10":"pa_yazar-bora-iyiat","12":"first","13":"instock","14":"sale","15":"shipping-taxable","16":"purchasable","17":"product-type-simple"},"_links":{"self":[{"href":"https:\/\/roveyayinevi.com.tr\/index.php\/wp-json\/wp\/v2\/product\/702096","targetHints":{"allow":["GET"]}}],"collection":[{"href":"https:\/\/roveyayinevi.com.tr\/index.php\/wp-json\/wp\/v2\/product"}],"about":[{"href":"https:\/\/roveyayinevi.com.tr\/index.php\/wp-json\/wp\/v2\/types\/product"}],"wp:attachment":[{"href":"https:\/\/roveyayinevi.com.tr\/index.php\/wp-json\/wp\/v2\/media?parent=702096"}],"wp:term":[{"taxonomy":"product_brand","embeddable":true,"href":"https:\/\/roveyayinevi.com.tr\/index.php\/wp-json\/wp\/v2\/product_brand?post=702096"},{"taxonomy":"product_cat","embeddable":true,"href":"https:\/\/roveyayinevi.com.tr\/index.php\/wp-json\/wp\/v2\/product_cat?post=702096"},{"taxonomy":"product_tag","embeddable":true,"href":"https:\/\/roveyayinevi.com.tr\/index.php\/wp-json\/wp\/v2\/product_tag?post=702096"}],"curies":[{"name":"wp","href":"https:\/\/api.w.org\/{rel}","templated":true}]}}