{"id":702092,"date":"2025-08-27T15:13:53","date_gmt":"2025-08-27T12:13:53","guid":{"rendered":"https:\/\/roveyayinevi.com.tr\/index.php\/urun\/iletisimin-abcsi\/"},"modified":"2026-04-16T02:11:22","modified_gmt":"2026-04-15T23:11:22","slug":"iletisimin-abcsi","status":"publish","type":"product","link":"https:\/\/roveyayinevi.com.tr\/index.php\/urun\/iletisimin-abcsi\/","title":{"rendered":"\u0130leti\u015fimin ABC\u2019si"},"content":{"rendered":"<p>G\u00fcn\u00fcm\u00fczde g\u00f6rebildi\u011fimiz, izleyebildi\u011fimiz, \u00f6\u011frenebildi\u011fimiz hayat\u0131n ger\u00e7ek y\u00fcz\u00fc de\u011fil de, onun sistem a\u00e7\u0131s\u0131ndan yap\u0131lm\u0131\u015f kurgusal bir replikas\u0131 ise, sokaklar\u0131m\u0131zdaki binalar\u0131n duvarlar\u0131ndan tutun da, odalar\u0131m\u0131za dek her yan\u0131m\u0131z\u0131 dolduran iletiler ger\u00e7ek bir ileti\u015fimden \u00e7ok bir g\u00fcr\u00fclt\u00fcn\u00fcn serpintileri ise, ya\u015fad\u0131\u011f\u0131m\u0131z, kabullendi\u011fimiz bug\u00fcnk\u00fc hayat tarz\u0131m\u0131z\u0131 yeniden de\u011ferlendirmemiz gerekir.\u201d \ufffcTan\u0131t\u0131m Metni<\/p>\n","protected":false},"excerpt":{"rendered":"<p>G\u00fcn\u00fcm\u00fczde g\u00f6rebildi\u011fimiz, izleyebildi\u011fimiz, \u00f6\u011frenebildi\u011fimiz hayat\u0131n ger\u00e7ek y\u00fcz\u00fc de\u011fil de, onun sistem a\u00e7\u0131s\u0131ndan yap\u0131lm\u0131\u015f kurgusal bir replikas\u0131 ise, sokaklar\u0131m\u0131zdaki binalar\u0131n duvarlar\u0131ndan tutun da, odalar\u0131m\u0131za dek her yan\u0131m\u0131z\u0131<span class=\"excerpt-hellip\"> [\u2026]<\/span><\/p>\n","protected":false},"featured_media":0,"template":"","meta":{"_monsterinsights_skip_tracking":false,"_monsterinsights_sitenote_active":false,"_monsterinsights_sitenote_note":"","_monsterinsights_sitenote_category":0},"product_brand":[],"product_cat":[15983,13488],"product_tag":[],"class_list":{"0":"post-702092","1":"product","2":"type-product","3":"status-publish","5":"product_cat-iletisim-ve-medya","6":"product_cat-toplum-ve-insan","7":"pa_cilt-ciltsiz","8":"pa_tur-kitap","9":"pa_yayinevi-inkilap-kitabevi","10":"pa_yazar-unsal-oskay","12":"first","13":"instock","14":"sale","15":"shipping-taxable","16":"purchasable","17":"product-type-simple"},"_links":{"self":[{"href":"https:\/\/roveyayinevi.com.tr\/index.php\/wp-json\/wp\/v2\/product\/702092","targetHints":{"allow":["GET"]}}],"collection":[{"href":"https:\/\/roveyayinevi.com.tr\/index.php\/wp-json\/wp\/v2\/product"}],"about":[{"href":"https:\/\/roveyayinevi.com.tr\/index.php\/wp-json\/wp\/v2\/types\/product"}],"wp:attachment":[{"href":"https:\/\/roveyayinevi.com.tr\/index.php\/wp-json\/wp\/v2\/media?parent=702092"}],"wp:term":[{"taxonomy":"product_brand","embeddable":true,"href":"https:\/\/roveyayinevi.com.tr\/index.php\/wp-json\/wp\/v2\/product_brand?post=702092"},{"taxonomy":"product_cat","embeddable":true,"href":"https:\/\/roveyayinevi.com.tr\/index.php\/wp-json\/wp\/v2\/product_cat?post=702092"},{"taxonomy":"product_tag","embeddable":true,"href":"https:\/\/roveyayinevi.com.tr\/index.php\/wp-json\/wp\/v2\/product_tag?post=702092"}],"curies":[{"name":"wp","href":"https:\/\/api.w.org\/{rel}","templated":true}]}}