{"id":702090,"date":"2025-08-27T15:13:53","date_gmt":"2025-08-27T12:13:53","guid":{"rendered":"https:\/\/roveyayinevi.com.tr\/index.php\/urun\/bir-seftali-bin-seftali-8\/"},"modified":"2026-04-16T02:11:22","modified_gmt":"2026-04-15T23:11:22","slug":"bir-seftali-bin-seftali-8","status":"publish","type":"product","link":"https:\/\/roveyayinevi.com.tr\/index.php\/urun\/bir-seftali-bin-seftali-8\/","title":{"rendered":"Bir \u015eeftali Bin \u015eeftali"},"content":{"rendered":"<p>D\u00fcnyaca \u00fcne sahip K\u00fc\u00e7\u00fck Kara Bal\u0131k&#8217;\u0131n yazar\u0131 Samed Behrengi&#8217;nin Bir \u015eeftali Bin \u015eeftali adl\u0131 bu kitab\u0131n\u0131, yazar\u0131n hem\u015ferisi, uzman eczac\u0131-dilbilimci Anooshirvan Miandji Fars\u00e7a orijinal bask\u0131s\u0131ndan dilimize \u00e7evirdi; Z\u00fclal \u00d6zt\u00fcrk resimledi.<\/p>\n","protected":false},"excerpt":{"rendered":"<p>D\u00fcnyaca \u00fcne sahip K\u00fc\u00e7\u00fck Kara Bal\u0131k&#8217;\u0131n yazar\u0131 Samed Behrengi&#8217;nin Bir \u015eeftali Bin \u015eeftali adl\u0131 bu kitab\u0131n\u0131, yazar\u0131n hem\u015ferisi, uzman eczac\u0131-dilbilimci Anooshirvan Miandji Fars\u00e7a orijinal bask\u0131s\u0131ndan dilimize<span class=\"excerpt-hellip\"> [\u2026]<\/span><\/p>\n","protected":false},"featured_media":0,"template":"","meta":{"_monsterinsights_skip_tracking":false,"_monsterinsights_sitenote_active":false,"_monsterinsights_sitenote_note":"","_monsterinsights_sitenote_category":0},"product_brand":[],"product_cat":[12274,12467],"product_tag":[],"class_list":{"0":"post-702090","1":"product","2":"type-product","3":"status-publish","5":"product_cat-cocuk-ve-genclik-kitaplari","6":"product_cat-dunya-klasikleri","7":"pa_cilt-ciltsiz","8":"pa_tur-kitap","9":"pa_yayinevi-bilgi-yayinevi-cocuk","10":"pa_yazar-samed-behrengi","12":"first","13":"instock","14":"sale","15":"shipping-taxable","16":"purchasable","17":"product-type-simple"},"_links":{"self":[{"href":"https:\/\/roveyayinevi.com.tr\/index.php\/wp-json\/wp\/v2\/product\/702090","targetHints":{"allow":["GET"]}}],"collection":[{"href":"https:\/\/roveyayinevi.com.tr\/index.php\/wp-json\/wp\/v2\/product"}],"about":[{"href":"https:\/\/roveyayinevi.com.tr\/index.php\/wp-json\/wp\/v2\/types\/product"}],"wp:attachment":[{"href":"https:\/\/roveyayinevi.com.tr\/index.php\/wp-json\/wp\/v2\/media?parent=702090"}],"wp:term":[{"taxonomy":"product_brand","embeddable":true,"href":"https:\/\/roveyayinevi.com.tr\/index.php\/wp-json\/wp\/v2\/product_brand?post=702090"},{"taxonomy":"product_cat","embeddable":true,"href":"https:\/\/roveyayinevi.com.tr\/index.php\/wp-json\/wp\/v2\/product_cat?post=702090"},{"taxonomy":"product_tag","embeddable":true,"href":"https:\/\/roveyayinevi.com.tr\/index.php\/wp-json\/wp\/v2\/product_tag?post=702090"}],"curies":[{"name":"wp","href":"https:\/\/api.w.org\/{rel}","templated":true}]}}