{"id":702089,"date":"2025-08-27T15:13:52","date_gmt":"2025-08-27T12:13:52","guid":{"rendered":"https:\/\/roveyayinevi.com.tr\/index.php\/urun\/teonun-gece-korkusu-kitabi\/"},"modified":"2026-04-16T02:11:22","modified_gmt":"2026-04-15T23:11:22","slug":"teonun-gece-korkusu-kitabi","status":"publish","type":"product","link":"https:\/\/roveyayinevi.com.tr\/index.php\/urun\/teonun-gece-korkusu-kitabi\/","title":{"rendered":"Teo\u2019nun Gece Korkusu Kitab\u0131"},"content":{"rendered":"<p>Madalyon Psikiyatri Merkezi taraf\u0131ndan onaylanan, uzman psikologlar\u0131n \u00e7ocuk yeti\u015ftiren herkese \u00f6nerdi\u011fi benzersiz bir dizi&#8230;Ya\u011fmur Artukma\u00e7 ve Psikolog Rabia \u00dcnsald\u0131 K\u00f6le&#8217;nin yaz\u0131p Nurbanu Asena&#8217;n\u0131n resimledi\u011fi Teo&#8217;nun Gece Korkusu Kitab\u0131 \u00e7ocuklar\u0131n\u0131z\u0131n gece korkular\u0131yla ba\u015f edebilmeniz i\u00e7in haz\u0131rlanm\u0131\u015f hazine de\u011ferinde bir eser. \u00c7ocuklar\u0131n\u0131zla birlikte okuman\u0131z i\u00e7in haz\u0131rlanm\u0131\u015f ve reng\u00e2renk resimlerle bezenmi\u015f bu hik\u00e2ye kitab\u0131, \u00e7ocuklar\u0131n\u0131z\u0131n bu korkulardan kurtulmas\u0131n\u0131 hedefliyor.Verdi\u011fi taktikler ve pratik \u00f6neriler sayesinde ebeveynlerin elinden d\u00fc\u015fmeyecek bir eser.<\/p>\n","protected":false},"excerpt":{"rendered":"<p>Madalyon Psikiyatri Merkezi taraf\u0131ndan onaylanan, uzman psikologlar\u0131n \u00e7ocuk yeti\u015ftiren herkese \u00f6nerdi\u011fi benzersiz bir dizi&#8230;Ya\u011fmur Artukma\u00e7 ve Psikolog Rabia \u00dcnsald\u0131 K\u00f6le&#8217;nin yaz\u0131p Nurbanu Asena&#8217;n\u0131n resimledi\u011fi Teo&#8217;nun Gece<span class=\"excerpt-hellip\"> [\u2026]<\/span><\/p>\n","protected":false},"featured_media":0,"template":"","meta":{"_monsterinsights_skip_tracking":false,"_monsterinsights_sitenote_active":false,"_monsterinsights_sitenote_note":"","_monsterinsights_sitenote_category":0},"product_brand":[],"product_cat":[12913,12274],"product_tag":[],"class_list":{"0":"post-702089","1":"product","2":"type-product","3":"status-publish","5":"product_cat-3-6-yas-kitaplari","6":"product_cat-cocuk-ve-genclik-kitaplari","7":"pa_cilt-ciltsiz","8":"pa_tur-kitap","9":"pa_yayinevi-bilgi-yayinevi-cocuk","10":"pa_yazar-yagmur-artukmac","12":"first","13":"instock","14":"sale","15":"shipping-taxable","16":"purchasable","17":"product-type-simple"},"_links":{"self":[{"href":"https:\/\/roveyayinevi.com.tr\/index.php\/wp-json\/wp\/v2\/product\/702089","targetHints":{"allow":["GET"]}}],"collection":[{"href":"https:\/\/roveyayinevi.com.tr\/index.php\/wp-json\/wp\/v2\/product"}],"about":[{"href":"https:\/\/roveyayinevi.com.tr\/index.php\/wp-json\/wp\/v2\/types\/product"}],"wp:attachment":[{"href":"https:\/\/roveyayinevi.com.tr\/index.php\/wp-json\/wp\/v2\/media?parent=702089"}],"wp:term":[{"taxonomy":"product_brand","embeddable":true,"href":"https:\/\/roveyayinevi.com.tr\/index.php\/wp-json\/wp\/v2\/product_brand?post=702089"},{"taxonomy":"product_cat","embeddable":true,"href":"https:\/\/roveyayinevi.com.tr\/index.php\/wp-json\/wp\/v2\/product_cat?post=702089"},{"taxonomy":"product_tag","embeddable":true,"href":"https:\/\/roveyayinevi.com.tr\/index.php\/wp-json\/wp\/v2\/product_tag?post=702089"}],"curies":[{"name":"wp","href":"https:\/\/api.w.org\/{rel}","templated":true}]}}