{"id":702084,"date":"2025-08-27T15:13:50","date_gmt":"2025-08-27T12:13:50","guid":{"rendered":"https:\/\/roveyayinevi.com.tr\/index.php\/urun\/arap-harfli-alfabetik-osmanli-turkcesi-sozlugu-buyuk-boy\/"},"modified":"2026-04-16T02:11:21","modified_gmt":"2026-04-15T23:11:21","slug":"arap-harfli-alfabetik-osmanli-turkcesi-sozlugu-buyuk-boy","status":"publish","type":"product","link":"https:\/\/roveyayinevi.com.tr\/index.php\/urun\/arap-harfli-alfabetik-osmanli-turkcesi-sozlugu-buyuk-boy\/","title":{"rendered":"Arap Harfli Alfabetik Osmanl\u0131 T\u00fcrk\u00e7esi S\u00f6zl\u00fc\u011f\u00fc B\u00fcy\u00fck Boy"},"content":{"rendered":"<p>Arap Harfli Alfabetik Osmanl\u0131 T\u00fcrk\u00e7esi S\u00f6zl\u00fc\u011f\u00fc B\u00fcy\u00fck Boy <\/p>\n","protected":false},"excerpt":{"rendered":"<p>Arap Harfli Alfabetik Osmanl\u0131 T\u00fcrk\u00e7esi S\u00f6zl\u00fc\u011f\u00fc B\u00fcy\u00fck Boy<\/p>\n","protected":false},"featured_media":0,"template":"","meta":{"_monsterinsights_skip_tracking":false,"_monsterinsights_sitenote_active":false,"_monsterinsights_sitenote_note":"","_monsterinsights_sitenote_category":0},"product_brand":[],"product_cat":[12274,14573],"product_tag":[],"class_list":{"0":"post-702084","1":"product","2":"type-product","3":"status-publish","5":"product_cat-cocuk-ve-genclik-kitaplari","6":"product_cat-referans-kitaplar-cocuk-ve-genclik-kitaplari","7":"pa_cilt-ciltli","8":"pa_tur-kitap","9":"pa_yayinevi-say-yayinlari","10":"pa_yazar-mehmet-kanar","12":"first","13":"instock","14":"sale","15":"shipping-taxable","16":"purchasable","17":"product-type-simple"},"_links":{"self":[{"href":"https:\/\/roveyayinevi.com.tr\/index.php\/wp-json\/wp\/v2\/product\/702084","targetHints":{"allow":["GET"]}}],"collection":[{"href":"https:\/\/roveyayinevi.com.tr\/index.php\/wp-json\/wp\/v2\/product"}],"about":[{"href":"https:\/\/roveyayinevi.com.tr\/index.php\/wp-json\/wp\/v2\/types\/product"}],"wp:attachment":[{"href":"https:\/\/roveyayinevi.com.tr\/index.php\/wp-json\/wp\/v2\/media?parent=702084"}],"wp:term":[{"taxonomy":"product_brand","embeddable":true,"href":"https:\/\/roveyayinevi.com.tr\/index.php\/wp-json\/wp\/v2\/product_brand?post=702084"},{"taxonomy":"product_cat","embeddable":true,"href":"https:\/\/roveyayinevi.com.tr\/index.php\/wp-json\/wp\/v2\/product_cat?post=702084"},{"taxonomy":"product_tag","embeddable":true,"href":"https:\/\/roveyayinevi.com.tr\/index.php\/wp-json\/wp\/v2\/product_tag?post=702084"}],"curies":[{"name":"wp","href":"https:\/\/api.w.org\/{rel}","templated":true}]}}